{"id":22790,"date":"2024-06-04T15:06:07","date_gmt":"2024-06-04T13:06:07","guid":{"rendered":"https:\/\/accessormix.com\/glissamix-unsichtbare-selbstklebende-gleiter\/"},"modified":"2025-01-23T23:20:00","modified_gmt":"2025-01-23T22:20:00","slug":"glissamix-unsichtbare-selbstklebende-gleiter","status":"publish","type":"product","link":"https:\/\/accessormix.com\/de\/glissamix-unsichtbare-selbstklebende-gleiter\/","title":{"rendered":"Glissamix &#8211; Unsichtbare selbstklebende Gleiter"},"content":{"rendered":"<h2>Leichtes Abrutschen<\/h2>\n<p>Gleiten Sie Ihren Thermomix sicher, ohne empfindliche Oberfl\u00e4chen zu zerkratzen.<br \/>\nMit den unsichtbaren, selbstklebenden Glissamix-Gleitern l\u00e4sst sich Ihr Ger\u00e4t m\u00fchelos bewegen.<\/p>\n<ul>\n<li>Schieben Sie Ihren Thermomix m\u00fchelos in die K\u00fcche.<\/li>\n<li>Bewahren Sie die Empfindlichkeit der Waage Ihres Thermomixes mit einer hochwertigen Oberfl\u00e4che.<\/li>\n<li>Speziell entworfen f\u00fcr eine perfekte Anpassung an die Modelle TM5 und TM6 ohne Vibrationen oder hervorstehende Kanten.<\/li>\n<\/ul>\n<h2>Perfekte Unsichtbarkeit<\/h2>\n<p>Die fast unsichtbaren Schieber des Glissamix sorgen daf\u00fcr, dass Sie Ihren Thermomix diskret \u00fcber alle Oberfl\u00e4chen in der K\u00fcche bewegen k\u00f6nnen.<br \/>\nSie m\u00fcssen Ihr Ger\u00e4t nicht mehr vorsichtig anheben.<\/p>\n<h3>3 Gr\u00fcnde, unser Produkt zu kaufen:<\/h3>\n<p>&#8211; M\u00fcheloses Gleiten &#8211; Schutz der Waage &#8211; Perfekte Kompatibilit\u00e4t<\/p>\n<p>&nbsp;<\/p>\n<h2><img decoding=\"async\" class=\"aligncenter\" src=\"https:\/\/cdn.shopify.com\/s\/files\/1\/0654\/3343\/6419\/files\/il_794xN.4248873103_b9o5_480x480.webp?v=1699042471\" alt=\"\" \/><\/h2>\n<h2><\/h2>\n<h2>Installation ohne Werkzeuge<\/h2>\n<p>Einfach zu montieren, befestigen Sie einfach die selbstklebenden Gleiter auf der R\u00fcckseite Ihres Thermomix und genie\u00dfen Sie die Vorteile einer erh\u00f6hten Mobilit\u00e4t.<br \/>\nKeine Einschr\u00e4nkungen, nur eine einfache und schnelle Installation.<\/p>\n<h2>Schutz der Waage<\/h2>\n<p>Mit den Mixcover-Schiebereglern vermeiden Sie Ausrutscher auf der Waage Ihres Thermomix.<br \/>\nDie hochwertige Oberfl\u00e4che erm\u00f6glicht ein fl\u00fcssiges Gleiten, wodurch die Genauigkeit der Waage erhalten bleibt.<\/p>\n<p>&nbsp;<\/p>\n<p><img decoding=\"async\" class=\"aligncenter\" src=\"https:\/\/cdn.shopify.com\/s\/files\/1\/0654\/3343\/6419\/files\/bouchon_480x480.png?v=1699042810\" alt=\"\" \/><\/p>\n<h2><\/h2>\n<h2>Entwickelt f\u00fcr Ihren Thermomix<\/h2>\n<p>Die Mixcover-Slider wurden speziell f\u00fcr die Modelle TM5 und TM6 entwickelt.<br \/>\nPerfekter Sitz ohne Wackeln oder scharfe Kanten f\u00fcr optimale Bewegungsfreiheit.<\/p>\n<p>&nbsp;<\/p>\n<p><img decoding=\"async\" class=\"aligncenter\" src=\"https:\/\/cdn.shopify.com\/s\/files\/1\/0654\/3343\/6419\/files\/618EqeIa6uL._AC_SX679_480x480.jpg?v=1699042874\" alt=\"\" \/><\/p>\n<h2><\/h2>\n<h2>Mobilit\u00e4t ohne Einschr\u00e4nkungen<\/h2>\n<p>Genie\u00dfen Sie die totale Bewegungsfreiheit f\u00fcr Ihren Thermomix.<br \/>\nMit Glissamix vereinfachen Sie Ihre Aufgaben, indem Sie Ihr Ger\u00e4t sicher und bequem auf jeder Oberfl\u00e4che bewegen.<\/p>\n<p>Wenn Sie nach weiterem <a href=\"https:\/\/accessormix.com\/de\/thermomix-zubehor\/\">Thermomix-Zubeh\u00f6r<\/a> suchen, sei es zum Verschenken oder f\u00fcr sich selbst, dann schauen Sie sich hier um<span class=\"Apple-converted-space\"><a href=\"https:\/\/accessormix.com\/de\/handlmix-saugnapfgriff-fuer-thermomix\/\"> Handlmix<\/a>.<\/span><\/p>\n<p>&nbsp;<\/p>\n<p><img decoding=\"async\" class=\"aligncenter\" style=\"display: block; margin-left: auto; margin-right: auto;\" src=\"https:\/\/cdn.shopify.com\/s\/files\/1\/0654\/3343\/6419\/files\/61h6ws2EQwL._AC_SX679_480x480.jpg?v=1699042944\" alt=\"\" \/><\/p>\n<div class=\"group w-full text-gray-800 dark:text-gray-100 border-b border-black\/10 dark:border-gray-900\/50 bg-gray-50 dark:bg-[#444654]\">\n<div class=\"flex p-4 gap-4 text-base md:gap-6 md:max-w-2xl lg:max-w-[38rem] xl:max-w-3xl md:py-6 lg:px-0 m-auto\">\n<div class=\"relative flex w-[calc(100%-50px)] flex-col gap-1 md:gap-3 lg:w-[calc(100%-115px)]\">\n<div class=\"flex flex-grow flex-col gap-3\">\n<div class=\"flex flex-col items-start gap-4 whitespace-pre-wrap break-words\">\n<p>&nbsp;<\/p>\n<h4 style=\"text-align: center;\"><b>Kompatibel mit den Modellen: Thermomix: TM5, TM6 und TM31<\/b><\/h4>\n<p style=\"text-align: center;\">\u2705<b> Mit Accessormix, GARANTIE ODER GELD-ZUR\u00dcCK, Sie haben 14 Tage Zeit, um es zur\u00fcckzusenden.<\/b><\/p>\n<\/div>\n<\/div>\n<\/div>\n<\/div>\n<\/div>\n","protected":false},"excerpt":{"rendered":"<p>Glissamix &#8211; Die unsichtbaren, selbstklebenden Schieber f\u00fcr den Thermomix.<br \/>\nVerwandeln Sie Ihr Kocherlebnis mit Glissamix, den unsichtbaren Schiebern, die Ihren Thermomix sch\u00fctzen und gleichzeitig eine au\u00dfergew\u00f6hnliche Handhabung bieten.<\/p>\n","protected":false},"featured_media":21028,"comment_status":"open","ping_status":"closed","template":"","meta":[],"product_brand":[],"product_cat":[220,219,221,212,214,215,211],"product_tag":[],"class_list":{"0":"post-22790","1":"product","2":"type-product","3":"status-publish","4":"has-post-thumbnail","6":"product_cat-thermomix-einfacher-im-alltag","7":"product_cat-thermomix-schiebebretter","8":"product_cat-thermomix-schutz","9":"product_cat-thermomix-zubehoer-tm31","10":"product_cat-thermomix-zubehoer-tm5","11":"product_cat-thermomix-zubehoer-tm6","12":"product_cat-thermomix-zubehor","14":"first","15":"instock","16":"shipping-taxable","17":"purchasable","18":"product-type-simple"},"_links":{"self":[{"href":"https:\/\/accessormix.com\/de\/wp-json\/wp\/v2\/product\/22790","targetHints":{"allow":["GET"]}}],"collection":[{"href":"https:\/\/accessormix.com\/de\/wp-json\/wp\/v2\/product"}],"about":[{"href":"https:\/\/accessormix.com\/de\/wp-json\/wp\/v2\/types\/product"}],"replies":[{"embeddable":true,"href":"https:\/\/accessormix.com\/de\/wp-json\/wp\/v2\/comments?post=22790"}],"version-history":[{"count":0,"href":"https:\/\/accessormix.com\/de\/wp-json\/wp\/v2\/product\/22790\/revisions"}],"wp:featuredmedia":[{"embeddable":true,"href":"https:\/\/accessormix.com\/de\/wp-json\/wp\/v2\/media\/21028"}],"wp:attachment":[{"href":"https:\/\/accessormix.com\/de\/wp-json\/wp\/v2\/media?parent=22790"}],"wp:term":[{"taxonomy":"product_brand","embeddable":true,"href":"https:\/\/accessormix.com\/de\/wp-json\/wp\/v2\/product_brand?post=22790"},{"taxonomy":"product_cat","embeddable":true,"href":"https:\/\/accessormix.com\/de\/wp-json\/wp\/v2\/product_cat?post=22790"},{"taxonomy":"product_tag","embeddable":true,"href":"https:\/\/accessormix.com\/de\/wp-json\/wp\/v2\/product_tag?post=22790"}],"curies":[{"name":"wp","href":"https:\/\/api.w.org\/{rel}","templated":true}]}}