{"id":23098,"date":"2024-06-04T14:24:36","date_gmt":"2024-06-04T12:24:36","guid":{"rendered":"https:\/\/accessormix.com\/spatulmix-drehspatel-fuer-thermomix\/"},"modified":"2025-01-23T23:20:49","modified_gmt":"2025-01-23T22:20:49","slug":"spatulmix-drehspatel-fuer-thermomix","status":"publish","type":"product","link":"https:\/\/accessormix.com\/de\/spatulmix-drehspatel-fuer-thermomix\/","title":{"rendered":"Spatulmix &#8211; Drehspatel f\u00fcr Thermomix"},"content":{"rendered":"<h2 class=\"p2\"><b>Der Drehspatel &#8211; Ihr unverzichtbarer Verb\u00fcndeter f\u00fcr eine praktische K\u00fcche ohne Verschwendung<\/b><\/h2>\n<p class=\"p3\">Entdecken Sie den Thermomix Spatel, das Zubeh\u00f6r, das Ihre Kochk\u00fcnste revolutionieren wird.<br \/>\nEr wurde so entworfen, dass er perfekt auf Ihren Roboter passt und verbindet Ergonomie und Leistung f\u00fcr ein unvergleichliches Kocherlebnis.<\/p>\n<p class=\"p3\">Dank seiner Vielseitigkeit k\u00f6nnen Sie mit un\u00fcbertroffener Pr\u00e4zision r\u00fchren, schaben und servieren, wodurch jedes Rezept zu einem kulinarischen Vergn\u00fcgen wird.<\/p>\n<ul style=\"list-style-type: circle;\">\n<li class=\"p3\">Un\u00fcbertroffene Pr\u00e4zision f\u00fcr eine K\u00fcche ohne Verschwendung: Der Spatulmix sammelt bis zum letzten Kr\u00fcmel, so dass Sie Ihre Zubereitungen in vollen Z\u00fcgen genie\u00dfen k\u00f6nnen.<\/li>\n<li class=\"p3\">Optimaler Komfort: Das ergonomische Design erleichtert die Handhabung und macht jeden Gebrauch angenehm und m\u00fchelos.<\/li>\n<li class=\"p3\">Hervorragende Effizienz: Dank seiner hochwertigen Materialien schabt der Spatulmix die Sch\u00fcssel vollst\u00e4ndig aus, so dass Sie sich nicht um die Reinigung k\u00fcmmern m\u00fcssen.<\/li>\n<\/ul>\n<p>&nbsp;<\/p>\n<p><img fetchpriority=\"high\" decoding=\"async\" class=\"wp-image-23085 aligncenter\" title=\"Spatel Thermomix Spatlmix\" src=\"https:\/\/accessormix.com\/wp-content\/uploads\/2024\/06\/spatule-thermomix-spatlmix.gif\" alt=\"Spatel Thermomix Spatlmix\" width=\"700\" height=\"700\" \/><\/p>\n<h3><\/h3>\n<h3 class=\"p2\"><b>Eine Innovation f\u00fcr Ihre Kreativit\u00e4t in der K\u00fcche<\/b><\/h3>\n<p class=\"p3\">Unser Thermomix-Spatel ist aus hochwertigen Materialien gefertigt, h\u00e4lt extremen Temperaturen stand und passt sich Ihren Bed\u00fcrfnissen an.<br \/>\nSein intelligentes Design macht es einfach, in die Ecken der Sch\u00fcssel zu gelangen und sorgt so f\u00fcr gleichm\u00e4\u00dfige Mischungen und perfekte Zubereitungen.<\/p>\n<p class=\"p3\">Optimieren Sie Ihre Thermomix-Erfahrung mit unserem ergonomischen Spatel.<\/p>\n<p class=\"p3\">Perfektes Mixen, einfache Reinigung, kompatibel mit allen Modellen: das wesentliche Zubeh\u00f6r f\u00fcr erfolgreiche kulinarische Kreationen.<\/p>\n<ul class=\"ul1\">\n<li class=\"li3\">Ergonomisches Design f\u00fcr eine komfortable Handhabung<\/li>\n<li class=\"li3\">Temperaturbest\u00e4ndigkeit bis 220\u00b0C<\/li>\n<li class=\"li3\">Kompatibel mit allen Thermomix-Modellen<\/li>\n<li class=\"li3\">Flexibler Rand f\u00fcr optimales Auskratzen der Sch\u00fcssel<\/li>\n<li class=\"li3\">BPA-freies Material in Lebensmittelqualit\u00e4t<\/li>\n<\/ul>\n<p>&nbsp;<\/p>\n<p><img decoding=\"async\" class=\"wp-image-23075 aligncenter\" title=\"Thermomix Drehspatel\" src=\"https:\/\/accessormix.com\/wp-content\/uploads\/2024\/06\/spatule-tournante-thermomix.png\" alt=\"Thermomix Drehspatel\" width=\"700\" height=\"700\" srcset=\"https:\/\/accessormix.com\/wp-content\/uploads\/2024\/06\/spatule-tournante-thermomix.png 800w, https:\/\/accessormix.com\/wp-content\/uploads\/2024\/06\/spatule-tournante-thermomix-300x300.png 300w, https:\/\/accessormix.com\/wp-content\/uploads\/2024\/06\/spatule-tournante-thermomix-150x150.png 150w, https:\/\/accessormix.com\/wp-content\/uploads\/2024\/06\/spatule-tournante-thermomix-768x768.png 768w, https:\/\/accessormix.com\/wp-content\/uploads\/2024\/06\/spatule-tournante-thermomix-430x430.png 430w, https:\/\/accessormix.com\/wp-content\/uploads\/2024\/06\/spatule-tournante-thermomix-700x700.png 700w\" sizes=\"(max-width: 700px) 100vw, 700px\" \/><\/p>\n<p>&nbsp;<\/p>\n<p class=\"p3\">1. Erleichtern Sie sich das Auffangen von Lebensmitteln mit dem patentierten Spatulmix-Spatel f\u00fcr eine perfekte Mischung.<\/p>\n<p class=\"p3\">2. Entnehmen Sie die Lebensmittel einfach mit dem praktischen Design des Spatulmix-Spatels.<\/p>\n<p class=\"p3\">3. Vereinfachen Sie die Portionierung von Lebensmitteln f\u00fcr eine optimale Organisation Ihrer Zubereitung.<\/p>\n<p class=\"p3\">4. Profitieren Sie von lebensmittelechtem Material mit dem Spatulmix-Spatel f\u00fcr eine sichere und gesunde K\u00fcche.<\/p>\n<p class=\"p3\">5. Entscheiden Sie sich f\u00fcr deutsche Qualit\u00e4t mit dem Spatulmix-Spatel, der in Deutschland f\u00fcr un\u00fcbertroffene Zuverl\u00e4ssigkeit hergestellt wird.<\/p>\n<p>&nbsp;<\/p>\n<h2 class=\"p2\"><b>Einfache R\u00fcckgewinnung der Zutaten bis zum letzten Tropfen<\/b><\/h2>\n<p class=\"p3\">Spatulmix vereinfacht das Auffangen von Zubereitungen in Ihrem Thermomix, indem er den Boden des Mixbeh\u00e4lters effektiv abkratzt und so die Verschwendung reduziert.<\/p>\n<p>&nbsp;<\/p>\n<p><img decoding=\"async\" class=\"wp-image-23060 aligncenter\" title=\"G\u00fcnstiger Thermomix-Spatel\" src=\"https:\/\/accessormix.com\/wp-content\/uploads\/2024\/06\/spatule-thermomix-pas-cher.png\" alt=\"G\u00fcnstiger Thermomix-Spatel\" width=\"700\" height=\"700\" srcset=\"https:\/\/accessormix.com\/wp-content\/uploads\/2024\/06\/spatule-thermomix-pas-cher.png 800w, https:\/\/accessormix.com\/wp-content\/uploads\/2024\/06\/spatule-thermomix-pas-cher-300x300.png 300w, https:\/\/accessormix.com\/wp-content\/uploads\/2024\/06\/spatule-thermomix-pas-cher-150x150.png 150w, https:\/\/accessormix.com\/wp-content\/uploads\/2024\/06\/spatule-thermomix-pas-cher-768x768.png 768w, https:\/\/accessormix.com\/wp-content\/uploads\/2024\/06\/spatule-thermomix-pas-cher-430x430.png 430w, https:\/\/accessormix.com\/wp-content\/uploads\/2024\/06\/spatule-thermomix-pas-cher-700x700.png 700w\" sizes=\"(max-width: 700px) 100vw, 700px\" \/><\/p>\n<h3><\/h3>\n<h3 class=\"p2\"><b>Geeignet f\u00fcr alle Thermomix-Modelle<\/b><\/h3>\n<p class=\"p3\">Dank seines patentierten Designs passt Spatulmix perfekt zwischen die Klingen und die Wand des Mixbeh\u00e4lters, wodurch das vollst\u00e4ndige Auskratzen des Inhalts erleichtert wird.<\/p>\n<p>&nbsp;<\/p>\n<h2 class=\"p2\"><b>Hochwertiges Material f\u00fcr eine lange Lebensdauer <\/b><\/h2>\n<p class=\"p3\">Spatulmix ist aus hartem, glasfaserverst\u00e4rktem Kunststoff hergestellt, hitzebest\u00e4ndig und sp\u00fclmaschinenfest.<br \/>\nEin Ger\u00e4t, das f\u00fcr eine lange Lebensdauer konzipiert wurde.<\/p>\n<p>&nbsp;<\/p>\n<p><img loading=\"lazy\" decoding=\"async\" class=\"aligncenter wp-image-23065\" title=\"Spatel Thermomix tm6\" src=\"https:\/\/accessormix.com\/wp-content\/uploads\/2024\/06\/spatule-thermomix-tm6-1.png\" alt=\"Spatel Thermomix tm6\" width=\"700\" height=\"700\" srcset=\"https:\/\/accessormix.com\/wp-content\/uploads\/2024\/06\/spatule-thermomix-tm6-1.png 800w, https:\/\/accessormix.com\/wp-content\/uploads\/2024\/06\/spatule-thermomix-tm6-1-300x300.png 300w, https:\/\/accessormix.com\/wp-content\/uploads\/2024\/06\/spatule-thermomix-tm6-1-150x150.png 150w, https:\/\/accessormix.com\/wp-content\/uploads\/2024\/06\/spatule-thermomix-tm6-1-768x768.png 768w, https:\/\/accessormix.com\/wp-content\/uploads\/2024\/06\/spatule-thermomix-tm6-1-430x430.png 430w, https:\/\/accessormix.com\/wp-content\/uploads\/2024\/06\/spatule-thermomix-tm6-1-700x700.png 700w\" sizes=\"(max-width: 700px) 100vw, 700px\" \/><\/p>\n<h3><\/h3>\n<h3 class=\"p2\"><b>Stressfreie Vorbereitung durch optimale Ergonomie<\/b><\/h3>\n<p class=\"p3\">Dieses 100% in Deutschland hergestellte, BPA-freie Produkt ist ideal f\u00fcr die Zubereitung von nahrhaften Babynahrung und bietet eine praktische und zuverl\u00e4ssige L\u00f6sung.<\/p>\n<h2 class=\"p2\"><b>Doppelte Effizienz f\u00fcr homogene Mischungen<\/b><\/h2>\n<p class=\"p3\">Der Spatulmix Spatel ist ideal f\u00fcr Thermomix-Besitzer und bietet eine effektive L\u00f6sung, um den Kochprozess zu vereinfachen und die Verwertung von Lebensmitteln zu maximieren.<\/p>\n<p>Wenn Sie nach weiterem <a href=\"https:\/\/accessormix.com\/de\/thermomix-zubehor\/\">Thermomix-Zubeh\u00f6r<\/a> suchen, sei es zum Verschenken oder f\u00fcr sich selbst, dann schauen Sie sich hier um<span class=\"Apple-converted-space\"><a href=\"https:\/\/accessormix.com\/de\/storamix-aufbewahrungshalter-fuer-thermomix\/\"> Storamix<\/a>.<\/span><\/p>\n<p>&nbsp;<\/p>\n<p>&nbsp;<\/p>\n<p><img loading=\"lazy\" decoding=\"async\" class=\"wp-image-23080 aligncenter\" title=\"spatulmix spatel thermomix tm5\" src=\"https:\/\/accessormix.com\/wp-content\/uploads\/2024\/06\/spatulmix-spatule-thermomix-tm5.png\" alt=\"spatulmix spatel thermomix tm5\" width=\"707\" height=\"707\" srcset=\"https:\/\/accessormix.com\/wp-content\/uploads\/2024\/06\/spatulmix-spatule-thermomix-tm5.png 800w, https:\/\/accessormix.com\/wp-content\/uploads\/2024\/06\/spatulmix-spatule-thermomix-tm5-300x300.png 300w, https:\/\/accessormix.com\/wp-content\/uploads\/2024\/06\/spatulmix-spatule-thermomix-tm5-150x150.png 150w, https:\/\/accessormix.com\/wp-content\/uploads\/2024\/06\/spatulmix-spatule-thermomix-tm5-768x768.png 768w, https:\/\/accessormix.com\/wp-content\/uploads\/2024\/06\/spatulmix-spatule-thermomix-tm5-430x430.png 430w, https:\/\/accessormix.com\/wp-content\/uploads\/2024\/06\/spatulmix-spatule-thermomix-tm5-700x700.png 700w\" sizes=\"(max-width: 707px) 100vw, 707px\" \/><\/p>\n<p>&nbsp;<\/p>\n<p class=\"p3\">\ud83d\udcac<em> &#8222;Unverzichtbar in der K\u00fcche, der Spatulmix hat die Art und Weise, wie ich koche, revolutioniert! Ich k\u00f6nnte nicht mehr ohne sie leben.&#8220; &#8211; Marie<\/em><\/p>\n<p class=\"p3\">\ud83d\udcac<em> &#8222;Ein echter Verb\u00fcndeter f\u00fcr eine praktische und abfallfreie K\u00fcche. Ich kann den Spatulmix allen Liebhabern guter K\u00fcche w\u00e4rmstens empfehlen.&#8220; &#8211; Nicolas<\/em><\/p>\n<p>&nbsp;<\/p>\n<h4 class=\"p5\" style=\"text-align: center;\">Kompatibel mit folgenden Modellen: <b>Thermomix: TM5, TM6 und TM31<\/b><\/h4>\n<p class=\"p5\" style=\"text-align: center;\"><span class=\"s2\">\u2705<\/span><b> Mit Accessormix, GARANTIE ODER GELD-ZUR\u00dcCK, haben Sie 14 Tage Zeit, Ihre Meinung zu \u00e4ndern.<\/b><\/p>\n","protected":false},"excerpt":{"rendered":"<p>Der Spatulmix Spatel &#8211; Ihr unentbehrlicher Verb\u00fcndeter f\u00fcr eine praktische und nicht verschwenderische K\u00fcche.<\/p>\n","protected":false},"featured_media":23072,"comment_status":"open","ping_status":"closed","template":"","meta":[],"product_brand":[],"product_cat":[220,213,212,214,215,211,216],"product_tag":[],"class_list":{"0":"post-23098","1":"product","2":"type-product","3":"status-publish","4":"has-post-thumbnail","6":"product_cat-thermomix-einfacher-im-alltag","7":"product_cat-thermomix-zubehor-friend","8":"product_cat-thermomix-zubehoer-tm31","9":"product_cat-thermomix-zubehoer-tm5","10":"product_cat-thermomix-zubehoer-tm6","11":"product_cat-thermomix-zubehor","12":"product_cat-thermomix-zusatzfunktionen","14":"first","15":"instock","16":"featured","17":"shipping-taxable","18":"purchasable","19":"product-type-simple"},"_links":{"self":[{"href":"https:\/\/accessormix.com\/de\/wp-json\/wp\/v2\/product\/23098","targetHints":{"allow":["GET"]}}],"collection":[{"href":"https:\/\/accessormix.com\/de\/wp-json\/wp\/v2\/product"}],"about":[{"href":"https:\/\/accessormix.com\/de\/wp-json\/wp\/v2\/types\/product"}],"replies":[{"embeddable":true,"href":"https:\/\/accessormix.com\/de\/wp-json\/wp\/v2\/comments?post=23098"}],"version-history":[{"count":0,"href":"https:\/\/accessormix.com\/de\/wp-json\/wp\/v2\/product\/23098\/revisions"}],"wp:featuredmedia":[{"embeddable":true,"href":"https:\/\/accessormix.com\/de\/wp-json\/wp\/v2\/media\/23072"}],"wp:attachment":[{"href":"https:\/\/accessormix.com\/de\/wp-json\/wp\/v2\/media?parent=23098"}],"wp:term":[{"taxonomy":"product_brand","embeddable":true,"href":"https:\/\/accessormix.com\/de\/wp-json\/wp\/v2\/product_brand?post=23098"},{"taxonomy":"product_cat","embeddable":true,"href":"https:\/\/accessormix.com\/de\/wp-json\/wp\/v2\/product_cat?post=23098"},{"taxonomy":"product_tag","embeddable":true,"href":"https:\/\/accessormix.com\/de\/wp-json\/wp\/v2\/product_tag?post=23098"}],"curies":[{"name":"wp","href":"https:\/\/api.w.org\/{rel}","templated":true}]}}