{"id":23148,"date":"2024-06-04T14:59:16","date_gmt":"2024-06-04T12:59:16","guid":{"rendered":"https:\/\/accessormix.com\/covermix-silikonschale-fuer-thermomix\/"},"modified":"2025-01-23T23:20:53","modified_gmt":"2025-01-23T22:20:53","slug":"covermix-silikonschale-fuer-thermomix","status":"publish","type":"product","link":"https:\/\/accessormix.com\/de\/covermix-silikonschale-fuer-thermomix\/","title":{"rendered":"Covermix &#8211; Silikonschale f\u00fcr Thermomix"},"content":{"rendered":"<h2 class=\"p1\"><b>Thermomix Silikonschale: Ihr vielseitiger kulinarischer Verb\u00fcndeter<\/b><\/h2>\n<p class=\"p3\">Entdecken Sie unsere innovative Silikonschale, die speziell f\u00fcr Ihren Thermomix entwickelt wurde.<br \/>\nSie eignet sich perfekt zum Dampfgaren, Einfrieren und Aufbewahren und passt perfekt in den Varoma.<br \/>\nSeine Flexibilit\u00e4t und Widerstandsf\u00e4higkeit machen ihn zu einem unverzichtbaren Zubeh\u00f6r f\u00fcr alle Kochbegeisterten.<\/p>\n<p class=\"p3\">Revolutionieren Sie Ihr Thermomix-Erlebnis mit unserer multifunktionalen Silikonschale.<br \/>\nSie ist vielseitig, langlebig und praktisch und wird schnell zu Ihrem Lieblingszubeh\u00f6r in der K\u00fcche werden.<\/p>\n<p>&nbsp;<\/p>\n<p><img decoding=\"async\" class=\"aligncenter\" style=\"display: block; margin-left: auto; margin-right: auto;\" src=\"https:\/\/cdn.shopify.com\/s\/files\/1\/0654\/3343\/6419\/files\/gif_2_0d72ef3c-e994-46b7-9e9e-06ac1cece402_480x480.gif?v=1664622197\" alt=\"\" \/><\/p>\n<h3><\/h3>\n<h3 class=\"p1\"><b>Das ultimative Zubeh\u00f6r, um Ihren Thermomix zu maximieren<\/b><\/h3>\n<p class=\"p2\">Optimieren Sie die Nutzung Ihrer K\u00fcchenmaschine mit unserer Silikonsch\u00fcssel.<br \/>\nDank des intelligenten Designs k\u00f6nnen Sie Ihre Gerichte einfach zubereiten, kochen und aufbewahren.<\/p>\n<ul class=\"ul1\">\n<li class=\"li2\">Kompatibel mit Thermomix TM5, TM6 und TM31<\/li>\n<li class=\"li2\">BPA-freies Silikon in Lebensmittelqualit\u00e4t<\/li>\n<li class=\"li2\">Temperaturbest\u00e4ndig von -40\u00b0C bis +230\u00b0C<\/li>\n<li class=\"li2\">Leicht zu reinigen und sp\u00fclmaschinenfest<\/li>\n<li class=\"li2\">Ideal f\u00fcr Dampfgaren, Einfrieren und Aufbewahren<\/li>\n<li class=\"li2\">Vermeiden Sie l\u00e4stiges Putzen, kochen Sie ohne Backpapier und behalten Sie den Geschmack intakt.<\/li>\n<li class=\"li2\">Hitzebest\u00e4ndig bis 230 Grad, antihaftbeschichtet und lebensmittelecht f\u00fcr perfektes Kochen.<\/li>\n<li class=\"li2\">Passend f\u00fcr die Thermomix-Modelle TM5, TM6 und TM31 f\u00fcr eine optimale Nutzung und abwechslungsreiche Gerichte.<\/li>\n<\/ul>\n<p>&nbsp;<\/p>\n<p><img decoding=\"async\" style=\"display: block; margin-left: auto; margin-right: auto;\" src=\"https:\/\/cdn.shopify.com\/s\/files\/1\/0654\/3343\/6419\/files\/Cuisamix-14_480x480.jpg?v=1703950608\" alt=\"\" \/><\/p>\n<p>&nbsp;<\/p>\n<h2 class=\"p1\"><b>Verbessertes Dampfgaren f\u00fcr gesunde und schmackhafte Gerichte<\/b><\/h2>\n<p class=\"p3\">Bewahren Sie die Unversehrtheit jedes Gerichts ohne R\u00fcckst\u00e4nde.<br \/>\nDie Antihaft-Oberfl\u00e4che garantiert eine perfekte Zubereitung bis zu 230 Grad.<\/p>\n<p>&nbsp;<\/p>\n<p><img decoding=\"async\" style=\"display: block; margin-left: auto; margin-right: auto;\" src=\"https:\/\/cdn.shopify.com\/s\/files\/1\/0654\/3343\/6419\/files\/Cuisamix-13_480x480.jpg?v=1703950908\" alt=\"\" \/><\/p>\n<p>&nbsp;<\/p>\n<h2 class=\"p1\"><b>Grenzenlose Vielseitigkeit: Vom Gefrierschrank bis zum Backofen mit Ihrem Thermomix<\/b><\/h2>\n<p class=\"p3\">Geeignet f\u00fcr TM6, TM5, TM31, diese zertifizierte Silikonschale erleichtert das Kochen von Fisch, Omeletts und vielem mehr.<\/p>\n<p>&nbsp;<\/p>\n<p><img decoding=\"async\" style=\"display: block; margin-left: auto; margin-right: auto;\" src=\"https:\/\/cdn.shopify.com\/s\/files\/1\/0654\/3343\/6419\/files\/Cuisamix-16_480x480.jpg?v=1703950849\" alt=\"\" \/><\/p>\n<p>&nbsp;<\/p>\n<h2 class=\"p1\"><b>Geschmackserhalt: Bewahren Sie die Qualit\u00e4t Ihrer Thermomix-Zubereitungen <\/b><\/h2>\n<p class=\"p2\">Dank des ausgekl\u00fcgelten Designs bleiben die Aromen erhalten und die Fl\u00fcssigkeiten werden zur\u00fcckgehalten, so dass unerw\u00fcnschte Mischungen vermieden werden.<\/p>\n<p>&nbsp;<\/p>\n<p><img decoding=\"async\" style=\"display: block; margin-left: auto; margin-right: auto;\" src=\"https:\/\/cdn.shopify.com\/s\/files\/1\/0654\/3343\/6419\/files\/Cuisamix-12_480x480.jpg?v=1703950648\" alt=\"\" \/><\/p>\n<p>&nbsp;<\/p>\n<h2 class=\"p1\"><b>Einfache Sauberkeit: einfache und schnelle Reinigung Ihres Thermomix Zubeh\u00f6rs<\/b><\/h2>\n<p class=\"p3\">Keine l\u00e4stigen Reinigungsarbeiten mehr.<br \/>\nDiese Sch\u00fcssel verhindert das Anhaften von Lebensmitteln und kann einfach von Hand oder in der Sp\u00fclmaschine gereinigt werden.<\/p>\n<p>Wenn Sie nach weiterem <a href=\"https:\/\/accessormix.com\/de\/thermomix-zubehor\/\">Thermomix-Zubeh\u00f6r<\/a> suchen, sei es zum Verschenken oder f\u00fcr sich selbst, dann schauen Sie sich hier um<span class=\"Apple-converted-space\"><a href=\"https:\/\/accessormix.com\/de\/cuillmix-langer-loeffel-fuer-den-thermomix\/\"> Cuillmix<\/a>.<\/span><\/p>\n<p>&nbsp;<\/p>\n<p><img decoding=\"async\" style=\"display: block; margin-left: auto; margin-right: auto;\" src=\"https:\/\/cdn.shopify.com\/s\/files\/1\/0654\/3343\/6419\/files\/Cuisamix-31_69c319e7-020e-4203-9db2-25097da2c1b2_480x480.jpg?v=1703950879\" alt=\"\" \/><\/p>\n<p>&nbsp;<\/p>\n<p style=\"text-align: center;\">\ud83d\udcac <em>&#8222;Covermix hat meine K\u00fcche revolutioniert, indem es den Geschmack der Lebensmittel bewahrt und das Kochen zu einem wahren Vergn\u00fcgen macht!&#8220; &#8211; Sophie<\/em><\/p>\n<p class=\"p1\" style=\"text-align: center;\">\ud83d\udcac <em>&#8222;Eine unverzichtbare Investition f\u00fcr alle Kochbegeisterten, ich kann nicht mehr darauf verzichten!&#8220; &#8211; Jean<\/em><\/p>\n<p>&nbsp;<\/p>\n<h4 style=\"text-align: center;\">Kompatibel mit folgenden Modellen: <strong>Thermomix: TM5, TM6 und TM31<\/strong><\/h4>\n<p style=\"text-align: center;\"><strong>\u2705 Mit Accessormix, GARANTIE ODER GELD-ZUR\u00dcCK, haben Sie 14 Tage Zeit, Ihre Meinung zu \u00e4ndern.<\/strong><\/p>\n","protected":false},"excerpt":{"rendered":"<p>Verwandeln Sie Ihr Kocherlebnis mit der Thermomix Covermix Silikonsch\u00fcssel &#8211; eine revolution\u00e4re M\u00f6glichkeit, Ihre Gerichte auf ein neues Niveau zu heben und gleichzeitig Ihren Kochprozess zu vereinfachen und zu verbessern.<\/p>\n","protected":false},"featured_media":23137,"comment_status":"open","ping_status":"closed","template":"","meta":[],"product_brand":[],"product_cat":[217,220,213,212,214,215,211,216],"product_tag":[],"class_list":{"0":"post-23148","1":"product","2":"type-product","3":"status-publish","4":"has-post-thumbnail","6":"product_cat-thermomix-dampfgaren","7":"product_cat-thermomix-einfacher-im-alltag","8":"product_cat-thermomix-zubehor-friend","9":"product_cat-thermomix-zubehoer-tm31","10":"product_cat-thermomix-zubehoer-tm5","11":"product_cat-thermomix-zubehoer-tm6","12":"product_cat-thermomix-zubehor","13":"product_cat-thermomix-zusatzfunktionen","15":"first","16":"instock","17":"shipping-taxable","18":"purchasable","19":"product-type-simple"},"_links":{"self":[{"href":"https:\/\/accessormix.com\/de\/wp-json\/wp\/v2\/product\/23148","targetHints":{"allow":["GET"]}}],"collection":[{"href":"https:\/\/accessormix.com\/de\/wp-json\/wp\/v2\/product"}],"about":[{"href":"https:\/\/accessormix.com\/de\/wp-json\/wp\/v2\/types\/product"}],"replies":[{"embeddable":true,"href":"https:\/\/accessormix.com\/de\/wp-json\/wp\/v2\/comments?post=23148"}],"version-history":[{"count":0,"href":"https:\/\/accessormix.com\/de\/wp-json\/wp\/v2\/product\/23148\/revisions"}],"wp:featuredmedia":[{"embeddable":true,"href":"https:\/\/accessormix.com\/de\/wp-json\/wp\/v2\/media\/23137"}],"wp:attachment":[{"href":"https:\/\/accessormix.com\/de\/wp-json\/wp\/v2\/media?parent=23148"}],"wp:term":[{"taxonomy":"product_brand","embeddable":true,"href":"https:\/\/accessormix.com\/de\/wp-json\/wp\/v2\/product_brand?post=23148"},{"taxonomy":"product_cat","embeddable":true,"href":"https:\/\/accessormix.com\/de\/wp-json\/wp\/v2\/product_cat?post=23148"},{"taxonomy":"product_tag","embeddable":true,"href":"https:\/\/accessormix.com\/de\/wp-json\/wp\/v2\/product_tag?post=23148"}],"curies":[{"name":"wp","href":"https:\/\/api.w.org\/{rel}","templated":true}]}}