{"id":24785,"date":"2024-06-04T15:04:17","date_gmt":"2024-06-04T13:04:17","guid":{"rendered":"https:\/\/accessormix.com\/separamix-garguttrenner-fuer-den-thermomix\/"},"modified":"2025-01-24T18:32:58","modified_gmt":"2025-01-24T17:32:58","slug":"separamix-garguttrenner-fuer-den-thermomix","status":"publish","type":"product","link":"https:\/\/accessormix.com\/de\/separamix-garguttrenner-fuer-den-thermomix\/","title":{"rendered":"Separamix &#8211; Garguttrenner f\u00fcr den Thermomix"},"content":{"rendered":"<div style=\"text-align: center;\">\n<h2 class=\"p1\" style=\"text-align: left;\"><b>Innovativer Garguttrenner f\u00fcr den Thermomix: Revolutionieren Sie Ihre Zubereitungen!<\/b><\/h2>\n<p class=\"p3\" style=\"text-align: left;\">Entdecken Sie unseren Thermomix Gartrenner, das unentbehrliche Zubeh\u00f6r, das Ihr Kocherlebnis ver\u00e4ndern wird.<br \/>\nBereiten Sie gleichzeitig verschiedene Gerichte zu, ohne die Aromen zu vermischen, nutzen Sie den Platz in Ihrer Sch\u00fcssel optimal aus und sparen Sie wertvolle Zeit in der K\u00fcche.<br \/>\nEine Innovation, die Praxistauglichkeit und Vielseitigkeit vereint, um im Handumdrehen abwechslungsreiche und ausgewogene Mahlzeiten zuzubereiten!<\/p>\n<p class=\"p3\" style=\"text-align: left;\">Maximieren Sie das Potenzial Ihres Thermomix mit unserem Gartrenner: Kochen Sie mehrfach, sparen Sie Zeit und entdecken Sie neue kulinarische M\u00f6glichkeiten!<\/p>\n<p>&nbsp;<\/p>\n<p><span style=\"color: #38b64d;\"><strong><img decoding=\"async\" src=\"https:\/\/cdn.shopify.com\/s\/files\/1\/0654\/3343\/6419\/files\/129_9097aa85-7ab1-4ca1-8e08-a694cac1006a_480x480.jpg?v=1696063566\" alt=\"\" \/><\/strong><\/span><\/p>\n<\/div>\n<div><\/div>\n<div>\n<h3 class=\"p1\"><b>Der unentbehrliche Partner f\u00fcr kreative K\u00f6che<\/b><\/h3>\n<p class=\"p1\">Lassen Sie Ihrer kulinarischen Kreativit\u00e4t freien Lauf!<br \/>\nMit unserem Gar-Trenner k\u00f6nnen Sie komplette Mahlzeiten auf einmal zubereiten und dabei die unterschiedlichen Aromen der einzelnen Lebensmittel bewahren.<br \/>\nEin Muss f\u00fcr eilige Feinschmecker und moderne Familien.<\/p>\n<ul class=\"ul1\">\n<li class=\"li1\">Hochwertiges hitzebest\u00e4ndiges Material<\/li>\n<li class=\"li1\">Ergonomisches Design f\u00fcr einfaches Einsetzen und Herausnehmen<\/li>\n<li class=\"li1\">Kompatibel mit allen neuen Thermomix-Modellen<\/li>\n<li class=\"li1\">Sp\u00fclmaschinenfest f\u00fcr eine m\u00fchelose Pflege<\/li>\n<li class=\"li1\">Erm\u00f6glicht die gleichzeitige Zubereitung von bis zu 3 verschiedenen Gerichten<\/li>\n<li class=\"li1\">Erstellen Sie gleichzeitig abwechslungsreiche Mahlzeiten<\/li>\n<li class=\"li1\">Bewahren Sie die Authentizit\u00e4t jedes Geschmacks<\/li>\n<li class=\"li1\">Entscheiden Sie sich f\u00fcr gesundes und stressfreies Kochen<\/li>\n<\/ul>\n<\/div>\n<p>&nbsp;<\/p>\n<p><img fetchpriority=\"high\" decoding=\"async\" class=\"aligncenter wp-image-24771\" title=\"Innovativer Garguttrenner f\u00fcr den Thermomix\" src=\"https:\/\/accessormix.com\/wp-content\/uploads\/2024\/06\/Separateur-de-Cuisson-Innovant-pour-Thermomix.jpg\" alt=\"Innovativer Garguttrenner f\u00fcr den Thermomix\" width=\"705\" height=\"705\" srcset=\"https:\/\/accessormix.com\/wp-content\/uploads\/2024\/06\/Separateur-de-Cuisson-Innovant-pour-Thermomix.jpg 1500w, https:\/\/accessormix.com\/wp-content\/uploads\/2024\/06\/Separateur-de-Cuisson-Innovant-pour-Thermomix-300x300.jpg 300w, https:\/\/accessormix.com\/wp-content\/uploads\/2024\/06\/Separateur-de-Cuisson-Innovant-pour-Thermomix-800x800.jpg 800w, https:\/\/accessormix.com\/wp-content\/uploads\/2024\/06\/Separateur-de-Cuisson-Innovant-pour-Thermomix-150x150.jpg 150w, https:\/\/accessormix.com\/wp-content\/uploads\/2024\/06\/Separateur-de-Cuisson-Innovant-pour-Thermomix-768x768.jpg 768w, https:\/\/accessormix.com\/wp-content\/uploads\/2024\/06\/Separateur-de-Cuisson-Innovant-pour-Thermomix-430x430.jpg 430w, https:\/\/accessormix.com\/wp-content\/uploads\/2024\/06\/Separateur-de-Cuisson-Innovant-pour-Thermomix-700x700.jpg 700w\" sizes=\"(max-width: 705px) 100vw, 705px\" \/><\/p>\n<p style=\"text-align: center;\">\n<p>&nbsp;<\/p>\n<p class=\"p1\">1. <b>Mehr Garraum <\/b>: Entfalten Sie Ihre kulinarische Kreativit\u00e4t mit unserem Silikon-Garraumteiler f\u00fcr den Thermomix, um mehrere Gerichte gleichzeitig zuzubereiten, ohne Kompromisse eingehen zu m\u00fcssen.<\/p>\n<p>2.<br \/>\n<b>Haute qualit\u00e9 des mat\u00e9riaux :<\/b> Cuisinez en toute confiance avec notre s\u00e9parateur de cuisson en silicone pour Thermomix, fabriqu\u00e9 avec des mat\u00e9riaux de qualit\u00e9 alimentaire pour une utilisation s\u00fbre et durable.<br \/>\n3. <b>S\u00e9curit\u00e9 renforc\u00e9e :<\/b> Prot\u00e9gez votre Thermomix et vos aliments gr\u00e2ce au m\u00e9canisme de verrouillage classique int\u00e9gr\u00e9 \u00e0 notre s\u00e9parateur, assurant une manipulation s\u00e9curis\u00e9e \u00e0 tout moment.<br \/>\n4. <b>Circulation optimale de l&#8217;air :<\/b> Profitez d&#8217;une cuisson uniforme et savoureuse gr\u00e2ce \u00e0 notre s\u00e9parateur de compartiment de cuisson qui garantit une circulation parfaite de l&#8217;air et de la vapeur.<br \/>\n5.<br \/>\n<b>Conception fine :<\/b> Appr\u00e9ciez une cuisine raffin\u00e9e et bien pens\u00e9e avec notre s\u00e9parateur de chambre de cuisson dot\u00e9 d&#8217;une conception \u00e9l\u00e9gante et d&#8217;un renfoncement ing\u00e9nieux pour une \u00e9tuve optimale.<\/p>\n<h3 class=\"p3\"><b>Mehr Garraum: Vervielfachen Sie Ihre Zubereitungen in einem einzigen Durchgang.<\/b><\/h3>\n<p class=\"p3\">Genie\u00dfen Sie eine effizientere K\u00fcche mit dem Silikon-Gartrenner f\u00fcr den Thermomix.<br \/>\nMit diesem cleveren Produkt k\u00f6nnen Sie eine Vielzahl von Gerichten gleichzeitig zubereiten, ohne dass sich die Geschm\u00e4cker vermischen.<br \/>\nNutzen Sie das volle Potenzial Ihres Thermomix, indem Sie die Speisen auf praktische Weise trennen.<\/p>\n<p>&nbsp;<\/p>\n<div id=\"attachment_24778\" style=\"width: 710px\" class=\"wp-caption aligncenter\"><img decoding=\"async\" aria-describedby=\"caption-attachment-24778\" class=\"wp-image-24776\" title=\"Garguttrenner f\u00fcr den Thermomix\" src=\"https:\/\/accessormix.com\/wp-content\/uploads\/2024\/06\/Separateur-de-Cuisson-pour-Thermomix-1.jpg\" alt=\"Garguttrenner f\u00fcr den Thermomix\" width=\"700\" height=\"633\" srcset=\"https:\/\/accessormix.com\/wp-content\/uploads\/2024\/06\/Separateur-de-Cuisson-pour-Thermomix-1.jpg 1491w, https:\/\/accessormix.com\/wp-content\/uploads\/2024\/06\/Separateur-de-Cuisson-pour-Thermomix-1-332x300.jpg 332w, https:\/\/accessormix.com\/wp-content\/uploads\/2024\/06\/Separateur-de-Cuisson-pour-Thermomix-1-885x800.jpg 885w, https:\/\/accessormix.com\/wp-content\/uploads\/2024\/06\/Separateur-de-Cuisson-pour-Thermomix-1-768x694.jpg 768w, https:\/\/accessormix.com\/wp-content\/uploads\/2024\/06\/Separateur-de-Cuisson-pour-Thermomix-1-430x389.jpg 430w, https:\/\/accessormix.com\/wp-content\/uploads\/2024\/06\/Separateur-de-Cuisson-pour-Thermomix-1-700x633.jpg 700w, https:\/\/accessormix.com\/wp-content\/uploads\/2024\/06\/Separateur-de-Cuisson-pour-Thermomix-1-150x136.jpg 150w\" sizes=\"(max-width: 700px) 100vw, 700px\" \/><p id=\"caption-attachment-24778\" class=\"wp-caption-text\">Garguttrenner f\u00fcr den Thermomix<\/p><\/div>\n<p>&nbsp;<\/p>\n<h2 class=\"p1\"><b>Hohe Qualit\u00e4t und Sicherheit: ein robustes und zuverl\u00e4ssiges Zubeh\u00f6r f\u00fcr Ihren Thermomix<\/b><\/h2>\n<p class=\"p2\">Hergestellt aus lebensmittelechtem Material, gew\u00e4hrleistet unser Trenner ein sicheres Garen Ihrer Speisen.<br \/>\nSeine Formstabilit\u00e4t garantiert eine sichere Entnahme der Speisen.<br \/>\nDer klassische Verriegelungsmechanismus des Thermomix bietet einen zus\u00e4tzlichen Schutz vor Manipulationen und sorgt f\u00fcr eine sichere Verwendung.<\/p>\n<p>Optimale Luftzirkulation: gleichm\u00e4\u00dfiges Garen und Geschmackserhalt<\/p>\n<p class=\"p2\">Genie\u00dfen Sie eine optimierte Luftzirkulation w\u00e4hrend des Kochens dank des speziell entwickelten Bodens unseres Separators.<br \/>\nDie Dampfdurchg\u00e4nge werden nicht blockiert oder blockiert, so dass sich der Dampf frei verteilen kann.<br \/>\nIhre Gerichte werden gleichm\u00e4\u00dfig gegart, was zu einem unvergleichlichen Geschmack f\u00fchrt.<\/p>\n<p>&nbsp;<\/p>\n<p><img decoding=\"async\" style=\"display: block; margin-left: auto; margin-right: auto;\" src=\"https:\/\/cdn.shopify.com\/s\/files\/1\/0654\/3343\/6419\/files\/126_cb50be46-7598-4218-9845-bb37a9d677ca_480x480.jpg?v=1696063642\" alt=\"\" \/><\/p>\n<p>&nbsp;<\/p>\n<h2 class=\"p1\"><b>Schlankes und praktisches Design: Passt perfekt in Ihren Thermomix.<\/b><\/h2>\n<p class=\"p2\">Das sorgf\u00e4ltige Design unseres Separators enth\u00e4lt eine zentrale Vertiefung, die wie ein Kamin wirkt.<br \/>\nDieses Merkmal sorgt daf\u00fcr, dass der obere Teil des Varoma optimal gegart wird.<br \/>\nGenie\u00dfen Sie die einfache und intuitive Bedienung f\u00fcr ein stressfreies Kocherlebnis.<\/p>\n<h2 class=\"p1\"><b>Vielseitig und effizient: Bereiten Sie komplette Mahlzeiten in Rekordzeit zu.<\/b><\/h2>\n<p class=\"p2\">Mit dem Silikon-Gartrenner f\u00fcr den Thermomix wird die Zubereitung von abwechslungsreichen Mahlzeiten zum Kinderspiel.<br \/>\nSein intelligentes Design erm\u00f6glicht das Trennen von Gem\u00fcse, Fleisch oder Fisch und bietet so eine un\u00fcbertroffene Vielseitigkeit.<br \/>\nEntscheiden Sie sich f\u00fcr Praxistauglichkeit und Qualit\u00e4t im Alltag.<\/p>\n<h2 class=\"p1\"><b> Pflegeleicht: schnelle Reinigung f\u00fcr einen sorgenfreien t\u00e4glichen Gebrauch<\/b><\/h2>\n<p class=\"p2\">Neben seiner Leistungsf\u00e4higkeit in der K\u00fcche ist unser Trenner auch leicht zu reinigen.<br \/>\nEr ist sp\u00fclmaschinengeeignet und garantiert Ihnen eine einfache Pflege und eine problemlose Nutzung.<br \/>\nGenie\u00dfen Sie Ihren Thermomix mit einem Zubeh\u00f6r, das Ihnen das Leben leichter macht.<\/p>\n<p>Wenn Sie nach weiterem <a href=\"https:\/\/accessormix.com\/de\/thermomix-zubehor\/\">Thermomix-Zubeh\u00f6r<\/a> suchen, sei es zum Verschenken oder f\u00fcr sich selbst, dann schauen Sie sich hier um<span class=\"Apple-converted-space\"><a href=\"https:\/\/accessormix.com\/de\/slidemix-schiebebrett-fuer-thermomix\/\"> Slidemix<\/a>.<\/span><\/p>\n<p>&nbsp;<\/p>\n<p class=\"p2\" style=\"text-align: center;\">\ud83d\udcac<i> &#8222;Ich liebe dieses Produkt, endlich kann ich meine Lebensmittel ohne Mischen trennen!&#8220; <\/i>&#8211;<i> Sophie<br \/>\n<\/i>\ud83d\udcac<i> &#8222;Separamix hat meine Art zu kochen ver\u00e4ndert, ein echtes Schmuckst\u00fcck in meiner K\u00fcche!&#8220; &#8211; Pierre<\/i><\/p>\n<p>&nbsp;<\/p>\n<h4 class=\"p4\" style=\"text-align: center;\">Kompatibel mit folgenden Modellen: <b>Thermomix: TM5, TM6 und TM31<\/b><\/h4>\n<p class=\"p4\" style=\"text-align: center;\"><span class=\"s1\">\u2705<\/span><b> Mit Accessormix, GARANTIE ODER GELD-ZUR\u00dcCK, haben Sie 14 Tage Zeit, Ihre Meinung zu \u00e4ndern.<\/b><\/p>\n","protected":false},"excerpt":{"rendered":"<p>Lassen Sie Ihrer kulinarischen Kreativit\u00e4t freien Lauf mit dem Separamix Garguttrenner &#8211; der Schl\u00fcssel zu schmackhaften Mahlzeiten ohne unerw\u00fcnschte Mischungen.<\/p>\n","protected":false},"featured_media":24762,"comment_status":"open","ping_status":"closed","template":"","meta":[],"product_brand":[],"product_cat":[217,220,213,212,214,215,211,216],"product_tag":[],"class_list":{"0":"post-24785","1":"product","2":"type-product","3":"status-publish","4":"has-post-thumbnail","6":"product_cat-thermomix-dampfgaren","7":"product_cat-thermomix-einfacher-im-alltag","8":"product_cat-thermomix-zubehor-friend","9":"product_cat-thermomix-zubehoer-tm31","10":"product_cat-thermomix-zubehoer-tm5","11":"product_cat-thermomix-zubehoer-tm6","12":"product_cat-thermomix-zubehor","13":"product_cat-thermomix-zusatzfunktionen","15":"first","16":"instock","17":"featured","18":"shipping-taxable","19":"purchasable","20":"product-type-simple"},"_links":{"self":[{"href":"https:\/\/accessormix.com\/de\/wp-json\/wp\/v2\/product\/24785","targetHints":{"allow":["GET"]}}],"collection":[{"href":"https:\/\/accessormix.com\/de\/wp-json\/wp\/v2\/product"}],"about":[{"href":"https:\/\/accessormix.com\/de\/wp-json\/wp\/v2\/types\/product"}],"replies":[{"embeddable":true,"href":"https:\/\/accessormix.com\/de\/wp-json\/wp\/v2\/comments?post=24785"}],"version-history":[{"count":0,"href":"https:\/\/accessormix.com\/de\/wp-json\/wp\/v2\/product\/24785\/revisions"}],"wp:featuredmedia":[{"embeddable":true,"href":"https:\/\/accessormix.com\/de\/wp-json\/wp\/v2\/media\/24762"}],"wp:attachment":[{"href":"https:\/\/accessormix.com\/de\/wp-json\/wp\/v2\/media?parent=24785"}],"wp:term":[{"taxonomy":"product_brand","embeddable":true,"href":"https:\/\/accessormix.com\/de\/wp-json\/wp\/v2\/product_brand?post=24785"},{"taxonomy":"product_cat","embeddable":true,"href":"https:\/\/accessormix.com\/de\/wp-json\/wp\/v2\/product_cat?post=24785"},{"taxonomy":"product_tag","embeddable":true,"href":"https:\/\/accessormix.com\/de\/wp-json\/wp\/v2\/product_tag?post=24785"}],"curies":[{"name":"wp","href":"https:\/\/api.w.org\/{rel}","templated":true}]}}