{"id":24932,"date":"2024-06-04T14:26:37","date_gmt":"2024-06-04T12:26:37","guid":{"rendered":"https:\/\/accessormix.com\/slidemix-schiebebrett-fuer-thermomix\/"},"modified":"2025-09-29T17:10:15","modified_gmt":"2025-09-29T15:10:15","slug":"slidemix-schiebebrett-fuer-thermomix","status":"publish","type":"product","link":"https:\/\/accessormix.com\/de\/slidemix-schiebebrett-fuer-thermomix\/","title":{"rendered":"Slidemix &#8211; Schiebebrett f\u00fcr Thermomix"},"content":{"rendered":"<h2><b>Schiebebrett f\u00fcr den Thermomix: Ver\u00e4ndern Sie Ihre K\u00fcche<\/b><\/h2>\n<p>Entdecken Sie unser innovatives Schiebebrett, das speziell f\u00fcr Ihren Thermomix entwickelt wurde.<br \/>\nMit diesem cleveren Zubeh\u00f6r k\u00f6nnen Sie Ihre Arbeitsfl\u00e4che optimieren und die Zubereitung von Speisen vereinfachen.<br \/>\nDas Brett ist robust und elegant und passt perfekt in Ihre moderne K\u00fcche.<br \/>\nRevolutionieren Sie Ihr Thermomix-Erlebnis mit unserem ergonomischen Schiebebrett.<br \/>\nErh\u00f6hen Sie die Effizienz und den Komfort f\u00fcr eine m\u00fchelose Zubereitung.<\/p>\n<p>&nbsp;<\/p>\n<p><img fetchpriority=\"high\" decoding=\"async\" class=\"size-full wp-image-24906 aligncenter\" title=\"Schiebebrett Thermomix schwarz\" src=\"https:\/\/accessormix.com\/wp-content\/uploads\/2024\/06\/planche-coulissante-thermomix-noir.avif\" alt=\"Schiebebrett Thermomix schwarz\" width=\"640\" height=\"640\" srcset=\"https:\/\/accessormix.com\/wp-content\/uploads\/2024\/06\/planche-coulissante-thermomix-noir.avif 640w, https:\/\/accessormix.com\/wp-content\/uploads\/2024\/06\/planche-coulissante-thermomix-noir-300x300.avif 300w, https:\/\/accessormix.com\/wp-content\/uploads\/2024\/06\/planche-coulissante-thermomix-noir-150x150.avif 150w, https:\/\/accessormix.com\/wp-content\/uploads\/2024\/06\/planche-coulissante-thermomix-noir-430x430.avif 430w\" sizes=\"(max-width: 640px) 100vw, 640px\" \/><\/p>\n<h3><\/h3>\n<h3><b>Der unentbehrliche Helfer in Ihrem Thermomix<\/b><\/h3>\n<p>Unser Schiebebrett vereint Zweckm\u00e4\u00dfigkeit und Design.<br \/>\nGenie\u00dfen Sie einen gro\u00dfen und sicheren Arbeitsbereich und bewahren Sie gleichzeitig die \u00c4sthetik Ihrer K\u00fcche.<br \/>\nEin Must-have f\u00fcr alle K\u00fcchenliebhaber.<\/p>\n<ul>\n<li>Rutschfeste Oberfl\u00e4che f\u00fcr optimale Stabilit\u00e4t<\/li>\n<li>Leichtg\u00e4ngiger und leiser Schiebemechanismus<\/li>\n<li>Hochwertige, fleckenbest\u00e4ndige Materialien<\/li>\n<li>Kompatibel mit allen Thermomix-Modellen<\/li>\n<li>Schnelle und einfache Reinigung<\/li>\n<\/ul>\n<p>&nbsp;<\/p>\n<p><img decoding=\"async\" class=\"size-full wp-image-17062 aligncenter\" title=\"2_52ba5f40-dc09-4d31-9023-eee94969affb\" src=\"https:\/\/accessormix.com\/wp-content\/uploads\/2024\/06\/2_52ba5f40-dc09-4d31-9023-eee94969affb.png\" alt=\"\" width=\"800\" height=\"800\" srcset=\"https:\/\/accessormix.com\/wp-content\/uploads\/2024\/06\/2_52ba5f40-dc09-4d31-9023-eee94969affb.png 800w, https:\/\/accessormix.com\/wp-content\/uploads\/2024\/06\/2_52ba5f40-dc09-4d31-9023-eee94969affb-300x300.png 300w, https:\/\/accessormix.com\/wp-content\/uploads\/2024\/06\/2_52ba5f40-dc09-4d31-9023-eee94969affb-150x150.png 150w, https:\/\/accessormix.com\/wp-content\/uploads\/2024\/06\/2_52ba5f40-dc09-4d31-9023-eee94969affb-768x768.png 768w, https:\/\/accessormix.com\/wp-content\/uploads\/2024\/06\/2_52ba5f40-dc09-4d31-9023-eee94969affb-60x60.png 60w, https:\/\/accessormix.com\/wp-content\/uploads\/2024\/06\/2_52ba5f40-dc09-4d31-9023-eee94969affb-430x430.png 430w, https:\/\/accessormix.com\/wp-content\/uploads\/2024\/06\/2_52ba5f40-dc09-4d31-9023-eee94969affb-700x700.png 700w\" sizes=\"(max-width: 800px) 100vw, 800px\" \/><\/p>\n<p>&nbsp;<\/p>\n<h2><b>Einfaches Verschieben des Thermomix auf der Arbeitsfl\u00e4che<\/b><\/h2>\n<p>Bewegen Sie Ihren Thermomix m\u00fchelos mit den integrierten Rollen des Schiebebretts, die eine perfekte Mobilit\u00e4t gew\u00e4hrleisten.<br \/>\n<strong>Absoluter Komfort<\/strong> beim Transport.<\/p>\n<h2><b> Perfekte Anpassung an alle Thermomix-Modelle<\/b><\/h2>\n<p>Dieses Schiebebrett wurde speziell f\u00fcr den Thermomix TM5 und TM6 entwickelt und passt sich perfekt an und bietet <strong>optimale Stabilit\u00e4t<\/strong>.<\/p>\n<p><img decoding=\"async\" class=\"size-full wp-image-17060 aligncenter\" title=\"1_75ecd61b-5b15-4946-85e8-2ca731948efe\" src=\"https:\/\/accessormix.com\/wp-content\/uploads\/2024\/06\/1_75ecd61b-5b15-4946-85e8-2ca731948efe.png\" alt=\"\" width=\"800\" height=\"800\" srcset=\"https:\/\/accessormix.com\/wp-content\/uploads\/2024\/06\/1_75ecd61b-5b15-4946-85e8-2ca731948efe.png 800w, https:\/\/accessormix.com\/wp-content\/uploads\/2024\/06\/1_75ecd61b-5b15-4946-85e8-2ca731948efe-300x300.png 300w, https:\/\/accessormix.com\/wp-content\/uploads\/2024\/06\/1_75ecd61b-5b15-4946-85e8-2ca731948efe-150x150.png 150w, https:\/\/accessormix.com\/wp-content\/uploads\/2024\/06\/1_75ecd61b-5b15-4946-85e8-2ca731948efe-768x768.png 768w, https:\/\/accessormix.com\/wp-content\/uploads\/2024\/06\/1_75ecd61b-5b15-4946-85e8-2ca731948efe-60x60.png 60w, https:\/\/accessormix.com\/wp-content\/uploads\/2024\/06\/1_75ecd61b-5b15-4946-85e8-2ca731948efe-430x430.png 430w, https:\/\/accessormix.com\/wp-content\/uploads\/2024\/06\/1_75ecd61b-5b15-4946-85e8-2ca731948efe-700x700.png 700w\" sizes=\"(max-width: 800px) 100vw, 800px\" \/><\/p>\n<p>&nbsp;<\/p>\n<p>Aus langlebigem Metall gefertigt, bietet dieses Schiebebrett eine <strong>au\u00dfergew\u00f6hnliche Robustheit<\/strong> f\u00fcr den langfristigen Gebrauch. Die spezielle Oberfl\u00e4che des Brettes ist <strong>korrosionsbest\u00e4ndig<\/strong>, wodurch die Lebensdauer verl\u00e4ngert und die Qualit\u00e4t erhalten wird.<\/p>\n<h2><b><br \/>\n<img loading=\"lazy\" decoding=\"async\" class=\"size-full wp-image-17064 aligncenter\" title=\"5_ce456bd6-4102-40f2-a86a-9f04fcbdef73\" src=\"https:\/\/accessormix.com\/wp-content\/uploads\/2024\/06\/5_ce456bd6-4102-40f2-a86a-9f04fcbdef73.png\" alt=\"\" width=\"800\" height=\"800\" srcset=\"https:\/\/accessormix.com\/wp-content\/uploads\/2024\/06\/5_ce456bd6-4102-40f2-a86a-9f04fcbdef73.png 800w, https:\/\/accessormix.com\/wp-content\/uploads\/2024\/06\/5_ce456bd6-4102-40f2-a86a-9f04fcbdef73-300x300.png 300w, https:\/\/accessormix.com\/wp-content\/uploads\/2024\/06\/5_ce456bd6-4102-40f2-a86a-9f04fcbdef73-150x150.png 150w, https:\/\/accessormix.com\/wp-content\/uploads\/2024\/06\/5_ce456bd6-4102-40f2-a86a-9f04fcbdef73-768x768.png 768w, https:\/\/accessormix.com\/wp-content\/uploads\/2024\/06\/5_ce456bd6-4102-40f2-a86a-9f04fcbdef73-60x60.png 60w, https:\/\/accessormix.com\/wp-content\/uploads\/2024\/06\/5_ce456bd6-4102-40f2-a86a-9f04fcbdef73-430x430.png 430w, https:\/\/accessormix.com\/wp-content\/uploads\/2024\/06\/5_ce456bd6-4102-40f2-a86a-9f04fcbdef73-700x700.png 700w\" sizes=\"(max-width: 800px) 100vw, 800px\" \/><br \/>\n<\/b><\/h2>\n<h2><b>Ergonomisches Design<\/b><\/h2>\n<p>Die elegante Abschr\u00e4gung und der praktische Griff sind leicht zu halten und sorgen f\u00fcr ein <strong>angenehmes<\/strong> und komfortables <strong>Kocherlebnis<\/strong>. Dieses Brett sch\u00fctzt die Waage des Thermomix vor Besch\u00e4digungen und sorgt f\u00fcr <strong>einen sicheren Betrieb<\/strong>.<\/p>\n<p>Wenn Sie nach weiterem <a href=\"https:\/\/accessormix.com\/de\/thermomix-zubehor\/\">Thermomix-Zubeh\u00f6r<\/a> suchen, sei es zum Verschenken oder f\u00fcr sich selbst, dann schauen Sie sich hier um<span class=\"Apple-converted-space\"><a href=\"https:\/\/accessormix.com\/de\/spatulicone-silikon-spatel-fuer-den-thermomix\/\"> Spatilicone<\/a>.<\/span><\/p>\n<p>&nbsp;<\/p>\n<h4 style=\"text-align: center;\"><b>Kompatibel mit den Modellen:<\/b><b>Thermomix: TM5, TM6 und TM31<\/b><\/h4>\n<p style=\"text-align: center;\">\u2705<b> Mit Accessormix, GARANTIE ODER GELD ZUR\u00dcCK, haben Sie 14 Tage Zeit, Ihre Meinung zu \u00e4ndern.<\/b><\/p>\n","protected":false},"excerpt":{"rendered":"<p>Ver\u00e4ndern Sie Ihr Kocherlebnis mit dem Slidemix-Schiebebrett.<br \/>\nGenie\u00dfen Sie den Komfort in Ihrer K\u00fcche mit unserem innovativen Zubeh\u00f6r, das die Bedienung Ihres Thermomixes erleichtert.<\/p>\n","protected":false},"featured_media":24893,"comment_status":"open","ping_status":"closed","template":"","meta":[],"product_brand":[],"product_cat":[220,219,221,212,214,215,211,216],"product_tag":[],"class_list":{"0":"post-24932","1":"product","2":"type-product","3":"status-publish","4":"has-post-thumbnail","6":"product_cat-thermomix-einfacher-im-alltag","7":"product_cat-thermomix-schiebebretter","8":"product_cat-thermomix-schutz","9":"product_cat-thermomix-zubehoer-tm31","10":"product_cat-thermomix-zubehoer-tm5","11":"product_cat-thermomix-zubehoer-tm6","12":"product_cat-thermomix-zubehor","13":"product_cat-thermomix-zusatzfunktionen","15":"first","16":"instock","17":"featured","18":"shipping-taxable","19":"purchasable","20":"product-type-variable"},"_links":{"self":[{"href":"https:\/\/accessormix.com\/de\/wp-json\/wp\/v2\/product\/24932","targetHints":{"allow":["GET"]}}],"collection":[{"href":"https:\/\/accessormix.com\/de\/wp-json\/wp\/v2\/product"}],"about":[{"href":"https:\/\/accessormix.com\/de\/wp-json\/wp\/v2\/types\/product"}],"replies":[{"embeddable":true,"href":"https:\/\/accessormix.com\/de\/wp-json\/wp\/v2\/comments?post=24932"}],"version-history":[{"count":0,"href":"https:\/\/accessormix.com\/de\/wp-json\/wp\/v2\/product\/24932\/revisions"}],"wp:featuredmedia":[{"embeddable":true,"href":"https:\/\/accessormix.com\/de\/wp-json\/wp\/v2\/media\/24893"}],"wp:attachment":[{"href":"https:\/\/accessormix.com\/de\/wp-json\/wp\/v2\/media?parent=24932"}],"wp:term":[{"taxonomy":"product_brand","embeddable":true,"href":"https:\/\/accessormix.com\/de\/wp-json\/wp\/v2\/product_brand?post=24932"},{"taxonomy":"product_cat","embeddable":true,"href":"https:\/\/accessormix.com\/de\/wp-json\/wp\/v2\/product_cat?post=24932"},{"taxonomy":"product_tag","embeddable":true,"href":"https:\/\/accessormix.com\/de\/wp-json\/wp\/v2\/product_tag?post=24932"}],"curies":[{"name":"wp","href":"https:\/\/api.w.org\/{rel}","templated":true}]}}