{"id":24965,"date":"2024-06-04T14:59:16","date_gmt":"2024-06-04T12:59:16","guid":{"rendered":"https:\/\/accessormix.com\/protimix-bildschirmschutz-fuer-thermomix\/"},"modified":"2026-02-17T16:10:01","modified_gmt":"2026-02-17T15:10:01","slug":"protimix-bildschirmschutz-fuer-thermomix","status":"publish","type":"product","link":"https:\/\/accessormix.com\/de\/protimix-bildschirmschutz-fuer-thermomix\/","title":{"rendered":"Protimix &#8211; Bildschirmschutz f\u00fcr Thermomix"},"content":{"rendered":"<h2>Bildschirmschutz f\u00fcr Thermomix<\/h2>\n<p>Sch\u00fctzen Sie den Bildschirm Ihres Thermomix mit unserem hochwertigen Bildschirmschutz, der speziell entwickelt wurde, um Ihr Ger\u00e4t vor Kratzern, Spritzern und Fingerabdr\u00fccken zu sch\u00fctzen.<br \/>\nEr ist einfach zu installieren und bietet einen dauerhaften Schutz, ohne die Ber\u00fchrungsempfindlichkeit zu beeintr\u00e4chtigen.<\/p>\n<h3>Ultimativer Schutz f\u00fcr Ihren Thermomix<\/h3>\n<p>Unser Bildschirmschutz ist ultra-transparent, kratzfest und leicht zu reinigen.<br \/>\nLassen Sie den Bildschirm Ihres Thermomix wie neu aussehen und genie\u00dfen Sie eine reibungslose und reaktionsschnelle Benutzererfahrung.<br \/>\nSch\u00fctzen Sie den Bildschirm Ihres Thermomix mit einem zuverl\u00e4ssigen und diskreten Schutz.<\/p>\n<ul>\n<li>Kratzfest f\u00fcr dauerhaften Schutz<\/li>\n<li>Ultra-transparent f\u00fcr optimale Klarheit<\/li>\n<li>Einfach zu installieren und r\u00fcckstandslos zu entfernen<\/li>\n<li>Kompatibel mit allen Thermomix-Modellen<\/li>\n<li>Bewahrt die Ber\u00fchrungsempfindlichkeit des Bildschirms<\/li>\n<\/ul>\n<h2><\/h2>\n<h2><b>Optimaler Schutz, um die Lebensdauer des Bildschirms Ihres Thermomix zu verl\u00e4ngern<\/b><\/h2>\n<p>Sch\u00fctzen Sie das Display Ihres Thermomix TM6 pr\u00e4zise mit diesem ma\u00dfgeschneiderten Displayschutz aus geh\u00e4rtetem Glas.<br \/>\nEr ist kratz-, sto\u00df- und bruchfest und bietet einen optimalen Schutz, damit der Bildschirm Ihrer K\u00fcchenmaschine in perfektem Zustand bleibt.<\/p>\n<h3><b>Vollst\u00e4ndige Klarheit und Transparenz f\u00fcr ein makelloses Seherlebnis<\/b><\/h3>\n<p>Genie\u00dfen Sie kristallklare Klarheit und perfekte Transparenz mit dieser Schutzfolie aus geh\u00e4rtetem Glas.<br \/>\nIhr TM6-Bildschirm beh\u00e4lt seine urspr\u00fcngliche Farbe, so dass Sie eine klare und detaillierte Sicht auf den Inhalt haben, ohne dass dieser verf\u00e4lscht wird.<\/p>\n<h2><b>Vereinfachte Installation f\u00fcr sofortigen und effektiven Schutz<\/b><\/h2>\n<p>Die Installation des Screen Protector ist mit den mitgelieferten Hilfsmitteln ein Kinderspiel.<br \/>\nSelbst wenn w\u00e4hrend der Installation Luftblasen entstehen, k\u00f6nnen diese leicht entfernt werden, um eine perfekte Installation zu gew\u00e4hrleisten, die das Aussehen und das Gef\u00fchl des Originalbildschirms wiedergibt.<\/p>\n<h3><b>Anti-Fingerprinting-Technologie f\u00fcr einen stets sauberen und klaren Bildschirm<\/b><\/h3>\n<p>Die Installation des Screen Protector ist mit den mitgelieferten Hilfsmitteln ein Kinderspiel.<br \/>\nSelbst wenn w\u00e4hrend der Installation Luftblasen entstehen, k\u00f6nnen diese leicht entfernt werden, um eine perfekte Installation zu gew\u00e4hrleisten, die das Aussehen und das Gef\u00fchl des Originalbildschirms wiedergibt.<\/p>\n<h3><b>H\u00f6here Zuverl\u00e4ssigkeit f\u00fcr einen dauerhaft wirksamen Schutz Ihres Thermomixes<\/b><\/h3>\n<p>Dieser Bildschirmschutz ist so konzipiert, dass er sich perfekt an die Abmessungen und die Dicke des Thermomix TM6 anpasst und einen robusten Schutz bietet, ohne die Ber\u00fchrungsempfindlichkeit zu beeintr\u00e4chtigen.<br \/>\nSch\u00fctzen Sie Ihren Bildschirm effektiv und behalten Sie gleichzeitig eine reibungslose und nahtlose Benutzererfahrung bei.<\/p>\n<p>Wenn Sie nach weiterem <a href=\"https:\/\/accessormix.com\/de\/thermomix-zubehor\/\">Thermomix-Zubeh\u00f6r<\/a> suchen, sei es zum Verschenken oder f\u00fcr sich selbst, dann schauen Sie sich hier um<span class=\"Apple-converted-space\"><a href=\"https:\/\/accessormix.com\/de\/separamix-garguttrenner-fuer-den-thermomix\/\"> Separamix<\/a>.<\/span><\/p>\n<h4><\/h4>\n<h4 style=\"text-align: center;\"><b>Kompatibel mit den Modellen:<\/b><b>Thermomix: TM5, TM6 und TM31<\/b><\/h4>\n<p style=\"text-align: center;\">\u2705<b> Mit Accessormix, GARANTIE ODER GELD ZUR\u00dcCK, haben Sie 14 Tage Zeit, Ihre Meinung zu \u00e4ndern.<\/b><\/p>\n","protected":false},"excerpt":{"rendered":"<p>Protimix &#8211; Sch\u00fctzen Sie Ihren Thermomix mit Eleganz und Effizienz und bewahren Sie gleichzeitig die Klarheit des Bildschirms.<\/p>\n","protected":false},"featured_media":24970,"comment_status":"open","ping_status":"closed","template":"","meta":[],"product_brand":[],"product_cat":[220,218,221,213,212,214,215,211],"product_tag":[],"class_list":{"0":"post-24965","1":"product","2":"type-product","3":"status-publish","4":"has-post-thumbnail","6":"product_cat-thermomix-einfacher-im-alltag","7":"product_cat-thermomix-reinigung","8":"product_cat-thermomix-schutz","9":"product_cat-thermomix-zubehor-friend","10":"product_cat-thermomix-zubehoer-tm31","11":"product_cat-thermomix-zubehoer-tm5","12":"product_cat-thermomix-zubehoer-tm6","13":"product_cat-thermomix-zubehor","15":"first","16":"instock","17":"shipping-taxable","18":"purchasable","19":"product-type-simple"},"_links":{"self":[{"href":"https:\/\/accessormix.com\/de\/wp-json\/wp\/v2\/product\/24965","targetHints":{"allow":["GET"]}}],"collection":[{"href":"https:\/\/accessormix.com\/de\/wp-json\/wp\/v2\/product"}],"about":[{"href":"https:\/\/accessormix.com\/de\/wp-json\/wp\/v2\/types\/product"}],"replies":[{"embeddable":true,"href":"https:\/\/accessormix.com\/de\/wp-json\/wp\/v2\/comments?post=24965"}],"version-history":[{"count":0,"href":"https:\/\/accessormix.com\/de\/wp-json\/wp\/v2\/product\/24965\/revisions"}],"wp:featuredmedia":[{"embeddable":true,"href":"https:\/\/accessormix.com\/de\/wp-json\/wp\/v2\/media\/24970"}],"wp:attachment":[{"href":"https:\/\/accessormix.com\/de\/wp-json\/wp\/v2\/media?parent=24965"}],"wp:term":[{"taxonomy":"product_brand","embeddable":true,"href":"https:\/\/accessormix.com\/de\/wp-json\/wp\/v2\/product_brand?post=24965"},{"taxonomy":"product_cat","embeddable":true,"href":"https:\/\/accessormix.com\/de\/wp-json\/wp\/v2\/product_cat?post=24965"},{"taxonomy":"product_tag","embeddable":true,"href":"https:\/\/accessormix.com\/de\/wp-json\/wp\/v2\/product_tag?post=24965"}],"curies":[{"name":"wp","href":"https:\/\/api.w.org\/{rel}","templated":true}]}}