{"id":24985,"date":"2024-06-04T14:59:16","date_gmt":"2024-06-04T12:59:16","guid":{"rendered":"https:\/\/accessormix.com\/coutimix-messerschutz-fuer-thermomix\/"},"modified":"2025-01-23T23:21:33","modified_gmt":"2025-01-23T22:21:33","slug":"coutimix-messerschutz-fuer-thermomix","status":"publish","type":"product","link":"https:\/\/accessormix.com\/de\/coutimix-messerschutz-fuer-thermomix\/","title":{"rendered":"Coutimix &#8211; Messerschutz f\u00fcr Thermomix"},"content":{"rendered":"<h2>Messerschutz f\u00fcr Thermomix<\/h2>\n<p>Optimieren Sie die Haltbarkeit der Messer in Ihrem Thermomix mit unserem ma\u00dfgeschneiderten Messerschutz.<br \/>\nDiese innovative Vorrichtung sch\u00fctzt die Messer vor vorzeitiger Abnutzung, Splittern und Verformungen.<br \/>\nEr ist einfach zu montieren und passt sich perfekt an.<\/p>\n<div style=\"text-align: start;\"><\/div>\n<p><img decoding=\"async\" style=\"display: block; margin-left: auto; margin-right: auto;\" src=\"https:\/\/cdn.shopify.com\/s\/files\/1\/0654\/3343\/6419\/files\/Cuisamix2_480x480.gif?v=1703953928\" alt=\"\" \/><\/p>\n<p>&nbsp;<\/p>\n<h3>Sch\u00fctzen Sie Ihre Klingen f\u00fcr eine dauerhafte Leistung<\/h3>\n<p>Unser Messerschutz beugt Verschlei\u00df vor und erh\u00e4lt gleichzeitig die Schneidleistung.<br \/>\nProfitieren Sie von einem zuverl\u00e4ssigen Schutz, der die Lebensdauer der Messer in Ihrem Thermomix verl\u00e4ngert.<br \/>\nSichern Sie die Langlebigkeit der Messer in Ihrem Thermomix mit einem ma\u00dfgeschneiderten und leistungsstarken Messerschutz.<\/p>\n<ul>\n<li>Verhindert die Abnutzung der Klingen<\/li>\n<li>Einfach zu installieren<\/li>\n<li>Kompatibel mit allen Thermomix-Modellen<\/li>\n<li>Schutz vor Splittern und Verformungen<\/li>\n<li>F\u00fcr optimale Haltbarkeit konzipiert<\/li>\n<\/ul>\n<p>&nbsp;<\/p>\n<p><img decoding=\"async\" style=\"display: block; margin-left: auto; margin-right: auto;\" src=\"https:\/\/cdn.shopify.com\/s\/files\/1\/0654\/3343\/6419\/files\/Cuisamix-26_480x480.jpg?v=1703499334\" alt=\"\" \/><\/p>\n<p>&nbsp;<\/p>\n<p>&nbsp;<\/p>\n<h2>Vereinfachte Zubereitung von Teig<\/h2>\n<p>Machen Sie das Kneten zu einer m\u00fchelosen Aufgabe.<br \/>\nTeigPRO macht die Zubereitung von Teig im Thermomix so einfach wie nie zuvor.<br \/>\n<strong>Kein klebriger Teig mehr, kein<\/strong> Aufwand beim Reinigen, einfach nur ein perfekter Teig f\u00fcr all Ihre kulinarischen Kreationen.<\/p>\n<h3>Sch\u00fctzt Ihre Klingen effektiv<\/h3>\n<p>Verabschieden Sie sich von klebrigen Teigresten auf den Klingen Ihres Thermomix.<br \/>\nDer Coutimix sch\u00fctzt Ihre Klingen pr\u00e4zise und verhindert das Anhaften von Teig, so dass Sie sich nicht um die Reinigung k\u00fcmmern m\u00fcssen und die Klingen immer makellos sind.<\/p>\n<p>&nbsp;<\/p>\n<p><img decoding=\"async\" style=\"display: block; margin-left: auto; margin-right: auto;\" src=\"https:\/\/cdn.shopify.com\/s\/files\/1\/0654\/3343\/6419\/files\/Cuisamix-29_480x480.jpg?v=1703498734\" alt=\"\" \/><\/p>\n<p>&nbsp;<\/p>\n<h2>Mit verschiedenen Nudelarten kompatibel<\/h2>\n<p>Coutimix bietet Vielseitigkeit und Bequemlichkeit und ist ideal f\u00fcr eine Vielzahl von Teigwaren.<br \/>\nOb Sie nun Brot, Pizza oder andere K\u00f6stlichkeiten zubereiten, dieser Messerschutz garantiert Ihnen <strong>perfekte Ergebnisse<\/strong> ohne Probleme.<\/p>\n<h3>Einfach zu verwenden und zu reinigen<\/h3>\n<p>Das geniale Design des Coutimix macht es einfach, ihn zu installieren und zu entfernen.<br \/>\nSie brauchen keine <strong>Zeit<\/strong> mehr mit dem Reinigen der Klingen zu <strong>verschwenden<\/strong> und k\u00f6nnen Ihren Thermomix ohne Einschr\u00e4nkungen nutzen.<\/p>\n<p>&nbsp;<\/p>\n<p><img fetchpriority=\"high\" decoding=\"async\" class=\"wp-image-24973 aligncenter\" title=\"Messerschutz Thermomix tm6\" src=\"https:\/\/accessormix.com\/wp-content\/uploads\/2024\/06\/protege_couteaux_thermomix_tm6.jpg\" alt=\"Messerschutz Thermomix tm6\" width=\"600\" height=\"579\" srcset=\"https:\/\/accessormix.com\/wp-content\/uploads\/2024\/06\/protege_couteaux_thermomix_tm6.jpg 1080w, https:\/\/accessormix.com\/wp-content\/uploads\/2024\/06\/protege_couteaux_thermomix_tm6-311x300.jpg 311w, https:\/\/accessormix.com\/wp-content\/uploads\/2024\/06\/protege_couteaux_thermomix_tm6-828x800.jpg 828w, https:\/\/accessormix.com\/wp-content\/uploads\/2024\/06\/protege_couteaux_thermomix_tm6-768x742.jpg 768w, https:\/\/accessormix.com\/wp-content\/uploads\/2024\/06\/protege_couteaux_thermomix_tm6-430x415.jpg 430w, https:\/\/accessormix.com\/wp-content\/uploads\/2024\/06\/protege_couteaux_thermomix_tm6-700x676.jpg 700w, https:\/\/accessormix.com\/wp-content\/uploads\/2024\/06\/protege_couteaux_thermomix_tm6-150x145.jpg 150w\" sizes=\"(max-width: 600px) 100vw, 600px\" \/><\/p>\n<p>&nbsp;<\/p>\n<h2>Hochwertiger Schutz<\/h2>\n<p>Der Coutimix ist aus langlebigen Materialien gefertigt und bietet einen zuverl\u00e4ssigen und robusten Schutz f\u00fcr Ihre Thermomix-Klingen.<br \/>\nSie k\u00f6nnen sich auf seine St\u00e4rke und Pr\u00e4zision verlassen, um eine stressfreie Erfahrung zu machen.<\/p>\n<h3>Innovation f\u00fcr Ihre K\u00fcche<\/h3>\n<p>Vereinfachen Sie Ihre Zubereitung mit diesem wichtigen Zubeh\u00f6r.<br \/>\nGenie\u00dfen Sie ein unbeschwertes Kocherlebnis und einen immer perfekten Teig mit dem Coutimix f\u00fcr den Thermomix.<br \/>\nErleben Sie eine neue \u00c4ra der Leichtigkeit und Sauberkeit in der K\u00fcche.<\/p>\n<p>Wenn Sie nach weiterem <a href=\"https:\/\/accessormix.com\/de\/thermomix-zubehor\/\">Thermomix-Zubeh\u00f6r<\/a> suchen, sei es zum Verschenken oder f\u00fcr sich selbst, dann schauen Sie sich hier um<span class=\"Apple-converted-space\"><a href=\"https:\/\/accessormix.com\/de\/couvermrix-transparenter-deckel-fuer-thermomix\/\"> Couvermix<\/a>.<\/span><\/p>\n<div class=\"group w-full text-gray-800 dark:text-gray-100 border-b border-black\/10 dark:border-gray-900\/50 bg-gray-50 dark:bg-[#444654]\">\n<div class=\"flex p-4 gap-4 text-base md:gap-6 md:max-w-2xl lg:max-w-[38rem] xl:max-w-3xl md:py-6 lg:px-0 m-auto\">\n<div class=\"relative flex w-[calc(100%-50px)] flex-col gap-1 md:gap-3 lg:w-[calc(100%-115px)]\">\n<div class=\"flex flex-col items-start gap-4 whitespace-pre-wrap break-words\">\n<p>&nbsp;<\/p>\n<h4 style=\"text-align: center;\"><b>Kompatibel mit den Modellen:<\/b><b>Thermomix: TM5, TM6 und TM31<\/b><\/h4>\n<p style=\"text-align: center;\">\u2705<b> Mit Accessormix, GARANTIE ODER GELD ZUR\u00dcCK, haben Sie 14 Tage Zeit, Ihre Meinung zu \u00e4ndern.<\/b><\/p>\n<\/div>\n<\/div>\n<\/div>\n<\/div>\n","protected":false},"excerpt":{"rendered":"<p>Vereinfachen Sie die Zubereitung Ihres Teigs mit Coutimix &#8211; der Schl\u00fcssel zu stressfreien kulinarischen Kreationen!<\/p>\n","protected":false},"featured_media":24980,"comment_status":"open","ping_status":"closed","template":"","meta":[],"product_brand":[],"product_cat":[220,218,221,213,212,214,215,211,216],"product_tag":[],"class_list":{"0":"post-24985","1":"product","2":"type-product","3":"status-publish","4":"has-post-thumbnail","6":"product_cat-thermomix-einfacher-im-alltag","7":"product_cat-thermomix-reinigung","8":"product_cat-thermomix-schutz","9":"product_cat-thermomix-zubehor-friend","10":"product_cat-thermomix-zubehoer-tm31","11":"product_cat-thermomix-zubehoer-tm5","12":"product_cat-thermomix-zubehoer-tm6","13":"product_cat-thermomix-zubehor","14":"product_cat-thermomix-zusatzfunktionen","16":"first","17":"instock","18":"shipping-taxable","19":"purchasable","20":"product-type-simple"},"_links":{"self":[{"href":"https:\/\/accessormix.com\/de\/wp-json\/wp\/v2\/product\/24985","targetHints":{"allow":["GET"]}}],"collection":[{"href":"https:\/\/accessormix.com\/de\/wp-json\/wp\/v2\/product"}],"about":[{"href":"https:\/\/accessormix.com\/de\/wp-json\/wp\/v2\/types\/product"}],"replies":[{"embeddable":true,"href":"https:\/\/accessormix.com\/de\/wp-json\/wp\/v2\/comments?post=24985"}],"version-history":[{"count":0,"href":"https:\/\/accessormix.com\/de\/wp-json\/wp\/v2\/product\/24985\/revisions"}],"wp:featuredmedia":[{"embeddable":true,"href":"https:\/\/accessormix.com\/de\/wp-json\/wp\/v2\/media\/24980"}],"wp:attachment":[{"href":"https:\/\/accessormix.com\/de\/wp-json\/wp\/v2\/media?parent=24985"}],"wp:term":[{"taxonomy":"product_brand","embeddable":true,"href":"https:\/\/accessormix.com\/de\/wp-json\/wp\/v2\/product_brand?post=24985"},{"taxonomy":"product_cat","embeddable":true,"href":"https:\/\/accessormix.com\/de\/wp-json\/wp\/v2\/product_cat?post=24985"},{"taxonomy":"product_tag","embeddable":true,"href":"https:\/\/accessormix.com\/de\/wp-json\/wp\/v2\/product_tag?post=24985"}],"curies":[{"name":"wp","href":"https:\/\/api.w.org\/{rel}","templated":true}]}}