{"id":25600,"date":"2024-06-04T14:24:36","date_gmt":"2024-06-04T12:24:36","guid":{"rendered":"https:\/\/accessormix.com\/maximix-vergroessert-ihren-thermomix-varoma\/"},"modified":"2025-01-23T23:21:41","modified_gmt":"2025-01-23T22:21:41","slug":"maximix-vergroessert-ihren-thermomix-varoma","status":"publish","type":"product","link":"https:\/\/accessormix.com\/de\/maximix-vergroessert-ihren-thermomix-varoma\/","title":{"rendered":"Maximix &#8211; Vergr\u00f6\u00dfert Ihren Thermomix Varoma"},"content":{"rendered":"<h2>Varoma-Vergr\u00f6\u00dferer f\u00fcr Thermomix<\/h2>\n<p>Maximieren Sie die Kochkapazit\u00e4t Ihres Thermomix mit unserer Varoma-Vergr\u00f6\u00dferung.<br \/>\nEr wurde entwickelt, um den verf\u00fcgbaren Platz zu vergr\u00f6\u00dfern und erm\u00f6glicht es Ihnen, gr\u00f6\u00dfere Mahlzeiten f\u00fcr die ganze Familie zuzubereiten.<br \/>\nDieses Zubeh\u00f6r ist einfach zu installieren und zu entfernen und passt perfekt zwischen die Varoma-Schalen, ohne das gleichm\u00e4\u00dfige Dampfgaren zu beeintr\u00e4chtigen.<br \/>\nEine ideale L\u00f6sung f\u00fcr gro\u00dfe Portionen und Empf\u00e4nge.<\/p>\n<h3>Platzsparend f\u00fcr gr\u00f6\u00dfere Mahlzeiten<\/h3>\n<p>Unsere Varoma-Vergr\u00f6\u00dferung optimiert Ihren Thermomix und bietet zus\u00e4tzliche Kapazit\u00e4t, um gr\u00f6\u00dfere Mengen zu kochen, ohne die Kochqualit\u00e4t zu beeintr\u00e4chtigen.<br \/>\nKochen Sie f\u00fcr die ganze Familie mit einer Varoma-Vergr\u00f6\u00dferung, die den Platz in Ihrem Thermomix verdoppelt.<\/p>\n<ul>\n<li>Erh\u00f6ht die Kochkapazit\u00e4t<\/li>\n<li>Einfache und schnelle Installation<\/li>\n<li>Kompatibel mit allen Varoma-Modellen<\/li>\n<li>Erh\u00e4lt ein gleichm\u00e4\u00dfiges Dampfgaren aufrecht<\/li>\n<li>Ideal f\u00fcr gro\u00dfe Portionen<\/li>\n<\/ul>\n<p>&nbsp;<\/p>\n<h2><b>Mehr Garraum f\u00fcr die Zubereitung kompletter Mahlzeiten auf einmal<\/b><\/h2>\n<p>Optimieren Sie den Garraum Ihres Thermomix mit der Maximix Varoma-Vergr\u00f6\u00dferung.<br \/>\nNutzen Sie den zus\u00e4tzlichen Platz, um komplette Mahlzeiten auf einmal zuzubereiten &#8211; ideal f\u00fcr vielbesch\u00e4ftigte Familien.<\/p>\n<h3><b>Flexible und vielseitige Positionierung, um alle Ihre kulinarischen Bed\u00fcrfnisse zu erf\u00fcllen<\/b><\/h3>\n<p>Der Maximix bietet eine au\u00dfergew\u00f6hnliche Vielseitigkeit mit drei verschiedenen Platzierungspositionen.<br \/>\nEgal, ob Sie gro\u00dfe, ganze Zutaten oder eine Vielzahl von Lebensmitteln gleichzeitig zubereiten, dieses Zubeh\u00f6r passt sich perfekt an Ihre kulinarischen Bed\u00fcrfnisse an.<\/p>\n<h3><b>Bereiten Sie Familiengerichte in einem einzigen Kochvorgang zu, dank des gr\u00f6\u00dferen Volumens.<\/b><\/h3>\n<p>Erh\u00f6hen Sie das Volumen des Varoma Ihres Thermomix und genie\u00dfen Sie All-in-One-Gerichte f\u00fcr bis zu 8 Personen.<br \/>\nMit einer H\u00f6he von 6,2 cm erm\u00f6glicht Ihnen der Maximix ein gro\u00dfz\u00fcgiges Kochen ohne Platzmangel.<\/p>\n<h2><b>Deutsche Qualit\u00e4t f\u00fcr au\u00dfergew\u00f6hnliche Haltbarkeit und maximale Sicherheit<\/b><\/h2>\n<p>Der Maximix wird in Deutschland aus Kunststoff hergestellt, der f\u00fcr den Kontakt mit Lebensmitteln zugelassen ist, und garantiert eine sichere und dauerhafte Nutzung.<br \/>\nEr ist in grau und gr\u00fcn erh\u00e4ltlich und ist ein hochwertiges Zubeh\u00f6r f\u00fcr Ihren Thermomix.<\/p>\n<h3><b>Einfache Bedienung und einfache Reinigung f\u00fcr einen sorgenfreien t\u00e4glichen Gebrauch<\/b><\/h3>\n<p>Die Maximix Varoma-Vergr\u00f6\u00dferung passt perfekt zu den Thermomix-Modellen TM6, TM5 und TM31 und gew\u00e4hrleistet so eine optimale Kompatibilit\u00e4t.<br \/>\nDar\u00fcber hinaus erleichtert das einfache Design die Reinigung nach dem Gebrauch und sorgt so f\u00fcr ein unbeschwertes Kocherlebnis.<\/p>\n<h3><b>Erkunden Sie neue kulinarische M\u00f6glichkeiten mit einem gr\u00f6\u00dferen Volumen f\u00fcr ausgewogene Mahlzeiten.<\/b><\/h3>\n<p>Der Maximix bietet mehr Volumen f\u00fcr gesundes und effizientes Kochen und erweitert Ihren kulinarischen Horizont.<br \/>\nBereiten Sie abwechslungsreiche, gro\u00dfe Mahlzeiten zu und genie\u00dfen Sie eine ausgewogene K\u00fcche ohne Grenzen mit diesem genialen Zubeh\u00f6r.<\/p>\n<p>Wenn Sie nach weiterem <a href=\"https:\/\/accessormix.com\/de\/thermomix-zubehor\/\">Thermomix-Zubeh\u00f6r<\/a> suchen, sei es zum Verschenken oder f\u00fcr sich selbst, dann schauen Sie sich hier um<span class=\"Apple-converted-space\"><a href=\"https:\/\/accessormix.com\/de\/minimix-schuesselreduzierer-fuer-thermomix\/\"> Minimix<\/a>.<\/span><\/p>\n<p>&nbsp;<\/p>\n<h4 style=\"text-align: center;\"><b>Kompatibel mit den Modellen:<\/b><b>Thermomix: TM5, TM6 und TM31<\/b><\/h4>\n<p style=\"text-align: center;\">\u2705<b> Mit Accessormix, GARANTIE ODER GELD ZUR\u00dcCK, haben Sie 14 Tage Zeit, Ihre Meinung zu \u00e4ndern.<\/b><\/p>\n","protected":false},"excerpt":{"rendered":"<p>Verleihen Sie Ihrer K\u00fcche eine neue Dimension mit Maximix, dem Zubeh\u00f6r, das den Platz Ihres Thermomix Varoma vervielfacht, f\u00fcr grenzenlose Familienmahlzeiten!<\/p>\n","protected":false},"featured_media":25571,"comment_status":"open","ping_status":"closed","template":"","meta":[],"product_brand":[],"product_cat":[217,220,213,212,214,215,211,216],"product_tag":[],"class_list":{"0":"post-25600","1":"product","2":"type-product","3":"status-publish","4":"has-post-thumbnail","6":"product_cat-thermomix-dampfgaren","7":"product_cat-thermomix-einfacher-im-alltag","8":"product_cat-thermomix-zubehor-friend","9":"product_cat-thermomix-zubehoer-tm31","10":"product_cat-thermomix-zubehoer-tm5","11":"product_cat-thermomix-zubehoer-tm6","12":"product_cat-thermomix-zubehor","13":"product_cat-thermomix-zusatzfunktionen","15":"first","16":"instock","17":"featured","18":"shipping-taxable","19":"purchasable","20":"product-type-simple"},"_links":{"self":[{"href":"https:\/\/accessormix.com\/de\/wp-json\/wp\/v2\/product\/25600","targetHints":{"allow":["GET"]}}],"collection":[{"href":"https:\/\/accessormix.com\/de\/wp-json\/wp\/v2\/product"}],"about":[{"href":"https:\/\/accessormix.com\/de\/wp-json\/wp\/v2\/types\/product"}],"replies":[{"embeddable":true,"href":"https:\/\/accessormix.com\/de\/wp-json\/wp\/v2\/comments?post=25600"}],"version-history":[{"count":0,"href":"https:\/\/accessormix.com\/de\/wp-json\/wp\/v2\/product\/25600\/revisions"}],"wp:featuredmedia":[{"embeddable":true,"href":"https:\/\/accessormix.com\/de\/wp-json\/wp\/v2\/media\/25571"}],"wp:attachment":[{"href":"https:\/\/accessormix.com\/de\/wp-json\/wp\/v2\/media?parent=25600"}],"wp:term":[{"taxonomy":"product_brand","embeddable":true,"href":"https:\/\/accessormix.com\/de\/wp-json\/wp\/v2\/product_brand?post=25600"},{"taxonomy":"product_cat","embeddable":true,"href":"https:\/\/accessormix.com\/de\/wp-json\/wp\/v2\/product_cat?post=25600"},{"taxonomy":"product_tag","embeddable":true,"href":"https:\/\/accessormix.com\/de\/wp-json\/wp\/v2\/product_tag?post=25600"}],"curies":[{"name":"wp","href":"https:\/\/api.w.org\/{rel}","templated":true}]}}