{"id":25794,"date":"2024-06-04T14:24:36","date_gmt":"2024-06-04T12:24:36","guid":{"rendered":"https:\/\/accessormix.com\/juicomix-entsafter-fuer-den-thermomix\/"},"modified":"2025-01-23T23:22:00","modified_gmt":"2025-01-23T22:22:00","slug":"juicomix-entsafter-fuer-den-thermomix","status":"publish","type":"product","link":"https:\/\/accessormix.com\/de\/juicomix-entsafter-fuer-den-thermomix\/","title":{"rendered":"Juicomix &#8211; Entsafter f\u00fcr den Thermomix"},"content":{"rendered":"<h2>Entsafter f\u00fcr den Thermomix<\/h2>\n<p>Verwandeln Sie Ihren Thermomix mit unserem speziell entwickelten Entsafter in eine leistungsstarke Saftmaschine.<br \/>\nMit diesem innovativen Zubeh\u00f6r k\u00f6nnen Sie frische, n\u00e4hrstoffreiche S\u00e4fte direkt aus Ihrem Lieblingsobst und -gem\u00fcse herstellen.<br \/>\nEr ist einfach zu installieren und zu reinigen, passt perfekt in Ihren Thermomix und bietet Ihnen so eine praktische L\u00f6sung f\u00fcr einen gesunden Lebensstil.<br \/>\nGenie\u00dfen Sie selbstgemachte S\u00e4fte, m\u00fchelos und einfach.<\/p>\n<p>&nbsp;<\/p>\n<p><img fetchpriority=\"high\" decoding=\"async\" class=\"wp-image-25771 aligncenter\" title=\"Entsafter Thermomix Tm5\" src=\"https:\/\/accessormix.com\/wp-content\/uploads\/2024\/06\/extracteur-de-jus-thermomix-tm5.png\" alt=\"Entsafter Thermomix Tm5\" width=\"600\" height=\"600\" srcset=\"https:\/\/accessormix.com\/wp-content\/uploads\/2024\/06\/extracteur-de-jus-thermomix-tm5.png 800w, https:\/\/accessormix.com\/wp-content\/uploads\/2024\/06\/extracteur-de-jus-thermomix-tm5-300x300.png 300w, https:\/\/accessormix.com\/wp-content\/uploads\/2024\/06\/extracteur-de-jus-thermomix-tm5-150x150.png 150w, https:\/\/accessormix.com\/wp-content\/uploads\/2024\/06\/extracteur-de-jus-thermomix-tm5-768x768.png 768w, https:\/\/accessormix.com\/wp-content\/uploads\/2024\/06\/extracteur-de-jus-thermomix-tm5-430x430.png 430w, https:\/\/accessormix.com\/wp-content\/uploads\/2024\/06\/extracteur-de-jus-thermomix-tm5-700x700.png 700w\" sizes=\"(max-width: 600px) 100vw, 600px\" \/><\/p>\n<h3><\/h3>\n<h3>Tanken Sie mit jedem Glas Vitamine.<\/h3>\n<p>Unser Entsafter f\u00fcr den Thermomix maximiert die Extraktion von N\u00e4hrstoffen und bewahrt gleichzeitig den nat\u00fcrlichen Geschmack Ihrer Zutaten.<br \/>\nEine ideale L\u00f6sung f\u00fcr eine gesunde und ausgewogene Ern\u00e4hrung.<br \/>\nBereiten Sie im Handumdrehen frische und n\u00e4hrstoffreiche S\u00e4fte mit diesem Entsafter f\u00fcr den Thermomix zu.<\/p>\n<ul>\n<li>Optimale Extraktion von N\u00e4hrstoffen<\/li>\n<li>Schnelle und einfache Installation<\/li>\n<li>Kompatibel mit allen Thermomix-Modellen<\/li>\n<li>Vereinfachte Reinigung f\u00fcr den t\u00e4glichen Gebrauch<\/li>\n<li>Ideal f\u00fcr eine gesunde und ausgewogene Ern\u00e4hrung<\/li>\n<\/ul>\n<p>&nbsp;<\/p>\n<p><img decoding=\"async\" class=\"wp-image-25761 aligncenter\" title=\"3\" src=\"https:\/\/accessormix.com\/wp-content\/uploads\/2024\/06\/3-5.png\" alt=\"3\" width=\"600\" height=\"600\" srcset=\"https:\/\/accessormix.com\/wp-content\/uploads\/2024\/06\/3-5.png 800w, https:\/\/accessormix.com\/wp-content\/uploads\/2024\/06\/3-5-300x300.png 300w, https:\/\/accessormix.com\/wp-content\/uploads\/2024\/06\/3-5-150x150.png 150w, https:\/\/accessormix.com\/wp-content\/uploads\/2024\/06\/3-5-768x768.png 768w, https:\/\/accessormix.com\/wp-content\/uploads\/2024\/06\/3-5-430x430.png 430w, https:\/\/accessormix.com\/wp-content\/uploads\/2024\/06\/3-5-700x700.png 700w\" sizes=\"(max-width: 600px) 100vw, 600px\" \/><\/p>\n<p>&nbsp;<\/p>\n<h2><\/h2>\n<h2><b>Effiziente Extraktion f\u00fcr nat\u00fcrliche und n\u00e4hrstoffreiche S\u00e4fte in einem Augenblick<\/b><\/h2>\n<p>Mit dem Entsafter f\u00fcr den Thermomix erhalten Sie im Handumdrehen nat\u00fcrliche und gesunde Fruchts\u00e4fte.<br \/>\nGenie\u00dfen Sie m\u00fchelos frische S\u00e4fte f\u00fcr eine optimale Gesundheit.<\/p>\n<h3><b>Au\u00dfergew\u00f6hnliche Vielseitigkeit f\u00fcr eine multifunktionale Nutzung mit Ihrem Thermomix<\/b><\/h3>\n<p>Das perfekte Zubeh\u00f6r f\u00fcr Ihren Thermomix TM6, TM5 oder TM31.<br \/>\nMachen Sie Fruchts\u00e4fte, pressen Sie Zitrusfr\u00fcchte aus oder schleudern Sie sogar Ihre Salate &#8211; alles in deutscher Qualit\u00e4t.<\/p>\n<p>&nbsp;<\/p>\n<p><img decoding=\"async\" class=\"wp-image-25781 aligncenter\" title=\"7\" src=\"https:\/\/accessormix.com\/wp-content\/uploads\/2024\/06\/7.png\" alt=\"7\" width=\"600\" height=\"600\" srcset=\"https:\/\/accessormix.com\/wp-content\/uploads\/2024\/06\/7.png 800w, https:\/\/accessormix.com\/wp-content\/uploads\/2024\/06\/7-300x300.png 300w, https:\/\/accessormix.com\/wp-content\/uploads\/2024\/06\/7-150x150.png 150w, https:\/\/accessormix.com\/wp-content\/uploads\/2024\/06\/7-768x768.png 768w, https:\/\/accessormix.com\/wp-content\/uploads\/2024\/06\/7-430x430.png 430w, https:\/\/accessormix.com\/wp-content\/uploads\/2024\/06\/7-700x700.png 700w\" sizes=\"(max-width: 600px) 100vw, 600px\" \/><\/p>\n<h2><\/h2>\n<h2><b>Praktisches Design f\u00fcr eine lange und ununterbrochene Nutzung<\/b><\/h2>\n<p>Machen Sie sich das Leben leichter und achten Sie gleichzeitig auf Ihre Ern\u00e4hrung.<br \/>\nDer Thermomix MixFino Entsafter bietet Ihnen \u00fcber 100 Minuten ununterbrochenen Saftgenuss, ideal f\u00fcr den eiligen Alltag.<\/p>\n<h3><b>Innovative Platzersparnis f\u00fcr optimale Aufbewahrung und leichten Zugriff<\/b><\/h3>\n<p>Schluss mit unn\u00f6tigem Platzbedarf!<br \/>\nUnser Entsafter passt perfekt in Ihren Thermomix, so dass Sie ihn bequem aufbewahren und jederzeit leicht darauf zugreifen k\u00f6nnen.<br \/>\nSchaffen Sie Platz in Ihren Schr\u00e4nken.<\/p>\n<p><img loading=\"lazy\" decoding=\"async\" class=\"wp-image-25776 aligncenter\" title=\"Entsafter Thermomix Tm6\" src=\"https:\/\/accessormix.com\/wp-content\/uploads\/2024\/06\/extracteur-de-jus-thermomix-tm6.png\" alt=\"Entsafter Thermomix Tm6\" width=\"600\" height=\"600\" srcset=\"https:\/\/accessormix.com\/wp-content\/uploads\/2024\/06\/extracteur-de-jus-thermomix-tm6.png 800w, https:\/\/accessormix.com\/wp-content\/uploads\/2024\/06\/extracteur-de-jus-thermomix-tm6-300x300.png 300w, https:\/\/accessormix.com\/wp-content\/uploads\/2024\/06\/extracteur-de-jus-thermomix-tm6-150x150.png 150w, https:\/\/accessormix.com\/wp-content\/uploads\/2024\/06\/extracteur-de-jus-thermomix-tm6-768x768.png 768w, https:\/\/accessormix.com\/wp-content\/uploads\/2024\/06\/extracteur-de-jus-thermomix-tm6-430x430.png 430w, https:\/\/accessormix.com\/wp-content\/uploads\/2024\/06\/extracteur-de-jus-thermomix-tm6-700x700.png 700w\" sizes=\"(max-width: 600px) 100vw, 600px\" \/><\/p>\n<h3><\/h3>\n<h3><b>Einfache Bedienung f\u00fcr k\u00f6stliche S\u00e4fte in Reichweite<\/b><\/h3>\n<p>Ob Sie nun ein Profi oder ein Anf\u00e4nger in der K\u00fcche sind, unser Zubeh\u00f6r ist f\u00fcr alle geeignet.<br \/>\nStellen Sie ohne Probleme im Handumdrehen k\u00f6stliche S\u00e4fte her und genie\u00dfen Sie den authentischen Geschmack.<br \/>\n&#8211; Genie\u00dfen Sie frische S\u00e4fte in wenigen Minuten f\u00fcr eine optimale Gesundheit.<br \/>\n&#8211; Vereinfachen Sie Ihre Reinigungsroutine, indem Sie Saft und Haushalt kombinieren.<br \/>\n&#8211; Nutzen Sie den Platz in Ihrer K\u00fcche optimal aus, indem Sie mehrere Zubeh\u00f6rteile durch ein einziges ersetzen.<\/p>\n<p>&nbsp;<\/p>\n<p>Wenn Sie nach weiterem <a href=\"https:\/\/accessormix.com\/de\/thermomix-zubehor\/\">Thermomix-Zubeh\u00f6r<\/a> suchen, sei es zum Verschenken oder f\u00fcr sich selbst, dann schauen Sie sich hier um<span class=\"Apple-converted-space\"><a href=\"https:\/\/accessormix.com\/de\/maximix-vergroessert-ihren-thermomix-varoma\/\"> Maximix<\/a>.<\/span><\/p>\n<p>&nbsp;<\/p>\n<p>\ud83d\udcac <i>&#8222;Juicomix hat meine morgendliche Routine in einen Moment des Wohlbefindens und der Gesundheit verwandelt!&#8220;<\/i> &#8211;<i>Sophie<\/i><\/p>\n<p>\ud83d\udcac <i>&#8222;Ich m\u00f6chte nicht mehr darauf verzichten, Juicomix hat mein Leben vereinfacht! &#8211; Marc<\/i><\/p>\n<p>&nbsp;<\/p>\n<h4 style=\"text-align: center;\"><b>Kompatibel mit den Modellen:<\/b><b>Thermomix: TM5, TM6 und TM31<\/b><\/h4>\n<p style=\"text-align: center;\">\u2705<b> Mit Accessormix, GARANTIE ODER GELD ZUR\u00dcCK, haben Sie 14 Tage Zeit, Ihre Meinung zu \u00e4ndern.<\/b><\/p>\n","protected":false},"excerpt":{"rendered":"<p>Entdecken Sie Juicomix, das revolution\u00e4re Zubeh\u00f6r, das das Entsaften und Putzen einfacher als je zuvor macht !<\/p>\n","protected":false},"featured_media":25751,"comment_status":"open","ping_status":"closed","template":"","meta":[],"product_brand":[],"product_cat":[217,220,221,213,212,214,215,211,216],"product_tag":[],"class_list":{"0":"post-25794","1":"product","2":"type-product","3":"status-publish","4":"has-post-thumbnail","6":"product_cat-thermomix-dampfgaren","7":"product_cat-thermomix-einfacher-im-alltag","8":"product_cat-thermomix-schutz","9":"product_cat-thermomix-zubehor-friend","10":"product_cat-thermomix-zubehoer-tm31","11":"product_cat-thermomix-zubehoer-tm5","12":"product_cat-thermomix-zubehoer-tm6","13":"product_cat-thermomix-zubehor","14":"product_cat-thermomix-zusatzfunktionen","16":"first","17":"instock","18":"featured","19":"shipping-taxable","20":"purchasable","21":"product-type-simple"},"_links":{"self":[{"href":"https:\/\/accessormix.com\/de\/wp-json\/wp\/v2\/product\/25794","targetHints":{"allow":["GET"]}}],"collection":[{"href":"https:\/\/accessormix.com\/de\/wp-json\/wp\/v2\/product"}],"about":[{"href":"https:\/\/accessormix.com\/de\/wp-json\/wp\/v2\/types\/product"}],"replies":[{"embeddable":true,"href":"https:\/\/accessormix.com\/de\/wp-json\/wp\/v2\/comments?post=25794"}],"version-history":[{"count":0,"href":"https:\/\/accessormix.com\/de\/wp-json\/wp\/v2\/product\/25794\/revisions"}],"wp:featuredmedia":[{"embeddable":true,"href":"https:\/\/accessormix.com\/de\/wp-json\/wp\/v2\/media\/25751"}],"wp:attachment":[{"href":"https:\/\/accessormix.com\/de\/wp-json\/wp\/v2\/media?parent=25794"}],"wp:term":[{"taxonomy":"product_brand","embeddable":true,"href":"https:\/\/accessormix.com\/de\/wp-json\/wp\/v2\/product_brand?post=25794"},{"taxonomy":"product_cat","embeddable":true,"href":"https:\/\/accessormix.com\/de\/wp-json\/wp\/v2\/product_cat?post=25794"},{"taxonomy":"product_tag","embeddable":true,"href":"https:\/\/accessormix.com\/de\/wp-json\/wp\/v2\/product_tag?post=25794"}],"curies":[{"name":"wp","href":"https:\/\/api.w.org\/{rel}","templated":true}]}}