{"id":25809,"date":"2024-06-04T14:24:36","date_gmt":"2024-06-04T12:24:36","guid":{"rendered":"https:\/\/accessormix.com\/minimix-schuesselreduzierer-fuer-thermomix\/"},"modified":"2026-04-17T08:11:14","modified_gmt":"2026-04-17T06:11:14","slug":"minimix-schuesselreduzierer-fuer-thermomix","status":"publish","type":"product","link":"https:\/\/accessormix.com\/de\/minimix-schuesselreduzierer-fuer-thermomix\/","title":{"rendered":"Minimix &#8211; Sch\u00fcsselreduzierer f\u00fcr Thermomix"},"content":{"rendered":"<h2>Sch\u00fcsselreduzierer f\u00fcr Thermomix<\/h2>\n<p>Optimieren Sie Ihre Kochk\u00fcnste mit unserem Sch\u00fcsselverkleinerer, der speziell f\u00fcr den Thermomix entwickelt wurde.<br \/>\nDieses innovative Zubeh\u00f6r reduziert die Gr\u00f6\u00dfe der Sch\u00fcssel, so dass Sie kleinere Mengen zubereiten k\u00f6nnen, ohne die Qualit\u00e4t zu beeintr\u00e4chtigen.<br \/>\nEr ist ideal f\u00fcr So\u00dfen, kleine Portionen oder feine Mischungen, l\u00e4sst sich leicht installieren und bietet eine hohe Pr\u00e4zision bei Ihren Rezepten.<br \/>\nEr ist mit allen Thermomix-Modellen kompatibel und hilft Ihnen dabei, Verschwendung zu vermeiden und gleichzeitig effizient zu kochen.<\/p>\n<h3>Pr\u00e4zision und Effizienz f\u00fcr Ihre kleinen Zubereitungen<\/h3>\n<p>Mit dem Sch\u00fcsselverkleinerer f\u00fcr den Thermomix k\u00f6nnen Sie kleine Mengen mit optimaler Pr\u00e4zision zubereiten, wodurch Verschwendung reduziert und die Qualit\u00e4t Ihrer Gerichte maximiert wird.<br \/>\nBereiten Sie perfekte Portionen mit dem Sch\u00fcsselverkleinerer zu, der f\u00fcr den praktischen und effizienten Gebrauch mit Ihrem Thermomix entwickelt wurde.<\/p>\n<ul>\n<li>Reduziert die Gr\u00f6\u00dfe der Sch\u00fcssel f\u00fcr kleine Mengen<\/li>\n<li>Einfache und schnelle Installation<\/li>\n<li>Kompatibel mit allen Thermomix-Modellen<\/li>\n<li>Ideal f\u00fcr Saucen und delikate Mischungen<\/li>\n<li>Leicht zu reinigen<\/li>\n<\/ul>\n<p>Wenn Sie nach weiterem <a href=\"https:\/\/accessormix.com\/de\/thermomix-zubehor\/\">Thermomix-Zubeh\u00f6r<\/a> suchen, sei es zum Verschenken oder f\u00fcr sich selbst, dann schauen Sie sich hier um<span class=\"Apple-converted-space\"><a href=\"https:\/\/accessormix.com\/de\/moulmix-silikon-backform-fuer-thermomix\/\"> Moulmix<\/a>.<\/span><\/p>\n<p>&nbsp;<\/p>\n<h4 style=\"text-align: center;\"><b>Kompatibel mit den Modellen:<\/b><b>Thermomix: TM5, TM6 und TM31<\/b><\/h4>\n<p style=\"text-align: center;\">\u2705<b> Mit Accessormix, GARANTIE ODER GELD ZUR\u00dcCK, haben Sie 14 Tage Zeit, Ihre Meinung zu \u00e4ndern.<\/b><\/p>\n","protected":false},"excerpt":{"rendered":"<p>Kochen Sie pr\u00e4zise mit dem Thermomix-Sch\u00fcsselverkleinerer, ideal f\u00fcr kleine Portionen, So\u00dfen und feine Mischungen.<\/p>\n","protected":false},"featured_media":19896,"comment_status":"open","ping_status":"closed","template":"","meta":[],"product_brand":[],"product_cat":[217,220,221,213,212,214,215,211,216],"product_tag":[],"class_list":{"0":"post-25809","1":"product","2":"type-product","3":"status-publish","4":"has-post-thumbnail","6":"product_cat-thermomix-dampfgaren","7":"product_cat-thermomix-einfacher-im-alltag","8":"product_cat-thermomix-schutz","9":"product_cat-thermomix-zubehor-friend","10":"product_cat-thermomix-zubehoer-tm31","11":"product_cat-thermomix-zubehoer-tm5","12":"product_cat-thermomix-zubehoer-tm6","13":"product_cat-thermomix-zubehor","14":"product_cat-thermomix-zusatzfunktionen","16":"first","17":"instock","18":"featured","19":"shipping-taxable","20":"purchasable","21":"product-type-simple"},"_links":{"self":[{"href":"https:\/\/accessormix.com\/de\/wp-json\/wp\/v2\/product\/25809","targetHints":{"allow":["GET"]}}],"collection":[{"href":"https:\/\/accessormix.com\/de\/wp-json\/wp\/v2\/product"}],"about":[{"href":"https:\/\/accessormix.com\/de\/wp-json\/wp\/v2\/types\/product"}],"replies":[{"embeddable":true,"href":"https:\/\/accessormix.com\/de\/wp-json\/wp\/v2\/comments?post=25809"}],"version-history":[{"count":0,"href":"https:\/\/accessormix.com\/de\/wp-json\/wp\/v2\/product\/25809\/revisions"}],"wp:featuredmedia":[{"embeddable":true,"href":"https:\/\/accessormix.com\/de\/wp-json\/wp\/v2\/media\/19896"}],"wp:attachment":[{"href":"https:\/\/accessormix.com\/de\/wp-json\/wp\/v2\/media?parent=25809"}],"wp:term":[{"taxonomy":"product_brand","embeddable":true,"href":"https:\/\/accessormix.com\/de\/wp-json\/wp\/v2\/product_brand?post=25809"},{"taxonomy":"product_cat","embeddable":true,"href":"https:\/\/accessormix.com\/de\/wp-json\/wp\/v2\/product_cat?post=25809"},{"taxonomy":"product_tag","embeddable":true,"href":"https:\/\/accessormix.com\/de\/wp-json\/wp\/v2\/product_tag?post=25809"}],"curies":[{"name":"wp","href":"https:\/\/api.w.org\/{rel}","templated":true}]}}