{"id":25826,"date":"2024-06-04T14:24:36","date_gmt":"2024-06-04T12:24:36","guid":{"rendered":"https:\/\/accessormix.com\/extractmix-teigausstecher-fuer-den-thermomix\/"},"modified":"2025-01-23T23:22:06","modified_gmt":"2025-01-23T22:22:06","slug":"extractmix-teigausstecher-fuer-den-thermomix","status":"publish","type":"product","link":"https:\/\/accessormix.com\/de\/extractmix-teigausstecher-fuer-den-thermomix\/","title":{"rendered":"Extractmix &#8211; Teigausstecher f\u00fcr den Thermomix"},"content":{"rendered":"<h2>Teigausstecher f\u00fcr den Thermomix<\/h2>\n<p>Verwandeln Sie Ihren Thermomix in ein professionelles Backwerkzeug mit unserem speziell entwickelten Teigausdr\u00fccker.<br \/>\nDieses Zubeh\u00f6r ist ideal zum Kneten, R\u00fchren und Extrahieren aller Arten von Teig und sorgt bei jeder Verwendung f\u00fcr gleichm\u00e4\u00dfige und perfekte Ergebnisse.<br \/>\nEr ist einfach zu installieren und mit allen Thermomix-Modellen kompatibel, so dass Sie im Handumdrehen selbstgemachten Teig herstellen k\u00f6nnen.<br \/>\nVereinfachen Sie Ihren Kochprozess und genie\u00dfen Sie die Kreationen der besten K\u00f6che.<\/p>\n<h3>Perfekte hausgemachte Nudeln bei jeder Verwendung<\/h3>\n<p>Der Teigausstecher f\u00fcr den Thermomix sorgt f\u00fcr eine gleichm\u00e4\u00dfige und m\u00fchelose Zubereitung und liefert Ergebnisse von professioneller Qualit\u00e4t.<br \/>\nEin Muss f\u00fcr alle, die gerne backen.<br \/>\nBereiten Sie frischen und schmackhaften Teig mit dem Teigausstecher f\u00fcr Ihren Thermomix zu.<\/p>\n<ul>\n<li>Gleichm\u00e4\u00dfiges Kneten und Mischen<\/li>\n<li>Einfache Installation<\/li>\n<li>Kompatibel mit allen Thermomix-Modellen<\/li>\n<li>Ideal f\u00fcr alle Arten von Nudeln<\/li>\n<li>Leicht zu reinigen<\/li>\n<\/ul>\n<p>Wenn Sie nach weiterem <a href=\"https:\/\/accessormix.com\/de\/thermomix-zubehor\/\">Thermomix-Zubeh\u00f6r<\/a> suchen, sei es zum Verschenken oder f\u00fcr sich selbst, dann schauen Sie sich hier um<span class=\"Apple-converted-space\"><a href=\"https:\/\/accessormix.com\/de\/filtramix-teefilter-fuer-thermomix\/\"> Flitramix<\/a>.<\/span><\/p>\n<p>&nbsp;<\/p>\n<h4 style=\"text-align: center;\"><b>Kompatibel mit den Modellen:<\/b><b>Thermomix: TM5, TM6 und TM31<\/b><\/h4>\n<p style=\"text-align: center;\">\u2705<b> Mit Accessormix, GARANTIE ODER GELD ZUR\u00dcCK, haben Sie 14 Tage Zeit, Ihre Meinung zu \u00e4ndern.<\/b><\/p>\n","protected":false},"excerpt":{"rendered":"<p>Bereiten Sie mit dem Teigausstecher f\u00fcr den Thermomix perfekte hausgemachte Nudeln zu.<br \/>\nEinfaches Kneten, gleichm\u00e4\u00dfige Ergebnisse, professionelle Qualit\u00e4t.<\/p>\n","protected":false},"featured_media":25819,"comment_status":"closed","ping_status":"closed","template":"","meta":[],"product_brand":[],"product_cat":[217,220,218,221,213,212,214,215,211,216],"product_tag":[],"class_list":{"0":"post-25826","1":"product","2":"type-product","3":"status-publish","4":"has-post-thumbnail","6":"product_cat-thermomix-dampfgaren","7":"product_cat-thermomix-einfacher-im-alltag","8":"product_cat-thermomix-reinigung","9":"product_cat-thermomix-schutz","10":"product_cat-thermomix-zubehor-friend","11":"product_cat-thermomix-zubehoer-tm31","12":"product_cat-thermomix-zubehoer-tm5","13":"product_cat-thermomix-zubehoer-tm6","14":"product_cat-thermomix-zubehor","15":"product_cat-thermomix-zusatzfunktionen","17":"first","18":"instock","19":"shipping-taxable","20":"purchasable","21":"product-type-simple"},"_links":{"self":[{"href":"https:\/\/accessormix.com\/de\/wp-json\/wp\/v2\/product\/25826","targetHints":{"allow":["GET"]}}],"collection":[{"href":"https:\/\/accessormix.com\/de\/wp-json\/wp\/v2\/product"}],"about":[{"href":"https:\/\/accessormix.com\/de\/wp-json\/wp\/v2\/types\/product"}],"replies":[{"embeddable":true,"href":"https:\/\/accessormix.com\/de\/wp-json\/wp\/v2\/comments?post=25826"}],"version-history":[{"count":0,"href":"https:\/\/accessormix.com\/de\/wp-json\/wp\/v2\/product\/25826\/revisions"}],"wp:featuredmedia":[{"embeddable":true,"href":"https:\/\/accessormix.com\/de\/wp-json\/wp\/v2\/media\/25819"}],"wp:attachment":[{"href":"https:\/\/accessormix.com\/de\/wp-json\/wp\/v2\/media?parent=25826"}],"wp:term":[{"taxonomy":"product_brand","embeddable":true,"href":"https:\/\/accessormix.com\/de\/wp-json\/wp\/v2\/product_brand?post=25826"},{"taxonomy":"product_cat","embeddable":true,"href":"https:\/\/accessormix.com\/de\/wp-json\/wp\/v2\/product_cat?post=25826"},{"taxonomy":"product_tag","embeddable":true,"href":"https:\/\/accessormix.com\/de\/wp-json\/wp\/v2\/product_tag?post=25826"}],"curies":[{"name":"wp","href":"https:\/\/api.w.org\/{rel}","templated":true}]}}