{"id":22251,"date":"2021-10-12T15:51:09","date_gmt":"2021-10-12T13:51:09","guid":{"rendered":"https:\/\/accessormix.com\/our-company\/"},"modified":"2024-10-31T23:25:10","modified_gmt":"2024-10-31T22:25:10","slug":"about-us","status":"publish","type":"page","link":"https:\/\/accessormix.com\/en\/about-us\/","title":{"rendered":"Our company"},"content":{"rendered":"\t\t<div data-elementor-type=\"wp-page\" data-elementor-id=\"22251\" class=\"elementor elementor-22251 elementor-4400\">\n\t\t\t\t<div class=\"wd-negative-gap elementor-element elementor-element-e242454 e-flex e-con-boxed e-con e-parent\" data-id=\"e242454\" data-element_type=\"container\">\n\t\t\t\t\t<div class=\"e-con-inner\">\n\t\t<div class=\"elementor-element elementor-element-39798c9 e-con-full e-flex e-con e-child\" data-id=\"39798c9\" data-element_type=\"container\">\n\t\t\t\t<div class=\"elementor-element elementor-element-56aec39 elementor-widget elementor-widget-wd_image_or_svg\" data-id=\"56aec39\" data-element_type=\"widget\" data-widget_type=\"wd_image_or_svg.default\">\n\t\t\t\t<div class=\"elementor-widget-container\">\n\t\t\t\t\t\n\t\t<div class=\"wd-image text-left\">\n\t\t\t\t\t\t\t\t<img fetchpriority=\"high\" decoding=\"async\" width=\"1200\" height=\"1200\" src=\"https:\/\/accessormix.com\/wp-content\/uploads\/2024\/10\/fmh5o5m5n9e.jpg\" class=\"attachment-full size-full\" alt=\"man in white button up shirt and black vest\" srcset=\"https:\/\/accessormix.com\/wp-content\/uploads\/2024\/10\/fmh5o5m5n9e.jpg 1200w, https:\/\/accessormix.com\/wp-content\/uploads\/2024\/10\/fmh5o5m5n9e-300x300.jpg 300w, https:\/\/accessormix.com\/wp-content\/uploads\/2024\/10\/fmh5o5m5n9e-800x800.jpg 800w, https:\/\/accessormix.com\/wp-content\/uploads\/2024\/10\/fmh5o5m5n9e-150x150.jpg 150w, https:\/\/accessormix.com\/wp-content\/uploads\/2024\/10\/fmh5o5m5n9e-768x768.jpg 768w, https:\/\/accessormix.com\/wp-content\/uploads\/2024\/10\/fmh5o5m5n9e-430x430.jpg 430w, https:\/\/accessormix.com\/wp-content\/uploads\/2024\/10\/fmh5o5m5n9e-700x700.jpg 700w\" sizes=\"(max-width: 1200px) 100vw, 1200px\" \/>\t\t\t\t\t<\/div>\n\n\t\t\t\t\t\t<\/div>\n\t\t\t\t<\/div>\n\t\t\t\t<\/div>\n\t\t<div class=\"elementor-element elementor-element-9dcc327 e-con-full e-flex e-con e-child\" data-id=\"9dcc327\" data-element_type=\"container\">\n\t\t\t\t<div class=\"elementor-element elementor-element-98d830b elementor-widget__width-initial wd-width-100 elementor-widget elementor-widget-wd_title\" data-id=\"98d830b\" data-element_type=\"widget\" data-widget_type=\"wd_title.default\">\n\t\t\t\t<div class=\"elementor-widget-container\">\n\t\t\t\t\t\t\t<div class=\"title-wrapper wd-set-mb reset-last-child wd-title-color-primary wd-title-style-default wd-title-size-large text-left\">\n\n\t\t\t\t\t\t\t\t\t\t\t<div class=\"title-subtitle subtitle-color-primary subtitle-style-default wd-fontsize-xs\">\n\t\t\t\t\tAccesormix\u00ae . The Story\t\t\t\t<\/div>\n\t\t\t\n\t\t\t<div class=\"liner-continer\">\n\t\t\t\t<h4 class=\"woodmart-title-container title wd-fontsize-xxl\">An idea in the making \ud83d\udc68\ud83c\udffb\u200d\ud83c\udf73<\/h4> \n\t\t\t\t\t\t\t<\/div>\n\n\t\t\t\t\t\t\t<div class=\"title-after_title reset-last-child wd-fontsize-s\">\n\t\t\t\t\t<p>C'\u00e9tait en 2011, dans une cuisine du c\u0153ur de la France. Thomas, un jeune entrepreneur passionn\u00e9 de gastronomie, venait d'acqu\u00e9rir son premier Thermomix. Fascin\u00e9 par les possibilit\u00e9s de cet appareil r\u00e9volutionnaire, il se lan\u00e7a dans une qu\u00eate culinaire sans pr\u00e9c\u00e9dent.<\/p><p>Une id\u00e9e qui mijote \u00e0 la fran\u00e7aise...<\/p><p>Au fil de ses exp\u00e9rimentations, Thomas r\u00e9alisa que certains accessoires manquaient pour exploiter pleinement le potentiel de son Thermomix. Inspir\u00e9 par l'ing\u00e9niosit\u00e9 fran\u00e7aise et la tradition culinaire de son pays, il commen\u00e7a \u00e0 imaginer des solutions innovantes.<\/p>\t\t\t\t<\/div>\n\t\t\t\t\t<\/div>\n\t\t\t\t\t\t<\/div>\n\t\t\t\t<\/div>\n\t\t\t\t<\/div>\n\t\t\t\t\t<\/div>\n\t\t\t\t<\/div>\n\t\t<div class=\"wd-negative-gap elementor-element elementor-element-b079210 e-flex e-con-boxed e-con e-parent\" data-id=\"b079210\" data-element_type=\"container\">\n\t\t\t\t\t<div class=\"e-con-inner\">\n\t\t<div class=\"elementor-element elementor-element-858dc47 e-con-full e-flex e-con e-child\" data-id=\"858dc47\" data-element_type=\"container\">\n\t\t\t\t<div class=\"elementor-element elementor-element-8b85fe0 elementor-widget__width-initial wd-width-100 elementor-widget elementor-widget-wd_title\" data-id=\"8b85fe0\" data-element_type=\"widget\" data-widget_type=\"wd_title.default\">\n\t\t\t\t<div class=\"elementor-widget-container\">\n\t\t\t\t\t\t\t<div class=\"title-wrapper wd-set-mb reset-last-child wd-title-color-primary wd-title-style-default wd-title-size-large text-left\">\n\n\t\t\t\t\t\t\t\t\t\t\t<div class=\"title-subtitle subtitle-color-primary subtitle-style-default wd-fontsize-xs\">\n\t\t\t\t\tAccesormix\u00ae . The Story\t\t\t\t<\/div>\n\t\t\t\n\t\t\t<div class=\"liner-continer\">\n\t\t\t\t<h3 class=\"woodmart-title-container title wd-fontsize-xxl\">Accessormix: a French brand is born...  <\/h3> \n\t\t\t\t\t\t\t<\/div>\n\n\t\t\t\t\t\t\t<div class=\"title-after_title reset-last-child wd-fontsize-s\">\n\t\t\t\t\t<p>Fort de ses id\u00e9es et de sa volont\u00e9 d'innover, Thomas fonda Accessormix en 2011. Sa mission ? Cr\u00e9er une marque 100% fran\u00e7aise, d\u00e9di\u00e9e \u00e0 l'am\u00e9lioration de l'exp\u00e9rience Thermomix. Il s'entoura d'artisans et de designers locaux, partageant tous la m\u00eame passion pour la cuisine et l'innovation.<\/p><p>Notre engagement \"Valeurs Fran\u00e7aise\"...<\/p><p>Depuis plus d'une d\u00e9cennie, Accessormix incarne l'excellence fran\u00e7aise dans le monde des accessoires pour Thermomix. Chaque produit est con\u00e7u, d\u00e9velopp\u00e9 et fabriqu\u00e9 en France, alliant savoir-faire traditionnel et technologies de pointe.<\/p><p>Une id\u00e9e qui mijote \u00e0 la fran\u00e7aise...<\/p>\t\t\t\t<\/div>\n\t\t\t\t\t<\/div>\n\t\t\t\t\t\t<\/div>\n\t\t\t\t<\/div>\n\t\t\t\t<\/div>\n\t\t<div class=\"elementor-element elementor-element-fcf688e e-con-full e-flex e-con e-child\" data-id=\"fcf688e\" data-element_type=\"container\">\n\t\t\t\t<div class=\"elementor-element elementor-element-0839c31 elementor-widget elementor-widget-image\" data-id=\"0839c31\" data-element_type=\"widget\" data-widget_type=\"image.default\">\n\t\t\t\t<div class=\"elementor-widget-container\">\n\t\t\t\t\t\t\t\t\t\t\t\t\t\t\t<img decoding=\"async\" width=\"800\" height=\"800\" src=\"https:\/\/accessormix.com\/wp-content\/uploads\/2024\/10\/d5hebhy-pe-800x800.jpg\" class=\"attachment-large size-large wp-image-33178\" alt=\"\" srcset=\"https:\/\/accessormix.com\/wp-content\/uploads\/2024\/10\/d5hebhy-pe-800x800.jpg 800w, https:\/\/accessormix.com\/wp-content\/uploads\/2024\/10\/d5hebhy-pe-300x300.jpg 300w, https:\/\/accessormix.com\/wp-content\/uploads\/2024\/10\/d5hebhy-pe-150x150.jpg 150w, https:\/\/accessormix.com\/wp-content\/uploads\/2024\/10\/d5hebhy-pe-768x768.jpg 768w, https:\/\/accessormix.com\/wp-content\/uploads\/2024\/10\/d5hebhy-pe-430x430.jpg 430w, https:\/\/accessormix.com\/wp-content\/uploads\/2024\/10\/d5hebhy-pe-700x700.jpg 700w, https:\/\/accessormix.com\/wp-content\/uploads\/2024\/10\/d5hebhy-pe.jpg 1200w\" sizes=\"(max-width: 800px) 100vw, 800px\" \/>\t\t\t\t\t\t\t\t\t\t\t\t\t\t\t<\/div>\n\t\t\t\t<\/div>\n\t\t\t\t<\/div>\n\t\t\t\t\t<\/div>\n\t\t\t\t<\/div>\n\t\t<div class=\"wd-negative-gap elementor-element elementor-element-07dc87f e-flex e-con-boxed e-con e-parent\" data-id=\"07dc87f\" data-element_type=\"container\">\n\t\t\t\t\t<div class=\"e-con-inner\">\n\t\t<div class=\"elementor-element elementor-element-5ae3ab8 e-con-full e-flex e-con e-child\" data-id=\"5ae3ab8\" data-element_type=\"container\">\n\t\t\t\t<div class=\"elementor-element elementor-element-02d677d elementor-widget elementor-widget-image\" data-id=\"02d677d\" data-element_type=\"widget\" data-widget_type=\"image.default\">\n\t\t\t\t<div class=\"elementor-widget-container\">\n\t\t\t\t\t\t\t\t\t\t\t\t\t\t\t<img decoding=\"async\" width=\"797\" height=\"800\" src=\"https:\/\/accessormix.com\/wp-content\/uploads\/2024\/10\/kqr3enyfrpw-797x800.jpg\" class=\"attachment-large size-large wp-image-33173\" alt=\"\" srcset=\"https:\/\/accessormix.com\/wp-content\/uploads\/2024\/10\/kqr3enyfrpw-797x800.jpg 797w, https:\/\/accessormix.com\/wp-content\/uploads\/2024\/10\/kqr3enyfrpw-299x300.jpg 299w, https:\/\/accessormix.com\/wp-content\/uploads\/2024\/10\/kqr3enyfrpw-150x151.jpg 150w, https:\/\/accessormix.com\/wp-content\/uploads\/2024\/10\/kqr3enyfrpw-768x771.jpg 768w, https:\/\/accessormix.com\/wp-content\/uploads\/2024\/10\/kqr3enyfrpw-430x431.jpg 430w, https:\/\/accessormix.com\/wp-content\/uploads\/2024\/10\/kqr3enyfrpw-700x702.jpg 700w, https:\/\/accessormix.com\/wp-content\/uploads\/2024\/10\/kqr3enyfrpw.jpg 1196w\" sizes=\"(max-width: 797px) 100vw, 797px\" \/>\t\t\t\t\t\t\t\t\t\t\t\t\t\t\t<\/div>\n\t\t\t\t<\/div>\n\t\t\t\t<\/div>\n\t\t<div class=\"elementor-element elementor-element-0a44ffd e-con-full e-flex e-con e-child\" data-id=\"0a44ffd\" data-element_type=\"container\">\n\t\t\t\t<div class=\"elementor-element elementor-element-8a5512e elementor-widget__width-initial wd-width-100 elementor-widget elementor-widget-wd_title\" data-id=\"8a5512e\" data-element_type=\"widget\" data-widget_type=\"wd_title.default\">\n\t\t\t\t<div class=\"elementor-widget-container\">\n\t\t\t\t\t\t\t<div class=\"title-wrapper wd-set-mb reset-last-child wd-title-color-primary wd-title-style-default wd-title-size-large text-left\">\n\n\t\t\t\t\t\t\t\t\t\t\t<div class=\"title-subtitle subtitle-color-primary subtitle-style-default wd-fontsize-xs\">\n\t\t\t\t\tAccesormix\u00ae . The Story\t\t\t\t<\/div>\n\t\t\t\n\t\t\t<div class=\"liner-continer\">\n\t\t\t\t<h3 class=\"woodmart-title-container title wd-fontsize-xxl\">A growing community... \ud83d\udc65<\/h3> \n\t\t\t\t\t\t\t<\/div>\n\n\t\t\t\t\t\t\t<div class=\"title-after_title reset-last-child wd-fontsize-s\">\n\t\t\t\t\t<p>Au fil des ann\u00e9es, Accessormix est devenu bien plus qu'une simple marque. C'est une communaut\u00e9 florissante de cuisiniers amateurs et professionnels, unis par leur amour du Thermomix et leur fiert\u00e9 de soutenir une entreprise fran\u00e7aise.<\/p><p>L'avenir se cuisine \u00e0 la fran\u00e7aise...<\/p><p>Aujourd'hui, Accessormix continue d'innover, fid\u00e8le \u00e0 ses racines fran\u00e7aises et \u00e0 son engagement pour la qualit\u00e9. Notre \u00e9quipe travaille sans rel\u00e2che pour cr\u00e9er des accessoires qui subliment vos exp\u00e9riences culinaires, tout en soutenant l'\u00e9conomie locale.<\/p><p>Rejoignez l'aventure Accessormix, et ensemble, c\u00e9l\u00e9brons la cuisine fran\u00e7aise r\u00e9invent\u00e9e par le Thermomix et nos accessoires innovants !\"<\/p>\t\t\t\t<\/div>\n\t\t\t\t\t<\/div>\n\t\t\t\t\t\t<\/div>\n\t\t\t\t<\/div>\n\t\t\t\t<\/div>\n\t\t\t\t\t<\/div>\n\t\t\t\t<\/div>\n\t\t\t\t<\/div>\n\t\t","protected":false},"excerpt":{"rendered":"<p>Accesormix\u00ae . The Story An idea in the making \ud83d\udc68\ud83c\udffb\u200d\ud83c\udf73 C&#8217;\u00e9tait en 2011, dans une cuisine du c\u0153ur de la<\/p>\n","protected":false},"author":1,"featured_media":0,"parent":0,"menu_order":0,"comment_status":"closed","ping_status":"closed","template":"","meta":{"footnotes":""},"class_list":["post-22251","page","type-page","status-publish","hentry"],"_links":{"self":[{"href":"https:\/\/accessormix.com\/en\/wp-json\/wp\/v2\/pages\/22251","targetHints":{"allow":["GET"]}}],"collection":[{"href":"https:\/\/accessormix.com\/en\/wp-json\/wp\/v2\/pages"}],"about":[{"href":"https:\/\/accessormix.com\/en\/wp-json\/wp\/v2\/types\/page"}],"author":[{"embeddable":true,"href":"https:\/\/accessormix.com\/en\/wp-json\/wp\/v2\/users\/1"}],"replies":[{"embeddable":true,"href":"https:\/\/accessormix.com\/en\/wp-json\/wp\/v2\/comments?post=22251"}],"version-history":[{"count":0,"href":"https:\/\/accessormix.com\/en\/wp-json\/wp\/v2\/pages\/22251\/revisions"}],"wp:attachment":[{"href":"https:\/\/accessormix.com\/en\/wp-json\/wp\/v2\/media?parent=22251"}],"curies":[{"name":"wp","href":"https:\/\/api.w.org\/{rel}","templated":true}]}}