{"id":22348,"date":"2024-02-25T14:17:33","date_gmt":"2024-02-25T13:17:33","guid":{"rendered":"https:\/\/accessormix.com\/envios-y-devoluciones\/"},"modified":"2024-08-08T17:06:10","modified_gmt":"2024-08-08T15:06:10","slug":"envios-y-devoluciones","status":"publish","type":"page","link":"https:\/\/accessormix.com\/es\/envios-y-devoluciones\/","title":{"rendered":"Env\u00edos y devoluciones"},"content":{"rendered":"\t\t<div data-elementor-type=\"wp-page\" data-elementor-id=\"22348\" class=\"elementor elementor-22348 elementor-15651\">\n\t\t\t\t<div class=\"wd-negative-gap elementor-element elementor-element-af7ede6 e-flex e-con-boxed e-con e-parent\" data-id=\"af7ede6\" data-element_type=\"container\">\n\t\t\t\t\t<div class=\"e-con-inner\">\n\t\t\t\t<div class=\"elementor-element elementor-element-a527a38 elementor-widget elementor-widget-wd_text_block\" data-id=\"a527a38\" data-element_type=\"widget\" data-widget_type=\"wd_text_block.default\">\n\t\t\t\t<div class=\"elementor-widget-container\">\n\t\t\t\t\t\t\t<div class=\"wd-text-block reset-last-child text-left\">\n\t\t\t\n\t\t\t<p>Aplicamos una pol\u00edtica de devoluciones de 14 d\u00edas, lo que significa que tienes 14 d\u00edas despu\u00e9s de recibir el art\u00edculo para solicitar una devoluci\u00f3n.<\/p><p>Para poder devolverlo, tu art\u00edculo debe estar en las mismas condiciones en que lo recibiste, sin abrir ni utilizar, con las etiquetas y en su embalaje original.\nTambi\u00e9n necesitar\u00e1s tu recibo o prueba de compra. <\/p><p>Para realizar una devoluci\u00f3n, puedes ponerte en contacto con nosotros a trav\u00e9s de la <a href=\"https:\/\/accessormix.com\/es\/ponte-en-contacto-con\/\">p\u00e1gina de contacto<\/a>.\nSi se acepta tu devoluci\u00f3n, te enviaremos instrucciones sobre c\u00f3mo y d\u00f3nde enviar tu paquete.\nNo se aceptar\u00e1n art\u00edculos devueltos sin una solicitud de devoluci\u00f3n.  <\/p><p>Si tienes alguna duda sobre las devoluciones, siempre puedes ponerte en contacto con nosotros a trav\u00e9s de nuestra p\u00e1gina de contacto.<\/p><p> <\/p><h3>Gastos de env\u00edo<\/h3><p>Entendemos la importancia de una experiencia de compra sin problemas.\n<br>Si decides devolver un art\u00edculo, recuerda que eres responsable de los gastos de env\u00edo. Para comodidad de nuestros clientes, nos complace informarte de que disponemos de almacenes de devoluci\u00f3n situados en Europa y Estados Unidos. <\/p><p>Si vives en estas regiones, puedes beneficiarte del env\u00edo nacional para tus devoluciones.\nTe daremos las direcciones concretas de nuestros almacenes de devoluciones cuando solicites tu devoluci\u00f3n. <\/p><p>Para nuestros valiosos clientes de fuera de estas regiones, nos disculpamos sinceramente por cualquier inconveniente y agradecemos tu comprensi\u00f3n.\nNos comprometemos a ofrecerte la mejor experiencia de compra posible. <\/p><p> <\/p><h3>Costes de reaprovisionamiento<\/h3><p>Se cobrar\u00e1n 10 euros en concepto de gastos de env\u00edo por la devoluci\u00f3n de art\u00edculos.<\/p><p> <\/p><h3>Da\u00f1os y problemas<\/h3><p>Inspecciona tu pedido al recibirlo para asegurarte de que no est\u00e1 da\u00f1ado.<\/p><p> <\/p><h3>Pol\u00edtica de devoluci\u00f3n autom\u00e1tica<\/h3><p>Si un paquete vuelve a nuestro almac\u00e9n, se lo devolveremos autom\u00e1ticamente al cliente sin coste adicional.\nEsto cubre los casos habituales en los que el paquete no se ha recogido o se ha producido un problema de direcci\u00f3n, lo que suele ocurrir por parte del cliente.\nLo solucionaremos por ti sin coste adicional.  <\/p><p>Si hay alg\u00fan problema con el art\u00edculo que has recibido, por supuesto puedes devolverlo para obtener un reembolso, de acuerdo con nuestra pol\u00edtica de devoluciones.<\/p><p> <\/p><h3>Intercambios<\/h3><p>La forma m\u00e1s r\u00e1pida de asegurarte de que consigues lo que quieres es devolver el art\u00edculo que tienes y, una vez aceptada la devoluci\u00f3n, hacer una compra por separado del nuevo art\u00edculo.<\/p><p> <\/p><h3>Devoluciones<\/h3><p>Te informaremos tan pronto como hayamos recibido e inspeccionado tu devoluci\u00f3n, y te comunicaremos si el reembolso ha sido aprobado o no.<\/p><p><br>Si se aprueba el reembolso, se te reembolsar\u00e1 autom\u00e1ticamente a trav\u00e9s de tu m\u00e9todo de pago original. Ten en cuenta que tu banco o compa\u00f1\u00eda de tarjeta de cr\u00e9dito puede tardar alg\u00fan tiempo en procesar y enviar el reembolso.\n(Entre 5 y 15 d\u00edas laborables) <\/p><p> <\/p><h3>Art\u00edculos no retornables<\/h3><p><br>Por higiene y seguridad de nuestros clientes, determinados art\u00edculos se consideran no retornables, entre los que se incluyen los siguientes Cucharas, filtros y otros productos en contacto con alimentos.<\/p><p>Cualquier art\u00edculo que haya sido abierto, lavado, da\u00f1ado, roto o modificado de cualquier forma.<\/p><p>Consulta la descripci\u00f3n del producto y la documentaci\u00f3n que lo acompa\u00f1a para obtener informaci\u00f3n espec\u00edfica sobre la devoluci\u00f3n de cada producto.\nSi no est\u00e1s seguro de si tu art\u00edculo puede devolverse, ponte en contacto con nuestro servicio de atenci\u00f3n al cliente antes de devolverlo. <\/p><p>Gracias por comprar con nosotros y comprender nuestra pol\u00edtica de devoluciones para garantizar una experiencia segura y agradable a todos nuestros clientes.<\/p>\n\t\t\t\t\t<\/div>\n\t\t\t\t\t\t<\/div>\n\t\t\t\t<\/div>\n\t\t\t\t\t<\/div>\n\t\t\t\t<\/div>\n\t\t<div class=\"wd-negative-gap elementor-element elementor-element-2bd48ad e-flex e-con-boxed e-con e-parent\" data-id=\"2bd48ad\" data-element_type=\"container\">\n\t\t\t\t\t<div class=\"e-con-inner\">\n\t\t\t\t<div class=\"elementor-element elementor-element-b089a97 elementor-widget elementor-widget-wd_button\" data-id=\"b089a97\" data-element_type=\"widget\" data-widget_type=\"wd_button.default\">\n\t\t\t\t<div class=\"elementor-widget-container\">\n\t\t\t\t\t\t\t<div class=\"wd-button-wrapper text-center\" >\n\t\t\t<a class=\"btn btn-style-default btn-shape-semi-round btn-size-extra-large btn-color-primary btn-icon-pos-right\"  href=\"https:\/\/accessormix.com\/es\/ponte-en-contacto-con\/\">\n\t\t\t\t<span class=\"wd-btn-text\" data-elementor-setting-key=\"text\">\n\t\t\t\t\tSolicitar una devoluci\u00f3n\t\t\t\t<\/span>\n\n\t\t\t\t\t\t\t\t\t<span class=\"wd-btn-icon\">\n\t\t\t\t\t\t<svg class=\"wd-icon e-font-icon-svg e-far-arrow-alt-circle-right\" viewBox=\"0 0 512 512\" xmlns=\"http:\/\/www.w3.org\/2000\/svg\"><path d=\"M504 256C504 119 393 8 256 8S8 119 8 256s111 248 248 248 248-111 248-248zm-448 0c0-110.5 89.5-200 200-200s200 89.5 200 200-89.5 200-200 200S56 366.5 56 256zm72 20v-40c0-6.6 5.4-12 12-12h116v-67c0-10.7 12.9-16 20.5-8.5l99 99c4.7 4.7 4.7 12.3 0 17l-99 99c-7.6 7.6-20.5 2.2-20.5-8.5v-67H140c-6.6 0-12-5.4-12-12z\"><\/path><\/svg>\t\t\t\t\t<\/span>\n\t\t\t\t\t\t\t<\/a>\n\t\t<\/div>\n\t\t\t\t\t\t<\/div>\n\t\t\t\t<\/div>\n\t\t\t\t\t<\/div>\n\t\t\t\t<\/div>\n\t\t\t\t<\/div>\n\t\t","protected":false},"excerpt":{"rendered":"<p>Aplicamos una pol\u00edtica de devoluciones de 14 d\u00edas, lo que significa que tienes 14 d\u00edas despu\u00e9s de recibir el art\u00edculo<\/p>\n","protected":false},"author":1,"featured_media":0,"parent":0,"menu_order":0,"comment_status":"closed","ping_status":"closed","template":"","meta":{"footnotes":""},"class_list":["post-22348","page","type-page","status-publish","hentry"],"_hostinger_reach_plugin_has_subscription_block":false,"_hostinger_reach_plugin_is_elementor":false,"_links":{"self":[{"href":"https:\/\/accessormix.com\/es\/wp-json\/wp\/v2\/pages\/22348","targetHints":{"allow":["GET"]}}],"collection":[{"href":"https:\/\/accessormix.com\/es\/wp-json\/wp\/v2\/pages"}],"about":[{"href":"https:\/\/accessormix.com\/es\/wp-json\/wp\/v2\/types\/page"}],"author":[{"embeddable":true,"href":"https:\/\/accessormix.com\/es\/wp-json\/wp\/v2\/users\/1"}],"replies":[{"embeddable":true,"href":"https:\/\/accessormix.com\/es\/wp-json\/wp\/v2\/comments?post=22348"}],"version-history":[{"count":0,"href":"https:\/\/accessormix.com\/es\/wp-json\/wp\/v2\/pages\/22348\/revisions"}],"wp:attachment":[{"href":"https:\/\/accessormix.com\/es\/wp-json\/wp\/v2\/media?parent=22348"}],"curies":[{"name":"wp","href":"https:\/\/api.w.org\/{rel}","templated":true}]}}