{"id":23024,"date":"2024-06-04T15:06:07","date_gmt":"2024-06-04T13:06:07","guid":{"rendered":"https:\/\/accessormix.com\/platemix-plato-para-cocinar-al-vapor\/"},"modified":"2025-01-23T23:20:36","modified_gmt":"2025-01-23T22:20:36","slug":"platemix-plato-para-cocinar-al-vapor","status":"publish","type":"product","link":"https:\/\/accessormix.com\/es\/platemix-plato-para-cocinar-al-vapor\/","title":{"rendered":"Platemix &#8211; Plato para cocinar al vapor"},"content":{"rendered":"<h2 class=\"p1\"><b>Bandeja de acero para cocinar al vapor: Mejora tus platos Thermomix<\/b><\/h2>\n<p class=\"p3\">Descubre nuestra bandeja de vapor de acero, especialmente dise\u00f1ada para tu Thermomix.<br \/>\nEste accesorio robusto y elegante te permite explorar nuevas dimensiones culinarias.<\/p>\n<p class=\"p3\">Prepara comidas sanas y sabrosas conservando los nutrientes de tus alimentos.<br \/>\nSu dise\u00f1o inteligente asegura una distribuci\u00f3n uniforme del vapor, garantizando una cocci\u00f3n homog\u00e9nea de tus ingredientes, desde verduras crujientes hasta pescados delicados.<\/p>\n<p><img decoding=\"async\" class=\"aligncenter\" style=\"display: block; margin-left: auto; margin-right: auto;\" src=\"https:\/\/cdn.shopify.com\/s\/files\/1\/0654\/3343\/6419\/files\/196_12fe3f4f-5059-4f9a-9511-13f9114642cf_480x480.jpg?v=1674911701\" alt=\"\" \/><\/p>\n<p>&nbsp;<\/p>\n<h2 class=\"p1\"><b>Eleva tu arte culinario con el poder del vapor<\/b><\/h2>\n<p class=\"p3\">Domina el arte de cocinar al vapor e impresiona a tus invitados con platos dignos de un chef.<br \/>\nNuestra bandeja de acero te ofrece versatilidad y precisi\u00f3n para obtener resultados gourmet en todo momento.<\/p>\n<p class=\"p3\">Convierte tu Thermomix en una estaci\u00f3n de cocci\u00f3n al vapor profesional.<br \/>\nSalud, sabor y facilidad se unen para conseguir comidas excepcionales cada d\u00eda.<\/p>\n<ul class=\"ul1\">\n<li class=\"li3\">Acero inoxidable de alta calidad<\/li>\n<li class=\"li3\">Dise\u00f1o optimizado para una circulaci\u00f3n perfecta del vapor<\/li>\n<li class=\"li3\">Gran capacidad para comidas familiares<\/li>\n<li class=\"li3\">F\u00e1cil de limpiar, apto para lavavajillas<\/li>\n<li class=\"li3\">Encaja perfectamente en tu Thermomix<\/li>\n<\/ul>\n<p>&nbsp;<\/p>\n<p><img decoding=\"async\" style=\"display: block; margin-left: auto; margin-right: auto;\" src=\"https:\/\/cdn.shopify.com\/s\/files\/1\/0654\/3343\/6419\/files\/238_480x480.jpg?v=1674911994\" alt=\"\" \/><\/p>\n<p>&nbsp;<\/p>\n<h3 class=\"p1\"><b>Una inversi\u00f3n duradera en tu cocina<\/b><\/h3>\n<p class=\"p3\">Fabricada en acero inoxidable de alta calidad, nuestra bandeja de vapor est\u00e1 hecha para durar.<br \/>\nResistente a la corrosi\u00f3n y los ara\u00f1azos, conservar\u00e1 su aspecto impecable a lo largo de los a\u00f1os, incluso con un uso intensivo.<\/p>\n<p class=\"p3\">Este vers\u00e1til accesorio se adapta perfectamente a tu rutina culinaria, permiti\u00e9ndote preparar una gran variedad de platos, desde crujientes verduras hasta delicados mariscos, sin ning\u00fan esfuerzo adicional.<\/p>\n<p>&nbsp;<\/p>\n<p><strong><img decoding=\"async\" style=\"display: block; margin-left: auto; margin-right: auto;\" src=\"https:\/\/cdn.shopify.com\/s\/files\/1\/0654\/3343\/6419\/files\/200_480x480.jpg?v=1674911663\" alt=\"\" \/><\/strong><\/p>\n<p>&nbsp;<\/p>\n<h2 class=\"p1\"><b>F\u00e1cil de usar y mantenimiento sin problemas<\/b><\/h2>\n<p class=\"p3\">La ergonom\u00eda ha estado en el centro del dise\u00f1o de esta bandeja de vapor.<br \/>\nF\u00e1cil de instalar y retirar de tu Thermomix, simplifica tus preparaciones diarias.<br \/>\nSu dise\u00f1o inteligente facilita su limpieza, a mano o en el lavavajillas.<\/p>\n<p class=\"p3\">Lib\u00e9rate de las limitaciones y conc\u00e9ntrate en lo importante: crear comidas deliciosas y equilibradas para ti y los tuyos.<\/p>\n<p class=\"p2\">Si busca otros <a href=\"https:\/\/accessormix.com\/es\/accesorios-thermomix\/\">accesorios Thermomix <\/a>para regalar o para usted mismo, descubra <a href=\"https:\/\/accessormix.com\/es\/poachimix-portahuevos-para-thermomix\/\">Poachmix<\/a>.<\/p>\n<p>&nbsp;<\/p>\n<h4 class=\"p2\" style=\"text-align: center;\"><b>Compatible con los siguientes modelos: Thermomix : TM5, TM6 y TM31.<\/b><\/h4>\n<p class=\"p2\" style=\"text-align: center;\"><span class=\"s1\">\u2705<\/span><b> Con Accessormix, GARANT\u00cdA O DEVOLUCI\u00d3N DEL DINERO, tienes 14 d\u00edas para devolverlo<\/b><\/p>\n","protected":false},"excerpt":{"rendered":"<p>Maximiza tu Thermomix con nuestra bandeja de vapor de acero inoxidable.<br \/>\nCocina sano, conserva los nutrientes y saca lo mejor de tus platos.<br \/>\nCalidad profesional, f\u00e1cil de limpiar.<\/p>\n","protected":false},"featured_media":20958,"comment_status":"open","ping_status":"closed","template":"","meta":[],"product_brand":[],"product_cat":[273,275,274,276,277,278,282,279],"product_tag":[],"class_list":{"0":"post-23024","1":"product","2":"type-product","3":"status-publish","4":"has-post-thumbnail","6":"product_cat-accesorios-thermomix","7":"product_cat-accesorios-thermomix-friend","8":"product_cat-accesorios-thermomix-tm31","9":"product_cat-accesorios-thermomix-tm5","10":"product_cat-accesorios-thermomix-tm6","11":"product_cat-funciones-adicionales-thermomix","12":"product_cat-thermomix-cada-dia-mas-facil","13":"product_cat-thermomix-cocinar-al-vapor","15":"first","16":"instock","17":"shipping-taxable","18":"purchasable","19":"product-type-simple"},"_links":{"self":[{"href":"https:\/\/accessormix.com\/es\/wp-json\/wp\/v2\/product\/23024","targetHints":{"allow":["GET"]}}],"collection":[{"href":"https:\/\/accessormix.com\/es\/wp-json\/wp\/v2\/product"}],"about":[{"href":"https:\/\/accessormix.com\/es\/wp-json\/wp\/v2\/types\/product"}],"replies":[{"embeddable":true,"href":"https:\/\/accessormix.com\/es\/wp-json\/wp\/v2\/comments?post=23024"}],"version-history":[{"count":0,"href":"https:\/\/accessormix.com\/es\/wp-json\/wp\/v2\/product\/23024\/revisions"}],"wp:featuredmedia":[{"embeddable":true,"href":"https:\/\/accessormix.com\/es\/wp-json\/wp\/v2\/media\/20958"}],"wp:attachment":[{"href":"https:\/\/accessormix.com\/es\/wp-json\/wp\/v2\/media?parent=23024"}],"wp:term":[{"taxonomy":"product_brand","embeddable":true,"href":"https:\/\/accessormix.com\/es\/wp-json\/wp\/v2\/product_brand?post=23024"},{"taxonomy":"product_cat","embeddable":true,"href":"https:\/\/accessormix.com\/es\/wp-json\/wp\/v2\/product_cat?post=23024"},{"taxonomy":"product_tag","embeddable":true,"href":"https:\/\/accessormix.com\/es\/wp-json\/wp\/v2\/product_tag?post=23024"}],"curies":[{"name":"wp","href":"https:\/\/api.w.org\/{rel}","templated":true}]}}