{"id":24837,"date":"2024-06-04T15:04:17","date_gmt":"2024-06-04T13:04:17","guid":{"rendered":"https:\/\/accessormix.com\/essormix-centrifugador-de-ensaladas-para-thermomix\/"},"modified":"2025-01-24T18:32:55","modified_gmt":"2025-01-24T17:32:55","slug":"essormix-centrifugador-de-ensaladas-para-thermomix","status":"publish","type":"product","link":"https:\/\/accessormix.com\/es\/essormix-centrifugador-de-ensaladas-para-thermomix\/","title":{"rendered":"Essormix &#8211; Centrifugador de ensaladas para Thermomix"},"content":{"rendered":"<h1><b>Revolucionario centrifugador de ensaladas para Thermomix: Frescura instant\u00e1nea<\/b><\/h1>\n<p>Descubre nuestro innovador centrifugador de ensaladas, especialmente dise\u00f1ado para tu Thermomix.<br \/>\nCombinando practicidad y eficacia, este accesorio esencial convierte la preparaci\u00f3n de tus ensaladas en un juego de ni\u00f1os.<br \/>\nDesp\u00eddete de las hojas encharcadas y da la bienvenida a la frescura crujiente en cada bocado.<br \/>\nOptimiza tu experiencia culinaria con nuestro centrifugador de ensaladas Thermomix.<br \/>\nAhorra tiempo, conserva los nutrientes y disfruta de ensaladas perfectamente preparadas.<\/p>\n<p><img decoding=\"async\" class=\"aligncenter\" style=\"display: block; margin-left: auto; margin-right: auto;\" src=\"https:\/\/cdn.shopify.com\/s\/files\/1\/0654\/3343\/6419\/files\/Cuisamix1_480x480.gif?v=1703953829\" alt=\"\" \/><\/p>\n<p>&nbsp;<\/p>\n<h3><b>El aliado perfecto para ensaladas crujientes y sabrosas<\/b><\/h3>\n<p>Nuestra centrifugadora encaja perfectamente en tu Thermomix, proporcionando una soluci\u00f3n todo en uno para lavar, escurrir y secar tus verduras.<br \/>\nDisfruta de una ensalada fresca y crujiente en un abrir y cerrar de ojos.<\/p>\n<ul>\n<li>Compatible con todos los modelos de Thermomix<\/li>\n<li>Generosa capacidad de 3 litros<\/li>\n<li>Sistema de giro r\u00e1pido y eficaz<\/li>\n<li>Materiales duraderos y sin BPA<\/li>\n<li>F\u00e1cil de limpiar y apto para lavavajillas<\/li>\n<\/ul>\n<p>&nbsp;<\/p>\n<p><img decoding=\"async\" style=\"display: block; margin-left: auto; margin-right: auto;\" src=\"https:\/\/cdn.shopify.com\/s\/files\/1\/0654\/3343\/6419\/files\/Cuisamix-5_480x480.jpg?v=1702912612\" alt=\"\" \/><\/p>\n<p>&nbsp;<\/p>\n<p><strong>Facilidad de uso:<\/strong> \u00abHaz girar tu ensalada en un abrir y cerrar de ojos con la centrifugadora de ensaladas MixFino Essormix, dise\u00f1ada para un uso r\u00e1pido y sencillo\u00bb.<br \/>\n<strong>Compatibilidad con Thermomix<\/strong> TM5 TM6<strong>:<\/strong> \u00abPerfectamente compatible con tu Thermomix TM5 TM6, la centrifugadora de ensaladas Essormix encaja a la perfecci\u00f3n en tu cocina para una experiencia culinaria perfecta.\u00bb<br \/>\n<strong>Apto para lavavajillas:<\/strong> \u00abSimplifica tu rutina de limpieza con los accesorios aptos para lavavajillas de la Essormix, para tener una cocina limpia y ordenada en un instante.\u00bb<br \/>\n<strong>Accesorios vers\u00e1tiles:<\/strong> \u00abExplora nuevas posibilidades culinarias con los vers\u00e1tiles accesorios de la Essormix, para preparaciones variadas y creativas en cada comida.\u00bb<\/p>\n<p style=\"text-align: left;\"><img decoding=\"async\" style=\"display: block; margin-left: auto; margin-right: auto;\" src=\"https:\/\/cdn.shopify.com\/s\/files\/1\/0654\/3343\/6419\/files\/Cuisamix-10_480x480.jpg?v=1702909286\" alt=\"\" \/><\/p>\n<p>&nbsp;<\/p>\n<h2><b>Secado eficaz para ensaladas siempre crujientes<\/b><\/h2>\n<p>Centrifuga tus ensaladas de forma r\u00e1pida y eficaz con la Essormix.<br \/>\nUn centrifugado perfecto en todo momento, para ensaladas frescas y crujientes.<\/p>\n<p>&nbsp;<\/p>\n<p><img decoding=\"async\" style=\"display: block; margin-left: auto; margin-right: auto;\" src=\"https:\/\/cdn.shopify.com\/s\/files\/1\/0654\/3343\/6419\/files\/Cuisamix-8_480x480.jpg?v=1702910192\" alt=\"\" \/><\/p>\n<p>&nbsp;<\/p>\n<h2><b>Versatilidad garantizada: lava, escurre y seca con un solo accesorio<\/b><\/h2>\n<p>Dise\u00f1ado para encajar perfectamente con tu Thermomix, este vers\u00e1til accesorio ofrece una soluci\u00f3n completa para hilar ensalada, cocer patatas o hacer otras preparaciones culinarias sin complicaciones.<\/p>\n<h3><\/h3>\n<h3><b>M\u00e1xima comodidad con una integraci\u00f3n perfecta en tu Thermomix<\/b><\/h3>\n<p>Disfruta de un funcionamiento r\u00e1pido y sencillo sin compromisos.<br \/>\nEssormix se adapta perfectamente a tu rutina culinaria diaria, ofreciendo un almacenamiento compacto y un manejo sencillo.<\/p>\n<p>&nbsp;<\/p>\n<p><img decoding=\"async\" style=\"display: block; margin-left: auto; margin-right: auto;\" src=\"https:\/\/cdn.shopify.com\/s\/files\/1\/0654\/3343\/6419\/files\/Cuisamix-11_480x480.jpg?v=1702910024\" alt=\"\" \/><\/p>\n<p>&nbsp;<\/p>\n<h2><b>Calidad a la altura: materiales duraderos para a\u00f1os de uso<\/b><\/h2>\n<p class=\"p2\">Si busca otros <a href=\"https:\/\/accessormix.com\/es\/accesorios-thermomix\/\">accesorios Thermomix <\/a>para regalar o para usted mismo, descubra <a href=\"https:\/\/accessormix.com\/es\/extractmix-extractor-de-pasta-para-thermomix\/\">Extractmix<\/a>.<\/p>\n<p>&nbsp;<\/p>\n<h4 class=\"p2\" style=\"text-align: center;\"><b>Compatible con los siguientes modelos: Thermomix : TM5, TM6 y TM31.<\/b><\/h4>\n<p class=\"p2\" style=\"text-align: center;\"><span class=\"s1\">\u2705<\/span><b> Con Accessormix, GARANT\u00cdA O DEVOLUCI\u00d3N DEL DINERO, tienes 14 d\u00edas para devolverlo<\/b><\/p>\n","protected":false},"excerpt":{"rendered":"<p>Consigue ensaladas perfectamente hiladas y pasta deliciosamente cocida, todo en un momento de placer culinario.<br \/>\nTransforma tu rutina culinaria con el escurridor de ensaladas Thermomix.<\/p>\n","protected":false},"featured_media":24829,"comment_status":"open","ping_status":"closed","template":"","meta":[],"product_brand":[],"product_cat":[273,275,274,276,277,278,282,280],"product_tag":[],"class_list":{"0":"post-24837","1":"product","2":"type-product","3":"status-publish","4":"has-post-thumbnail","6":"product_cat-accesorios-thermomix","7":"product_cat-accesorios-thermomix-friend","8":"product_cat-accesorios-thermomix-tm31","9":"product_cat-accesorios-thermomix-tm5","10":"product_cat-accesorios-thermomix-tm6","11":"product_cat-funciones-adicionales-thermomix","12":"product_cat-thermomix-cada-dia-mas-facil","13":"product_cat-thermomix-limpieza","15":"first","16":"instock","17":"featured","18":"shipping-taxable","19":"purchasable","20":"product-type-simple"},"_links":{"self":[{"href":"https:\/\/accessormix.com\/es\/wp-json\/wp\/v2\/product\/24837","targetHints":{"allow":["GET"]}}],"collection":[{"href":"https:\/\/accessormix.com\/es\/wp-json\/wp\/v2\/product"}],"about":[{"href":"https:\/\/accessormix.com\/es\/wp-json\/wp\/v2\/types\/product"}],"replies":[{"embeddable":true,"href":"https:\/\/accessormix.com\/es\/wp-json\/wp\/v2\/comments?post=24837"}],"version-history":[{"count":0,"href":"https:\/\/accessormix.com\/es\/wp-json\/wp\/v2\/product\/24837\/revisions"}],"wp:featuredmedia":[{"embeddable":true,"href":"https:\/\/accessormix.com\/es\/wp-json\/wp\/v2\/media\/24829"}],"wp:attachment":[{"href":"https:\/\/accessormix.com\/es\/wp-json\/wp\/v2\/media?parent=24837"}],"wp:term":[{"taxonomy":"product_brand","embeddable":true,"href":"https:\/\/accessormix.com\/es\/wp-json\/wp\/v2\/product_brand?post=24837"},{"taxonomy":"product_cat","embeddable":true,"href":"https:\/\/accessormix.com\/es\/wp-json\/wp\/v2\/product_cat?post=24837"},{"taxonomy":"product_tag","embeddable":true,"href":"https:\/\/accessormix.com\/es\/wp-json\/wp\/v2\/product_tag?post=24837"}],"curies":[{"name":"wp","href":"https:\/\/api.w.org\/{rel}","templated":true}]}}