{"id":24936,"date":"2024-06-04T14:26:37","date_gmt":"2024-06-04T12:26:37","guid":{"rendered":"https:\/\/accessormix.com\/slidemix-tabla-deslizante-para-thermomix\/"},"modified":"2025-09-29T17:10:15","modified_gmt":"2025-09-29T15:10:15","slug":"slidemix-tabla-deslizante-para-thermomix","status":"publish","type":"product","link":"https:\/\/accessormix.com\/es\/slidemix-tabla-deslizante-para-thermomix\/","title":{"rendered":"Slidemix &#8211; Tabla deslizante para Thermomix"},"content":{"rendered":"<h2><b>Tabla deslizante para Thermomix: Transforma tu cocina<\/b><\/h2>\n<p>Descubre nuestra innovadora tabla deslizante, especialmente dise\u00f1ada para tu Thermomix.<br \/>\nOptimiza tu espacio de trabajo y facilita tu cocina con este ingenioso accesorio.<\/p>\n<p>Robusta y elegante, esta tabla encajar\u00e1 perfectamente en tu cocina moderna.<br \/>\nRevoluciona tu experiencia Thermomix con nuestra tabla deslizante ergon\u00f3mica.<br \/>\nSer\u00e1s m\u00e1s eficiente y estar\u00e1s m\u00e1s c\u00f3modo mientras preparas la comida sin esfuerzo.<\/p>\n<p>&nbsp;<\/p>\n<p><img fetchpriority=\"high\" decoding=\"async\" class=\"size-full wp-image-24906 aligncenter\" title=\"tabla deslizante thermomix negra\" src=\"https:\/\/accessormix.com\/wp-content\/uploads\/2024\/06\/planche-coulissante-thermomix-noir.avif\" alt=\"tabla deslizante thermomix negra\" width=\"640\" height=\"640\" srcset=\"https:\/\/accessormix.com\/wp-content\/uploads\/2024\/06\/planche-coulissante-thermomix-noir.avif 640w, https:\/\/accessormix.com\/wp-content\/uploads\/2024\/06\/planche-coulissante-thermomix-noir-300x300.avif 300w, https:\/\/accessormix.com\/wp-content\/uploads\/2024\/06\/planche-coulissante-thermomix-noir-150x150.avif 150w, https:\/\/accessormix.com\/wp-content\/uploads\/2024\/06\/planche-coulissante-thermomix-noir-430x430.avif 430w\" sizes=\"(max-width: 640px) 100vw, 640px\" \/><\/p>\n<h3><\/h3>\n<h3><b>El aliado imprescindible de tu Thermomix<\/b><\/h3>\n<p>Nuestra tabla deslizante combina practicidad y dise\u00f1o.<br \/>\nDisfruta de un espacio de trabajo amplio y seguro, al tiempo que conservas la est\u00e9tica de tu cocina.<br \/>\nImprescindible para todos los entusiastas de la cocina.<\/p>\n<ul>\n<li>Superficie antideslizante para una estabilidad \u00f3ptima<\/li>\n<li>Mecanismo deslizante suave y silencioso<\/li>\n<li>Materiales de alta calidad resistentes a las manchas<\/li>\n<li>Compatible con todos los modelos de Thermomix<\/li>\n<li>R\u00e1pido y f\u00e1cil de limpiar<\/li>\n<\/ul>\n<p>&nbsp;<\/p>\n<p><img decoding=\"async\" class=\"size-full wp-image-17062 aligncenter\" title=\"2_52ba5f40-dc09-4d31-9023-eee94969affb\" src=\"https:\/\/accessormix.com\/wp-content\/uploads\/2024\/06\/2_52ba5f40-dc09-4d31-9023-eee94969affb.png\" alt=\"\" width=\"800\" height=\"800\" srcset=\"https:\/\/accessormix.com\/wp-content\/uploads\/2024\/06\/2_52ba5f40-dc09-4d31-9023-eee94969affb.png 800w, https:\/\/accessormix.com\/wp-content\/uploads\/2024\/06\/2_52ba5f40-dc09-4d31-9023-eee94969affb-300x300.png 300w, https:\/\/accessormix.com\/wp-content\/uploads\/2024\/06\/2_52ba5f40-dc09-4d31-9023-eee94969affb-150x150.png 150w, https:\/\/accessormix.com\/wp-content\/uploads\/2024\/06\/2_52ba5f40-dc09-4d31-9023-eee94969affb-768x768.png 768w, https:\/\/accessormix.com\/wp-content\/uploads\/2024\/06\/2_52ba5f40-dc09-4d31-9023-eee94969affb-60x60.png 60w, https:\/\/accessormix.com\/wp-content\/uploads\/2024\/06\/2_52ba5f40-dc09-4d31-9023-eee94969affb-430x430.png 430w, https:\/\/accessormix.com\/wp-content\/uploads\/2024\/06\/2_52ba5f40-dc09-4d31-9023-eee94969affb-700x700.png 700w\" sizes=\"(max-width: 800px) 100vw, 800px\" \/><\/p>\n<p>&nbsp;<\/p>\n<h2><b>F\u00e1cil de mover tu Thermomix en la encimera<\/b><\/h2>\n<p>Desplaza tu Thermomix sin esfuerzo gracias a las ruedas integradas en la tabla deslizante, que garantizan una movilidad perfecta.<br \/>\n<strong>Comodidad absoluta<\/strong> cuando est\u00e1s en movimiento.<\/p>\n<h2><b> Se adapta perfectamente a todos los modelos de Thermomix<\/b><\/h2>\n<p>Hecha a medida para el Thermomix TM5 y TM6, esta tabla deslizante se adapta perfectamente, ofreciendo <strong>una estabilidad \u00f3ptima<\/strong>.<\/p>\n<p><img decoding=\"async\" class=\"size-full wp-image-17060 aligncenter\" title=\"1_75ecd61b-5b15-4946-85e8-2ca731948efe\" src=\"https:\/\/accessormix.com\/wp-content\/uploads\/2024\/06\/1_75ecd61b-5b15-4946-85e8-2ca731948efe.png\" alt=\"\" width=\"800\" height=\"800\" srcset=\"https:\/\/accessormix.com\/wp-content\/uploads\/2024\/06\/1_75ecd61b-5b15-4946-85e8-2ca731948efe.png 800w, https:\/\/accessormix.com\/wp-content\/uploads\/2024\/06\/1_75ecd61b-5b15-4946-85e8-2ca731948efe-300x300.png 300w, https:\/\/accessormix.com\/wp-content\/uploads\/2024\/06\/1_75ecd61b-5b15-4946-85e8-2ca731948efe-150x150.png 150w, https:\/\/accessormix.com\/wp-content\/uploads\/2024\/06\/1_75ecd61b-5b15-4946-85e8-2ca731948efe-768x768.png 768w, https:\/\/accessormix.com\/wp-content\/uploads\/2024\/06\/1_75ecd61b-5b15-4946-85e8-2ca731948efe-60x60.png 60w, https:\/\/accessormix.com\/wp-content\/uploads\/2024\/06\/1_75ecd61b-5b15-4946-85e8-2ca731948efe-430x430.png 430w, https:\/\/accessormix.com\/wp-content\/uploads\/2024\/06\/1_75ecd61b-5b15-4946-85e8-2ca731948efe-700x700.png 700w\" sizes=\"(max-width: 800px) 100vw, 800px\" \/><\/p>\n<p>&nbsp;<\/p>\n<p>Revestimiento antioxidante para un uso prolongado en la cocina Fabricada en metal duradero, esta tabla deslizante es <strong>excepcionalmente resistente<\/strong> para un uso prolongado. El dise\u00f1o ergon\u00f3mico optimiza el espacio y la comodidad de uso La superficie especial del tablero es <strong>resistente a la corrosi\u00f3n<\/strong>, lo que prolonga su vida \u00fatil y preserva su calidad.<\/p>\n<h2><b><br \/>\n<img loading=\"lazy\" decoding=\"async\" class=\"size-full wp-image-17064 aligncenter\" title=\"5_ce456bd6-4102-40f2-a86a-9f04fcbdef73\" src=\"https:\/\/accessormix.com\/wp-content\/uploads\/2024\/06\/5_ce456bd6-4102-40f2-a86a-9f04fcbdef73.png\" alt=\"\" width=\"800\" height=\"800\" srcset=\"https:\/\/accessormix.com\/wp-content\/uploads\/2024\/06\/5_ce456bd6-4102-40f2-a86a-9f04fcbdef73.png 800w, https:\/\/accessormix.com\/wp-content\/uploads\/2024\/06\/5_ce456bd6-4102-40f2-a86a-9f04fcbdef73-300x300.png 300w, https:\/\/accessormix.com\/wp-content\/uploads\/2024\/06\/5_ce456bd6-4102-40f2-a86a-9f04fcbdef73-150x150.png 150w, https:\/\/accessormix.com\/wp-content\/uploads\/2024\/06\/5_ce456bd6-4102-40f2-a86a-9f04fcbdef73-768x768.png 768w, https:\/\/accessormix.com\/wp-content\/uploads\/2024\/06\/5_ce456bd6-4102-40f2-a86a-9f04fcbdef73-60x60.png 60w, https:\/\/accessormix.com\/wp-content\/uploads\/2024\/06\/5_ce456bd6-4102-40f2-a86a-9f04fcbdef73-430x430.png 430w, https:\/\/accessormix.com\/wp-content\/uploads\/2024\/06\/5_ce456bd6-4102-40f2-a86a-9f04fcbdef73-700x700.png 700w\" sizes=\"(max-width: 800px) 100vw, 800px\" \/><br \/>\n<\/b><\/h2>\n<h2><b>Dise\u00f1o ergon\u00f3mico<\/b><\/h2>\n<p>El elegante bisel y la pr\u00e1ctica asa facilitan su sujeci\u00f3n, proporcionando una <strong>experiencia culinaria agradable<\/strong> y c\u00f3moda. Protecci\u00f3n extra contra ara\u00f1azos y golpes Adem\u00e1s de facilitar su traslado, esta tabla protege la b\u00e1scula Thermomix, evitando da\u00f1os y garantizando <strong>un uso seguro<\/strong>.<\/p>\n<p class=\"p1\">Si busca otros <a href=\"https:\/\/accessormix.com\/es\/accesorios-thermomix\/\">accesorios Thermomix <\/a>para regalar o para usted mismo, descubra <a href=\"https:\/\/accessormix.com\/es\/spatulicone-espatula-de-silicona-para-thermomix\/\">Spatulicone<\/a>.<\/p>\n<p>&nbsp;<\/p>\n<h4 class=\"p1\" style=\"text-align: center;\"><b>Compatible con los siguientes modelos: Thermomix : TM5, TM6 y TM31.<\/b><\/h4>\n<p class=\"p1\" style=\"text-align: center;\"><span class=\"s1\">\u2705<\/span><b> Con Accessormix, GARANT\u00cdA O DEVOLUCI\u00d3N DEL DINERO, tienes 14 d\u00edas para devolverlo<\/b><\/p>\n","protected":false},"excerpt":{"rendered":"<p>Transforma tu experiencia culinaria con la tabla deslizante Slidemix.<br \/>\nDisfruta de una comodidad inigualable en tu cocina con nuestro innovador accesorio dise\u00f1ado para facilitar el uso de tu Thermomix.<\/p>\n","protected":false},"featured_media":24895,"comment_status":"open","ping_status":"closed","template":"","meta":[],"product_brand":[],"product_cat":[273,274,276,277,278,282,283,281],"product_tag":[],"class_list":{"0":"post-24936","1":"product","2":"type-product","3":"status-publish","4":"has-post-thumbnail","6":"product_cat-accesorios-thermomix","7":"product_cat-accesorios-thermomix-tm31","8":"product_cat-accesorios-thermomix-tm5","9":"product_cat-accesorios-thermomix-tm6","10":"product_cat-funciones-adicionales-thermomix","11":"product_cat-thermomix-cada-dia-mas-facil","12":"product_cat-thermomix-proteccion-y-cuidados","13":"product_cat-thermomix-tablas-deslizantes","15":"first","16":"instock","17":"featured","18":"shipping-taxable","19":"purchasable","20":"product-type-variable"},"_links":{"self":[{"href":"https:\/\/accessormix.com\/es\/wp-json\/wp\/v2\/product\/24936","targetHints":{"allow":["GET"]}}],"collection":[{"href":"https:\/\/accessormix.com\/es\/wp-json\/wp\/v2\/product"}],"about":[{"href":"https:\/\/accessormix.com\/es\/wp-json\/wp\/v2\/types\/product"}],"replies":[{"embeddable":true,"href":"https:\/\/accessormix.com\/es\/wp-json\/wp\/v2\/comments?post=24936"}],"version-history":[{"count":0,"href":"https:\/\/accessormix.com\/es\/wp-json\/wp\/v2\/product\/24936\/revisions"}],"wp:featuredmedia":[{"embeddable":true,"href":"https:\/\/accessormix.com\/es\/wp-json\/wp\/v2\/media\/24895"}],"wp:attachment":[{"href":"https:\/\/accessormix.com\/es\/wp-json\/wp\/v2\/media?parent=24936"}],"wp:term":[{"taxonomy":"product_brand","embeddable":true,"href":"https:\/\/accessormix.com\/es\/wp-json\/wp\/v2\/product_brand?post=24936"},{"taxonomy":"product_cat","embeddable":true,"href":"https:\/\/accessormix.com\/es\/wp-json\/wp\/v2\/product_cat?post=24936"},{"taxonomy":"product_tag","embeddable":true,"href":"https:\/\/accessormix.com\/es\/wp-json\/wp\/v2\/product_tag?post=24936"}],"curies":[{"name":"wp","href":"https:\/\/api.w.org\/{rel}","templated":true}]}}