{"id":24967,"date":"2024-06-04T14:59:16","date_gmt":"2024-06-04T12:59:16","guid":{"rendered":"https:\/\/accessormix.com\/protimix-protector-de-pantalla-para-thermomix\/"},"modified":"2026-02-17T16:10:01","modified_gmt":"2026-02-17T15:10:01","slug":"protimix-protector-de-pantalla-para-thermomix","status":"publish","type":"product","link":"https:\/\/accessormix.com\/es\/protimix-protector-de-pantalla-para-thermomix\/","title":{"rendered":"Protimix &#8211; Protector de pantalla para Thermomix"},"content":{"rendered":"<h2>Protector de pantalla para Thermomix<\/h2>\n<p>Protege la pantalla de tu Thermomix con nuestro protector de pantalla de alta calidad, especialmente dise\u00f1ado para mantener tu aparato libre de ara\u00f1azos, salpicaduras y huellas dactilares.<br \/>\nF\u00e1cil de instalar, proporciona una protecci\u00f3n duradera sin comprometer la sensibilidad t\u00e1ctil.<\/p>\n<h3>La protecci\u00f3n definitiva para tu Thermomix<\/h3>\n<p>Nuestro protector de pantalla es ultratransparente, resistente a los ara\u00f1azos y f\u00e1cil de limpiar.<br \/>\nMant\u00e9n la pantalla de tu Thermomix como nueva, mientras disfrutas de una experiencia de usuario fluida y sensible.<br \/>\nProtege la pantalla de tu Thermomix con una protecci\u00f3n fiable y discreta.<\/p>\n<ul>\n<li>Resistente a los ara\u00f1azos para una protecci\u00f3n duradera<\/li>\n<li>Ultratransparente para una claridad \u00f3ptima<\/li>\n<li>F\u00e1cil de instalar y quitar sin dejar residuos<\/li>\n<li>Compatible con todos los modelos de Thermomix<\/li>\n<li>Conserva la sensibilidad t\u00e1ctil de la pantalla<\/li>\n<\/ul>\n<h2><\/h2>\n<h2><b>Protecci\u00f3n \u00f3ptima para prolongar la vida \u00fatil de la pantalla de tu Thermomix<\/b><\/h2>\n<p>Protege la pantalla de tu Thermomix TM6 con precisi\u00f3n gracias a este protector de pantalla de cristal templado hecho a medida.<br \/>\nResistente a ara\u00f1azos, golpes y roturas, proporciona una protecci\u00f3n \u00f3ptima para mantener la pantalla de tu robot de cocina en perfecto estado.<\/p>\n<h3><b>Total claridad y transparencia para una experiencia visual impecable<\/b><\/h3>\n<p>Disfruta de una claridad cristalina y una transparencia perfecta con esta l\u00e1mina protectora de cristal templado.<br \/>\nLa pantalla de tu TM6 conserva su color original, ofreci\u00e9ndote una visi\u00f3n clara y detallada de su contenido sin alteraciones.<\/p>\n<h2><b>Instalaci\u00f3n sencilla para una protecci\u00f3n instant\u00e1nea y eficaz<\/b><\/h2>\n<p>Instalar el protector de pantalla es un juego de ni\u00f1os gracias a las herramientas auxiliares incluidas.<br \/>\nIncluso si aparecen burbujas de aire durante la instalaci\u00f3n, se pueden eliminar f\u00e1cilmente para garantizar una instalaci\u00f3n perfecta, reproduciendo el aspecto y el tacto de la pantalla original.<\/p>\n<h3><b>Tecnolog\u00eda antihuellas para una pantalla limpia y n\u00edtida en todo momento<\/b><\/h3>\n<p>Instalar el protector de pantalla es un juego de ni\u00f1os gracias a las herramientas auxiliares incluidas.<br \/>\nIncluso si aparecen burbujas de aire durante la instalaci\u00f3n, se pueden eliminar f\u00e1cilmente para garantizar una instalaci\u00f3n perfecta, reproduciendo el aspecto y el tacto de la pantalla original.<\/p>\n<h3><b>Mayor fiabilidad para proteger tu Thermomix a largo plazo<\/b><\/h3>\n<p>Este protector de pantalla est\u00e1 dise\u00f1ado para ajustarse perfectamente a las dimensiones y grosor del Thermomix TM6, ofreciendo una protecci\u00f3n robusta sin comprometer la sensibilidad t\u00e1ctil.<br \/>\nProtege tu pantalla de forma eficaz mientras mantienes una experiencia de usuario fluida y sin interrupciones.<\/p>\n<p class=\"p2\">Si busca otros <a href=\"https:\/\/accessormix.com\/es\/accesorios-thermomix\/\">accesorios Thermomix <\/a>para regalar o para usted mismo, descubra <a href=\"https:\/\/accessormix.com\/es\/separamix-separador-de-coccion-para-thermomix\/\">Separamix<\/a>.<\/p>\n<p>&nbsp;<\/p>\n<h4 class=\"p2\" style=\"text-align: center;\"><b>Compatible con los siguientes modelos: Thermomix : TM5, TM6 y TM31.<\/b><\/h4>\n<p class=\"p2\" style=\"text-align: center;\"><span class=\"s1\">\u2705<\/span><b> Con Accessormix, GARANT\u00cdA O DEVOLUCI\u00d3N DEL DINERO, tienes 14 d\u00edas para devolverlo<\/b><\/p>\n","protected":false},"excerpt":{"rendered":"<p>Protimix &#8211; Protege tu Thermomix con elegancia y eficacia preservando la claridad de su pantalla.<\/p>\n","protected":false},"featured_media":24972,"comment_status":"open","ping_status":"closed","template":"","meta":[],"product_brand":[],"product_cat":[273,275,274,276,277,282,280,283],"product_tag":[],"class_list":{"0":"post-24967","1":"product","2":"type-product","3":"status-publish","4":"has-post-thumbnail","6":"product_cat-accesorios-thermomix","7":"product_cat-accesorios-thermomix-friend","8":"product_cat-accesorios-thermomix-tm31","9":"product_cat-accesorios-thermomix-tm5","10":"product_cat-accesorios-thermomix-tm6","11":"product_cat-thermomix-cada-dia-mas-facil","12":"product_cat-thermomix-limpieza","13":"product_cat-thermomix-proteccion-y-cuidados","15":"first","16":"instock","17":"shipping-taxable","18":"purchasable","19":"product-type-simple"},"_links":{"self":[{"href":"https:\/\/accessormix.com\/es\/wp-json\/wp\/v2\/product\/24967","targetHints":{"allow":["GET"]}}],"collection":[{"href":"https:\/\/accessormix.com\/es\/wp-json\/wp\/v2\/product"}],"about":[{"href":"https:\/\/accessormix.com\/es\/wp-json\/wp\/v2\/types\/product"}],"replies":[{"embeddable":true,"href":"https:\/\/accessormix.com\/es\/wp-json\/wp\/v2\/comments?post=24967"}],"version-history":[{"count":0,"href":"https:\/\/accessormix.com\/es\/wp-json\/wp\/v2\/product\/24967\/revisions"}],"wp:featuredmedia":[{"embeddable":true,"href":"https:\/\/accessormix.com\/es\/wp-json\/wp\/v2\/media\/24972"}],"wp:attachment":[{"href":"https:\/\/accessormix.com\/es\/wp-json\/wp\/v2\/media?parent=24967"}],"wp:term":[{"taxonomy":"product_brand","embeddable":true,"href":"https:\/\/accessormix.com\/es\/wp-json\/wp\/v2\/product_brand?post=24967"},{"taxonomy":"product_cat","embeddable":true,"href":"https:\/\/accessormix.com\/es\/wp-json\/wp\/v2\/product_cat?post=24967"},{"taxonomy":"product_tag","embeddable":true,"href":"https:\/\/accessormix.com\/es\/wp-json\/wp\/v2\/product_tag?post=24967"}],"curies":[{"name":"wp","href":"https:\/\/api.w.org\/{rel}","templated":true}]}}