{"id":25613,"date":"2024-06-04T14:24:36","date_gmt":"2024-06-04T12:24:36","guid":{"rendered":"https:\/\/accessormix.com\/degustamix-cuchara-degustacion-para-thermomix\/"},"modified":"2025-01-23T23:21:45","modified_gmt":"2025-01-23T22:21:45","slug":"degustamix-cuchara-degustacion-para-thermomix","status":"publish","type":"product","link":"https:\/\/accessormix.com\/es\/degustamix-cuchara-degustacion-para-thermomix\/","title":{"rendered":"Degustamix &#8211; Cuchara degustaci\u00f3n para Thermomix"},"content":{"rendered":"<h2>Cuchara de degustaci\u00f3n para Thermomix<\/h2>\n<p>Descubre la precisi\u00f3n y la eficacia con nuestra cuchara de degustaci\u00f3n especialmente dise\u00f1ada para Thermomix.<br \/>\nAdecuada para degustar tus preparaciones mientras cocinas, te permite controlar perfectamente los sabores en cada fase.<br \/>\nFabricada en acero inoxidable de alta calidad, esta cuchara es a la vez robusta y elegante, lo que garantiza un agarre c\u00f3modo y un uso duradero.<\/p>\n<h3>Un accesorio esencial para catas perfectas<\/h3>\n<p>Nuestra cuchara de degustaci\u00f3n combina un dise\u00f1o pr\u00e1ctico y materiales duraderos, proporcion\u00e1ndote una herramienta indispensable para comprobar tus preparaciones con precisi\u00f3n y facilidad.<br \/>\nRealza tus creaciones culinarias con una cuchara de degustaci\u00f3n dise\u00f1ada para la perfecci\u00f3n.<\/p>\n<ul>\n<li>Precisi\u00f3n para degustar tus preparaciones<\/li>\n<li>Acero inoxidable de alta calidad<\/li>\n<li>Dise\u00f1o ergon\u00f3mico para un agarre c\u00f3modo<\/li>\n<li>Compatible con todas las preparaciones Thermomix<\/li>\n<li>F\u00e1cil de limpiar y resistente<\/li>\n<\/ul>\n<p class=\"p1\">Si busca otros <a href=\"https:\/\/accessormix.com\/es\/accesorios-thermomix\/\">accesorios Thermomix <\/a>para regalar o para usted mismo, descubra <a href=\"https:\/\/accessormix.com\/es\/demoulmix-deshacedor-de-masa-para-thermomix\/\">Demoulmix<\/a>.<\/p>\n<p>&nbsp;<\/p>\n<h4 class=\"p1\"><b>Compatible con los siguientes modelos: Thermomix : TM5, TM6 y TM31.<\/b><\/h4>\n<p class=\"p1\"><span class=\"s1\">\u2705<\/span><b> Con Accessormix, GARANT\u00cdA O DEVOLUCI\u00d3N DEL DINERO, tienes 14 d\u00edas para devolverlo<\/b><\/p>\n","protected":false},"excerpt":{"rendered":"<p>Saborea tus preparaciones con precisi\u00f3n gracias a esta cuchara de acero inoxidable, dise\u00f1ada para la Thermomix.<br \/>\nPr\u00e1ctica, elegante e imprescindible.<\/p>\n","protected":false},"featured_media":19582,"comment_status":"closed","ping_status":"closed","template":"","meta":[],"product_brand":[],"product_cat":[273,275,274,276,277,278,282,279,283],"product_tag":[],"class_list":{"0":"post-25613","1":"product","2":"type-product","3":"status-publish","4":"has-post-thumbnail","6":"product_cat-accesorios-thermomix","7":"product_cat-accesorios-thermomix-friend","8":"product_cat-accesorios-thermomix-tm31","9":"product_cat-accesorios-thermomix-tm5","10":"product_cat-accesorios-thermomix-tm6","11":"product_cat-funciones-adicionales-thermomix","12":"product_cat-thermomix-cada-dia-mas-facil","13":"product_cat-thermomix-cocinar-al-vapor","14":"product_cat-thermomix-proteccion-y-cuidados","16":"first","17":"instock","18":"shipping-taxable","19":"purchasable","20":"product-type-simple"},"_links":{"self":[{"href":"https:\/\/accessormix.com\/es\/wp-json\/wp\/v2\/product\/25613","targetHints":{"allow":["GET"]}}],"collection":[{"href":"https:\/\/accessormix.com\/es\/wp-json\/wp\/v2\/product"}],"about":[{"href":"https:\/\/accessormix.com\/es\/wp-json\/wp\/v2\/types\/product"}],"replies":[{"embeddable":true,"href":"https:\/\/accessormix.com\/es\/wp-json\/wp\/v2\/comments?post=25613"}],"version-history":[{"count":0,"href":"https:\/\/accessormix.com\/es\/wp-json\/wp\/v2\/product\/25613\/revisions"}],"wp:featuredmedia":[{"embeddable":true,"href":"https:\/\/accessormix.com\/es\/wp-json\/wp\/v2\/media\/19582"}],"wp:attachment":[{"href":"https:\/\/accessormix.com\/es\/wp-json\/wp\/v2\/media?parent=25613"}],"wp:term":[{"taxonomy":"product_brand","embeddable":true,"href":"https:\/\/accessormix.com\/es\/wp-json\/wp\/v2\/product_brand?post=25613"},{"taxonomy":"product_cat","embeddable":true,"href":"https:\/\/accessormix.com\/es\/wp-json\/wp\/v2\/product_cat?post=25613"},{"taxonomy":"product_tag","embeddable":true,"href":"https:\/\/accessormix.com\/es\/wp-json\/wp\/v2\/product_tag?post=25613"}],"curies":[{"name":"wp","href":"https:\/\/api.w.org\/{rel}","templated":true}]}}