{"id":25685,"date":"2024-06-04T14:24:36","date_gmt":"2024-06-04T12:24:36","guid":{"rendered":"https:\/\/accessormix.com\/handlmix-mango-con-ventosa-para-thermomix\/"},"modified":"2025-01-23T23:21:50","modified_gmt":"2025-01-23T22:21:50","slug":"handlmix-mango-con-ventosa-para-thermomix","status":"publish","type":"product","link":"https:\/\/accessormix.com\/es\/handlmix-mango-con-ventosa-para-thermomix\/","title":{"rendered":"Handlmix &#8211; Mango con ventosa para Thermomix"},"content":{"rendered":"<h2>Asa con ventosa para tapa Thermomix Varoma<\/h2>\n<p>Mejora tu experiencia culinaria con el asa con ventosa para tapa Thermomix Varoma.<br \/>\nDise\u00f1ada para proporcionar un agarre seguro y ergon\u00f3mico, facilita levantar la tapa caliente sin riesgo de quemarse.<br \/>\nF\u00e1cil de colocar y quitar, este asa se adapta perfectamente a la tapa del Varoma, por lo que su uso es sencillo y seguro.<br \/>\nUn accesorio esencial para manejar f\u00e1cilmente tu Thermomix.<\/p>\n<h3>Seguridad y comodidad con facilidad<\/h3>\n<p>Este mango con ventosa proporciona un agarre firme y c\u00f3modo, reduciendo el riesgo de quemaduras al abrir el Varoma.<br \/>\nPerfecta para el uso diario.<br \/>\nManeja con seguridad la tapa de tu Varoma con esta pr\u00e1ctica y eficaz asa con ventosa.<\/p>\n<ul>\n<li>Agarre seguro y ergon\u00f3mico<\/li>\n<li>R\u00e1pido y f\u00e1cil de instalar<\/li>\n<li>Compatible con la tapa Varoma de Thermomix<\/li>\n<li>Resistencia a altas temperaturas<\/li>\n<li>F\u00e1cil de limpiar<\/li>\n<\/ul>\n<p>&nbsp;<\/p>\n<h2><b>Comodidad excepcional para manipular la tapa de tu thermomix con total seguridad<\/b><\/h2>\n<p>El mango con ventosa Handlmix ofrece una comodidad excepcional al manipular la tapa del Thermomix.<br \/>\nCon su dise\u00f1o ergon\u00f3mico y su f\u00e1cil agarre, podr\u00e1s levantar la tapa con facilidad, sin riesgo de quemarte.<\/p>\n<h3><b>Gran versatilidad de uso m\u00e1s all\u00e1 de la cocina<\/b><\/h3>\n<p>Adem\u00e1s de su funci\u00f3n principal, la ventosa Handlmix tambi\u00e9n puede utilizarse como soporte para tu smartphone o tableta.<br \/>\nPr\u00e1ctica para consultar tus recetas mientras cocinas, se adapta a pr\u00e1cticamente cualquier superficie lisa, ofreciendo una versatilidad notable.<\/p>\n<h2><b>F\u00e1cil manejo con una sola mano para cocinar m\u00e1s c\u00f3modamente<\/b><\/h2>\n<p>El mango Handlmix se adhiere a superficies lisas con una sencilla acci\u00f3n de ventosa.<br \/>\nSu ingenioso dise\u00f1o te permite levantar la tapa con una sola mano, facilitando tus tareas en la cocina.<\/p>\n<h3><b>Mantenimiento pr\u00e1ctico para una durabilidad e higiene \u00f3ptimas<\/b><\/h3>\n<p>La ventosa Handlmix es f\u00e1cil de mantener: basta con pasarla por el lavavajillas para mantenerla impecable.<br \/>\nDise\u00f1ada para durar y facilitarte el d\u00eda a d\u00eda, esta asa ha sido concebida para satisfacer tus necesidades con practicidad y fiabilidad.<\/p>\n<p class=\"p2\">Si busca otros <a href=\"https:\/\/accessormix.com\/es\/accesorios-thermomix\/\">accesorios Thermomix <\/a>para regalar o para usted mismo, descubra <a href=\"https:\/\/accessormix.com\/es\/juicomix-extractor-de-zumos-para-thermomix\/\">Juicomix<\/a>.<\/p>\n<p>&nbsp;<\/p>\n<h4 class=\"p2\"><b>Compatible con los siguientes modelos: Thermomix : TM5, TM6 y TM31.<\/b><\/h4>\n<p class=\"p2\"><span class=\"s1\">\u2705<\/span><b> Con Accessormix, GARANT\u00cdA O DEVOLUCI\u00d3N DEL DINERO, tienes 14 d\u00edas para devolverlo<\/b><\/p>\n","protected":false},"excerpt":{"rendered":"<p>Simplifica tu tiempo en la cocina con Handlmix: la soluci\u00f3n innovadora para manipular las tapas del Thermomix de forma segura, sin riesgo de quemaduras.<\/p>\n","protected":false},"featured_media":25649,"comment_status":"open","ping_status":"closed","template":"","meta":[],"product_brand":[],"product_cat":[275,274,276,277,278,282,279,283],"product_tag":[],"class_list":{"0":"post-25685","1":"product","2":"type-product","3":"status-publish","4":"has-post-thumbnail","6":"product_cat-accesorios-thermomix-friend","7":"product_cat-accesorios-thermomix-tm31","8":"product_cat-accesorios-thermomix-tm5","9":"product_cat-accesorios-thermomix-tm6","10":"product_cat-funciones-adicionales-thermomix","11":"product_cat-thermomix-cada-dia-mas-facil","12":"product_cat-thermomix-cocinar-al-vapor","13":"product_cat-thermomix-proteccion-y-cuidados","15":"first","16":"instock","17":"shipping-taxable","18":"purchasable","19":"product-type-simple"},"_links":{"self":[{"href":"https:\/\/accessormix.com\/es\/wp-json\/wp\/v2\/product\/25685","targetHints":{"allow":["GET"]}}],"collection":[{"href":"https:\/\/accessormix.com\/es\/wp-json\/wp\/v2\/product"}],"about":[{"href":"https:\/\/accessormix.com\/es\/wp-json\/wp\/v2\/types\/product"}],"replies":[{"embeddable":true,"href":"https:\/\/accessormix.com\/es\/wp-json\/wp\/v2\/comments?post=25685"}],"version-history":[{"count":0,"href":"https:\/\/accessormix.com\/es\/wp-json\/wp\/v2\/product\/25685\/revisions"}],"wp:featuredmedia":[{"embeddable":true,"href":"https:\/\/accessormix.com\/es\/wp-json\/wp\/v2\/media\/25649"}],"wp:attachment":[{"href":"https:\/\/accessormix.com\/es\/wp-json\/wp\/v2\/media?parent=25685"}],"wp:term":[{"taxonomy":"product_brand","embeddable":true,"href":"https:\/\/accessormix.com\/es\/wp-json\/wp\/v2\/product_brand?post=25685"},{"taxonomy":"product_cat","embeddable":true,"href":"https:\/\/accessormix.com\/es\/wp-json\/wp\/v2\/product_cat?post=25685"},{"taxonomy":"product_tag","embeddable":true,"href":"https:\/\/accessormix.com\/es\/wp-json\/wp\/v2\/product_tag?post=25685"}],"curies":[{"name":"wp","href":"https:\/\/api.w.org\/{rel}","templated":true}]}}