{"id":25797,"date":"2024-06-04T14:24:36","date_gmt":"2024-06-04T12:24:36","guid":{"rendered":"https:\/\/accessormix.com\/juicomix-extractor-de-zumos-para-thermomix\/"},"modified":"2025-01-23T23:21:59","modified_gmt":"2025-01-23T22:21:59","slug":"juicomix-extractor-de-zumos-para-thermomix","status":"publish","type":"product","link":"https:\/\/accessormix.com\/es\/juicomix-extractor-de-zumos-para-thermomix\/","title":{"rendered":"Juicomix &#8211; Extractor de zumos para thermomix"},"content":{"rendered":"<h2>Extractor de zumos para Thermomix<\/h2>\n<p>Convierte tu Thermomix en una potente m\u00e1quina de hacer zumos con nuestro extractor de zumos especialmente dise\u00f1ado.<br \/>\nEste innovador accesorio te permite crear zumos frescos y ricos en nutrientes directamente a partir de tus frutas y verduras favoritas.<br \/>\nF\u00e1cil de instalar y limpiar, se adapta perfectamente a tu Thermomix, ofreci\u00e9ndote una soluci\u00f3n pr\u00e1ctica para un estilo de vida saludable.<br \/>\nDisfruta de zumos caseros, sin esfuerzo y de forma sencilla.<\/p>\n<p>&nbsp;<\/p>\n<p><img fetchpriority=\"high\" decoding=\"async\" class=\"wp-image-25771 aligncenter\" title=\"extractor de zumo thermomix tm5\" src=\"https:\/\/accessormix.com\/wp-content\/uploads\/2024\/06\/extracteur-de-jus-thermomix-tm5.png\" alt=\"extractor de zumo thermomix tm5\" width=\"600\" height=\"600\" srcset=\"https:\/\/accessormix.com\/wp-content\/uploads\/2024\/06\/extracteur-de-jus-thermomix-tm5.png 800w, https:\/\/accessormix.com\/wp-content\/uploads\/2024\/06\/extracteur-de-jus-thermomix-tm5-300x300.png 300w, https:\/\/accessormix.com\/wp-content\/uploads\/2024\/06\/extracteur-de-jus-thermomix-tm5-150x150.png 150w, https:\/\/accessormix.com\/wp-content\/uploads\/2024\/06\/extracteur-de-jus-thermomix-tm5-768x768.png 768w, https:\/\/accessormix.com\/wp-content\/uploads\/2024\/06\/extracteur-de-jus-thermomix-tm5-430x430.png 430w, https:\/\/accessormix.com\/wp-content\/uploads\/2024\/06\/extracteur-de-jus-thermomix-tm5-700x700.png 700w\" sizes=\"(max-width: 600px) 100vw, 600px\" \/><\/p>\n<h3><\/h3>\n<h3>Ll\u00e9nate de vitaminas con cada vaso<\/h3>\n<p>Nuestro extractor de zumos para Thermomix maximiza la extracci\u00f3n de nutrientes a la vez que conserva los sabores naturales de tus ingredientes.<br \/>\nUna soluci\u00f3n ideal para una dieta sana y equilibrada.<br \/>\nPrepara zumos frescos y nutritivos en un abrir y cerrar de ojos con este exprimidor dise\u00f1ado para Thermomix.<\/p>\n<ul>\n<li>Extracci\u00f3n \u00f3ptima de nutrientes<\/li>\n<li>R\u00e1pido y f\u00e1cil de instalar<\/li>\n<li>Compatible con todos los modelos de Thermomix<\/li>\n<li>F\u00e1cil limpieza para uso diario<\/li>\n<li>Ideal para una dieta sana y equilibrada<\/li>\n<\/ul>\n<p>&nbsp;<\/p>\n<p><img decoding=\"async\" class=\"wp-image-25761 aligncenter\" title=\"3\" src=\"https:\/\/accessormix.com\/wp-content\/uploads\/2024\/06\/3-5.png\" alt=\"3\" width=\"600\" height=\"600\" srcset=\"https:\/\/accessormix.com\/wp-content\/uploads\/2024\/06\/3-5.png 800w, https:\/\/accessormix.com\/wp-content\/uploads\/2024\/06\/3-5-300x300.png 300w, https:\/\/accessormix.com\/wp-content\/uploads\/2024\/06\/3-5-150x150.png 150w, https:\/\/accessormix.com\/wp-content\/uploads\/2024\/06\/3-5-768x768.png 768w, https:\/\/accessormix.com\/wp-content\/uploads\/2024\/06\/3-5-430x430.png 430w, https:\/\/accessormix.com\/wp-content\/uploads\/2024\/06\/3-5-700x700.png 700w\" sizes=\"(max-width: 600px) 100vw, 600px\" \/><\/p>\n<p>&nbsp;<\/p>\n<h2><b>Extracci\u00f3n eficaz para zumos naturales y nutritivos en un instante<\/b><\/h2>\n<p>Consigue zumos de fruta sanos y naturales en un abrir y cerrar de ojos con el extractor de zumos para Thermomix.<br \/>\nDisfruta de zumos frescos sin esfuerzo para una salud \u00f3ptima.<\/p>\n<h3><b>Versatilidad excepcional para un uso multifuncional con tu thermomix<\/b><\/h3>\n<p>El accesorio perfecto para tu Thermomix TM6, TM5 o TM31.<br \/>\nHaz zumos de frutas, exprime c\u00edtricos o incluso centrifuga tus ensaladas, todo ello benefici\u00e1ndote de la calidad de fabricaci\u00f3n alemana.<\/p>\n<p><img decoding=\"async\" class=\"wp-image-25781 aligncenter\" title=\"7\" src=\"https:\/\/accessormix.com\/wp-content\/uploads\/2024\/06\/7.png\" alt=\"7\" width=\"600\" height=\"600\" srcset=\"https:\/\/accessormix.com\/wp-content\/uploads\/2024\/06\/7.png 800w, https:\/\/accessormix.com\/wp-content\/uploads\/2024\/06\/7-300x300.png 300w, https:\/\/accessormix.com\/wp-content\/uploads\/2024\/06\/7-150x150.png 150w, https:\/\/accessormix.com\/wp-content\/uploads\/2024\/06\/7-768x768.png 768w, https:\/\/accessormix.com\/wp-content\/uploads\/2024\/06\/7-430x430.png 430w, https:\/\/accessormix.com\/wp-content\/uploads\/2024\/06\/7-700x700.png 700w\" sizes=\"(max-width: 600px) 100vw, 600px\" \/><\/p>\n<h2><\/h2>\n<h2><b>Dise\u00f1o pr\u00e1ctico para un uso prolongado e ininterrumpido<\/b><\/h2>\n<p>Hazte la vida m\u00e1s f\u00e1cil mientras cuidas tu dieta.<br \/>\nEl exprimidor MixFino Thermomix te proporciona m\u00e1s de 100 minutos de zumo ininterrumpido, ideal para la ajetreada vida diaria.<\/p>\n<h3><b>Innovador ahorro de espacio para un almacenamiento \u00f3ptimo y un f\u00e1cil acceso<\/b><\/h3>\n<p>\u00a1Se acab\u00f3 el desorden innecesario!<br \/>\nNuestro extractor encaja perfectamente en tu Thermomix para un almacenamiento pr\u00e1ctico y un f\u00e1cil acceso en todo momento.<br \/>\nLibera espacio en tus armarios.<\/p>\n<p><img loading=\"lazy\" decoding=\"async\" class=\"wp-image-25776 aligncenter\" title=\"extractor de zumo thermomix tm6\" src=\"https:\/\/accessormix.com\/wp-content\/uploads\/2024\/06\/extracteur-de-jus-thermomix-tm6.png\" alt=\"extractor de zumo thermomix tm6\" width=\"600\" height=\"600\" srcset=\"https:\/\/accessormix.com\/wp-content\/uploads\/2024\/06\/extracteur-de-jus-thermomix-tm6.png 800w, https:\/\/accessormix.com\/wp-content\/uploads\/2024\/06\/extracteur-de-jus-thermomix-tm6-300x300.png 300w, https:\/\/accessormix.com\/wp-content\/uploads\/2024\/06\/extracteur-de-jus-thermomix-tm6-150x150.png 150w, https:\/\/accessormix.com\/wp-content\/uploads\/2024\/06\/extracteur-de-jus-thermomix-tm6-768x768.png 768w, https:\/\/accessormix.com\/wp-content\/uploads\/2024\/06\/extracteur-de-jus-thermomix-tm6-430x430.png 430w, https:\/\/accessormix.com\/wp-content\/uploads\/2024\/06\/extracteur-de-jus-thermomix-tm6-700x700.png 700w\" sizes=\"(max-width: 600px) 100vw, 600px\" \/><\/p>\n<h3><\/h3>\n<h3><b>F\u00e1cil de usar para obtener deliciosos zumos al alcance de tu mano<\/b><\/h3>\n<p>Tanto si eres un profesional como un principiante en la cocina, nuestro accesorio es apto para todos los niveles.<br \/>\nPrepara deliciosos zumos en un momento, sin complicaciones, y disfruta de sabores aut\u00e9nticos.<\/p>\n<p>&#8211; Disfruta de zumos frescos en cuesti\u00f3n de minutos para una salud \u00f3ptima.<br \/>\n&#8211; Simplifica tu rutina de limpieza combinando la preparaci\u00f3n de zumos y la limpieza.<br \/>\n&#8211; Aprovecha al m\u00e1ximo el espacio de tu cocina sustituyendo varios accesorios por uno solo.<\/p>\n<p>Si busca otros <a href=\"https:\/\/accessormix.com\/es\/accesorios-thermomix\/\">accesorios Thermomix <\/a>para regalar o para usted mismo, descubra <a href=\"https:\/\/accessormix.com\/es\/maximix-amplia-tu-thermomix-varoma\/\">Maximix<\/a>.<\/p>\n<p>&nbsp;<\/p>\n<p>\ud83d\udcac<i>\u00ab\u00a1Juicomix ha transformado mi rutina matutina en un momento de bienestar y salud!\u00bb<\/i> &#8211;<i>Sophie<\/i><\/p>\n<p>\ud83d\udcac <i>\u00ab\u00a1No podr\u00eda vivir sin \u00e9l, Juicomix ha simplificado mi vida! &#8211; Marc<\/i><\/p>\n<p>&nbsp;<\/p>\n<p class=\"p2\" style=\"text-align: center;\">\n<h4 class=\"p2\" style=\"text-align: center;\"><b>Compatible con los siguientes modelos: Thermomix : TM5, TM6 y TM31.<\/b><\/h4>\n<p class=\"p2\" style=\"text-align: center;\"><span class=\"s1\">\u2705<\/span><b> Con Accessormix, GARANT\u00cdA O DEVOLUCI\u00d3N DEL DINERO, tienes 14 d\u00edas para devolverlo<\/b><\/p>\n","protected":false},"excerpt":{"rendered":"<p>\u00a1Descubre Juicomix, el revolucionario accesorio que har\u00e1 que hacer zumos y tareas dom\u00e9sticas sea m\u00e1s f\u00e1cil que nunca!<\/p>\n","protected":false},"featured_media":25753,"comment_status":"open","ping_status":"closed","template":"","meta":[],"product_brand":[],"product_cat":[273,275,274,276,277,278,282,279,283],"product_tag":[],"class_list":{"0":"post-25797","1":"product","2":"type-product","3":"status-publish","4":"has-post-thumbnail","6":"product_cat-accesorios-thermomix","7":"product_cat-accesorios-thermomix-friend","8":"product_cat-accesorios-thermomix-tm31","9":"product_cat-accesorios-thermomix-tm5","10":"product_cat-accesorios-thermomix-tm6","11":"product_cat-funciones-adicionales-thermomix","12":"product_cat-thermomix-cada-dia-mas-facil","13":"product_cat-thermomix-cocinar-al-vapor","14":"product_cat-thermomix-proteccion-y-cuidados","16":"first","17":"instock","18":"featured","19":"shipping-taxable","20":"purchasable","21":"product-type-simple"},"_links":{"self":[{"href":"https:\/\/accessormix.com\/es\/wp-json\/wp\/v2\/product\/25797","targetHints":{"allow":["GET"]}}],"collection":[{"href":"https:\/\/accessormix.com\/es\/wp-json\/wp\/v2\/product"}],"about":[{"href":"https:\/\/accessormix.com\/es\/wp-json\/wp\/v2\/types\/product"}],"replies":[{"embeddable":true,"href":"https:\/\/accessormix.com\/es\/wp-json\/wp\/v2\/comments?post=25797"}],"version-history":[{"count":0,"href":"https:\/\/accessormix.com\/es\/wp-json\/wp\/v2\/product\/25797\/revisions"}],"wp:featuredmedia":[{"embeddable":true,"href":"https:\/\/accessormix.com\/es\/wp-json\/wp\/v2\/media\/25753"}],"wp:attachment":[{"href":"https:\/\/accessormix.com\/es\/wp-json\/wp\/v2\/media?parent=25797"}],"wp:term":[{"taxonomy":"product_brand","embeddable":true,"href":"https:\/\/accessormix.com\/es\/wp-json\/wp\/v2\/product_brand?post=25797"},{"taxonomy":"product_cat","embeddable":true,"href":"https:\/\/accessormix.com\/es\/wp-json\/wp\/v2\/product_cat?post=25797"},{"taxonomy":"product_tag","embeddable":true,"href":"https:\/\/accessormix.com\/es\/wp-json\/wp\/v2\/product_tag?post=25797"}],"curies":[{"name":"wp","href":"https:\/\/api.w.org\/{rel}","templated":true}]}}