{"id":25811,"date":"2024-06-04T14:24:36","date_gmt":"2024-06-04T12:24:36","guid":{"rendered":"https:\/\/accessormix.com\/minimix-reductor-de-bol-para-thermomix\/"},"modified":"2026-05-12T17:11:53","modified_gmt":"2026-05-12T15:11:53","slug":"minimix-reductor-de-bol-para-thermomix","status":"publish","type":"product","link":"https:\/\/accessormix.com\/es\/minimix-reductor-de-bol-para-thermomix\/","title":{"rendered":"Minimix &#8211; Reductor de bol para Thermomix"},"content":{"rendered":"<h2>Reductor de cubeta para Thermomix<\/h2>\n<p>Optimiza la preparaci\u00f3n de tus alimentos con nuestro reductor de bol especialmente dise\u00f1ado para Thermomix.<br \/>\nEste innovador accesorio reduce el tama\u00f1o del bol para que puedas preparar cantidades m\u00e1s peque\u00f1as sin comprometer la calidad.<br \/>\nIdeal para salsas, porciones peque\u00f1as o mezclas delicadas, es f\u00e1cil de instalar y ofrece una gran precisi\u00f3n en tus recetas.<br \/>\nCompatible con todos los modelos Thermomix, te ayuda a evitar el desperdicio mientras cocinas con eficacia.<\/p>\n<h3>Precisi\u00f3n y eficacia para tus peque\u00f1as preparaciones<\/h3>\n<p>El reductor de bol para Thermomix te permite cocinar peque\u00f1as cantidades con una precisi\u00f3n \u00f3ptima, reduciendo el desperdicio y maximizando la calidad de tus platos.<br \/>\nPrepara porciones perfectas con el reductor de bol, dise\u00f1ado para un uso pr\u00e1ctico y eficaz con tu Thermomix.<\/p>\n<ul>\n<li>Reduce el tama\u00f1o del bol para peque\u00f1as cantidades<\/li>\n<li>R\u00e1pido y f\u00e1cil de instalar<\/li>\n<li>Compatible con todos los modelos de Thermomix<\/li>\n<li>Ideal para salsas y mezclas delicadas<\/li>\n<li>F\u00e1cil de limpiar<\/li>\n<\/ul>\n<p>&nbsp;<\/p>\n<p class=\"p2\">Si busca otros <a href=\"https:\/\/accessormix.com\/es\/accesorios-thermomix\/\">accesorios Thermomix <\/a>para regalar o para usted mismo, descubra <a href=\"https:\/\/accessormix.com\/es\/moulmix-molde-de-silicona-para-thermomix\/\">Moulmix<\/a>.<\/p>\n<p>&nbsp;<\/p>\n<h4 class=\"p2\" style=\"text-align: center;\"><b>Compatible con los siguientes modelos: Thermomix : TM5, TM6 y TM31.<\/b><\/h4>\n<p class=\"p2\" style=\"text-align: center;\"><span class=\"s1\">\u2705<\/span><b> Con Accessormix, GARANT\u00cdA O DEVOLUCI\u00d3N DEL DINERO, tienes 14 d\u00edas para devolverlo<\/b><\/p>\n","protected":false},"excerpt":{"rendered":"<p>Cocina con precisi\u00f3n gracias al reductor de bol para Thermomix, ideal para raciones peque\u00f1as, salsas y mezclas delicadas.<\/p>\n","protected":false},"featured_media":19898,"comment_status":"open","ping_status":"closed","template":"","meta":[],"product_brand":[],"product_cat":[273,275,274,276,277,278,282,279,283],"product_tag":[],"class_list":{"0":"post-25811","1":"product","2":"type-product","3":"status-publish","4":"has-post-thumbnail","6":"product_cat-accesorios-thermomix","7":"product_cat-accesorios-thermomix-friend","8":"product_cat-accesorios-thermomix-tm31","9":"product_cat-accesorios-thermomix-tm5","10":"product_cat-accesorios-thermomix-tm6","11":"product_cat-funciones-adicionales-thermomix","12":"product_cat-thermomix-cada-dia-mas-facil","13":"product_cat-thermomix-cocinar-al-vapor","14":"product_cat-thermomix-proteccion-y-cuidados","16":"first","17":"instock","18":"featured","19":"shipping-taxable","20":"purchasable","21":"product-type-simple"},"_links":{"self":[{"href":"https:\/\/accessormix.com\/es\/wp-json\/wp\/v2\/product\/25811","targetHints":{"allow":["GET"]}}],"collection":[{"href":"https:\/\/accessormix.com\/es\/wp-json\/wp\/v2\/product"}],"about":[{"href":"https:\/\/accessormix.com\/es\/wp-json\/wp\/v2\/types\/product"}],"replies":[{"embeddable":true,"href":"https:\/\/accessormix.com\/es\/wp-json\/wp\/v2\/comments?post=25811"}],"version-history":[{"count":0,"href":"https:\/\/accessormix.com\/es\/wp-json\/wp\/v2\/product\/25811\/revisions"}],"wp:featuredmedia":[{"embeddable":true,"href":"https:\/\/accessormix.com\/es\/wp-json\/wp\/v2\/media\/19898"}],"wp:attachment":[{"href":"https:\/\/accessormix.com\/es\/wp-json\/wp\/v2\/media?parent=25811"}],"wp:term":[{"taxonomy":"product_brand","embeddable":true,"href":"https:\/\/accessormix.com\/es\/wp-json\/wp\/v2\/product_brand?post=25811"},{"taxonomy":"product_cat","embeddable":true,"href":"https:\/\/accessormix.com\/es\/wp-json\/wp\/v2\/product_cat?post=25811"},{"taxonomy":"product_tag","embeddable":true,"href":"https:\/\/accessormix.com\/es\/wp-json\/wp\/v2\/product_tag?post=25811"}],"curies":[{"name":"wp","href":"https:\/\/api.w.org\/{rel}","templated":true}]}}