{"id":22344,"date":"2024-02-25T14:17:33","date_gmt":"2024-02-25T13:17:33","guid":{"rendered":"https:\/\/accessormix.com\/consegna-e-restituzione\/"},"modified":"2024-08-08T17:06:10","modified_gmt":"2024-08-08T15:06:10","slug":"consegna-e-restituzione","status":"publish","type":"page","link":"https:\/\/accessormix.com\/it\/consegna-e-restituzione\/","title":{"rendered":"Consegna e restituzione"},"content":{"rendered":"\t\t<div data-elementor-type=\"wp-page\" data-elementor-id=\"22344\" class=\"elementor elementor-22344 elementor-15651\">\n\t\t\t\t<div class=\"wd-negative-gap elementor-element elementor-element-af7ede6 e-flex e-con-boxed e-con e-parent\" data-id=\"af7ede6\" data-element_type=\"container\">\n\t\t\t\t\t<div class=\"e-con-inner\">\n\t\t\t\t<div class=\"elementor-element elementor-element-a527a38 elementor-widget elementor-widget-wd_text_block\" data-id=\"a527a38\" data-element_type=\"widget\" data-widget_type=\"wd_text_block.default\">\n\t\t\t\t<div class=\"elementor-widget-container\">\n\t\t\t\t\t\t\t<div class=\"wd-text-block reset-last-child text-left\">\n\t\t\t\n\t\t\t<p>Abbiamo una politica di restituzione di 14 giorni, il che significa che hai 14 giorni di tempo dopo aver ricevuto l'articolo per richiedere un reso.<\/p><p>Per poter essere restituito, l'articolo deve essere nelle stesse condizioni in cui \u00e8 stato ricevuto, non aperto o non utilizzato, con le etichette e nella confezione originale. \u00c8 necessario anche uno scontrino o una prova d'acquisto.<\/p><p>Per effettuare un reso, puoi contattarci tramite la <a href=\"https:\/\/accessormix.com\/it\/contatto\/\">pagina dei contatti<\/a>. Se il tuo reso viene accettato, ti invieremo le istruzioni su come e dove spedire il pacco. Gli articoli restituiti senza una preventiva richiesta di reso non saranno accettati.<\/p><p>Se hai domande sui resi, puoi sempre contattarci tramite la nostra pagina di contatto.<\/p><p> <\/p><h3>Costi di spedizione<\/h3><p>Siamo consapevoli dell'importanza di un'esperienza di acquisto senza soluzione di continuit\u00e0. <br>Se decidi di restituire un articolo, ti preghiamo di tenere presente che le spese di spedizione saranno a tuo carico. Per la comodit\u00e0 dei nostri clienti, siamo lieti di informarti che abbiamo magazzini per le restituzioni situati in Europa e negli Stati Uniti.<\/p><p>Se vivi in queste regioni, puoi usufruire della spedizione nazionale per i tuoi resi. Ti forniremo gli indirizzi specifici dei nostri magazzini di restituzione quando richiederai un reso.<\/p><p>Per i nostri stimati clienti al di fuori di queste regioni, ci scusiamo sinceramente per qualsiasi inconveniente e apprezziamo la vostra comprensione. Ci impegniamo a fornirti la migliore esperienza di acquisto possibile.<\/p><p> <\/p><h3>Costi di riassortimento<\/h3><p>Per la restituzione degli articoli verr\u00e0 addebitato un costo di spedizione di 10 euro.<\/p><p> <\/p><h3>Danni e problemi<\/h3><p>Ti preghiamo di ispezionare il tuo ordine al momento della ricezione per assicurarti che non sia danneggiato.<\/p><p> <\/p><h3>Politica di restituzione automatica<\/h3><p>Se un pacco torna al nostro magazzino, lo rispediremo automaticamente al cliente senza costi aggiuntivi. Questo copre i casi abituali in cui il pacco non \u00e8 stato ritirato o c'\u00e8 stato un problema di indirizzo, che di solito si verifica da parte del cliente. Lo risolveremo per te senza alcun costo aggiuntivo.<\/p><p>In caso di problemi con l'articolo che hai ricevuto, puoi ovviamente restituirlo per ottenere un rimborso, in conformit\u00e0 con la nostra politica di restituzione.<\/p><p> <\/p><h3>Scambi<\/h3><p>Il modo pi\u00f9 rapido per assicurarsi di ottenere ci\u00f2 che si desidera \u00e8 restituire l'articolo che si possiede e, una volta accettato il reso, effettuare un acquisto separato per il nuovo articolo.<\/p><p> <\/p><h3>Rimborsi<\/h3><p>Ti informeremo non appena avremo ricevuto e controllato il tuo reso e ti comunicheremo se il rimborso \u00e8 stato approvato o meno.<\/p><p><br>Se il rimborso viene approvato, sarai automaticamente rimborsato tramite il tuo metodo di pagamento originale. Tieni presente che potrebbe volerci del tempo prima che la tua banca o la societ\u00e0 di carte di credito elaborino e pubblichino il rimborso. (Tra 5 e 15 giorni lavorativi)<\/p><p> <\/p><h3>Articoli non restituibili<\/h3><p><br>Per l'igiene e la sicurezza dei nostri clienti, alcuni articoli sono considerati non restituibili, tra cui, ma non solo, i seguenti: Cucchiai, filtri e altri prodotti a contatto con gli alimenti.<\/p><p>Qualsiasi articolo che sia stato aperto, lavato, danneggiato, rotto o modificato in qualsiasi modo.<\/p><p>Per informazioni specifiche sulla restituzione di ciascun prodotto, consulta la descrizione del prodotto e la documentazione che lo accompagna. Se non sei sicuro che l'articolo possa essere restituito, contatta il nostro servizio clienti prima di rispedirlo.<\/p><p>Ti ringraziamo per aver acquistato con noi e per aver compreso la nostra politica sui resi che garantisce un'esperienza sicura e piacevole per tutti i nostri clienti.<\/p>\n\t\t\t\t\t<\/div>\n\t\t\t\t\t\t<\/div>\n\t\t\t\t<\/div>\n\t\t\t\t\t<\/div>\n\t\t\t\t<\/div>\n\t\t<div class=\"wd-negative-gap elementor-element elementor-element-2bd48ad e-flex e-con-boxed e-con e-parent\" data-id=\"2bd48ad\" data-element_type=\"container\">\n\t\t\t\t\t<div class=\"e-con-inner\">\n\t\t\t\t<div class=\"elementor-element elementor-element-b089a97 elementor-widget elementor-widget-wd_button\" data-id=\"b089a97\" data-element_type=\"widget\" data-widget_type=\"wd_button.default\">\n\t\t\t\t<div class=\"elementor-widget-container\">\n\t\t\t\t\t\t\t<div class=\"wd-button-wrapper text-center\" >\n\t\t\t<a class=\"btn btn-style-default btn-shape-semi-round btn-size-extra-large btn-color-primary btn-icon-pos-right\"  href=\"https:\/\/accessormix.com\/it\/contatto\/\">\n\t\t\t\t<span class=\"wd-btn-text\" data-elementor-setting-key=\"text\">\n\t\t\t\t\tRichiedi un reso\t\t\t\t<\/span>\n\n\t\t\t\t\t\t\t\t\t<span class=\"wd-btn-icon\">\n\t\t\t\t\t\t<svg class=\"wd-icon e-font-icon-svg e-far-arrow-alt-circle-right\" viewBox=\"0 0 512 512\" xmlns=\"http:\/\/www.w3.org\/2000\/svg\"><path d=\"M504 256C504 119 393 8 256 8S8 119 8 256s111 248 248 248 248-111 248-248zm-448 0c0-110.5 89.5-200 200-200s200 89.5 200 200-89.5 200-200 200S56 366.5 56 256zm72 20v-40c0-6.6 5.4-12 12-12h116v-67c0-10.7 12.9-16 20.5-8.5l99 99c4.7 4.7 4.7 12.3 0 17l-99 99c-7.6 7.6-20.5 2.2-20.5-8.5v-67H140c-6.6 0-12-5.4-12-12z\"><\/path><\/svg>\t\t\t\t\t<\/span>\n\t\t\t\t\t\t\t<\/a>\n\t\t<\/div>\n\t\t\t\t\t\t<\/div>\n\t\t\t\t<\/div>\n\t\t\t\t\t<\/div>\n\t\t\t\t<\/div>\n\t\t\t\t<\/div>\n\t\t","protected":false},"excerpt":{"rendered":"<p>Abbiamo una politica di restituzione di 14 giorni, il che significa che hai 14 giorni di tempo dopo aver ricevuto<\/p>\n","protected":false},"author":1,"featured_media":0,"parent":0,"menu_order":0,"comment_status":"closed","ping_status":"closed","template":"","meta":{"footnotes":""},"class_list":["post-22344","page","type-page","status-publish","hentry"],"_hostinger_reach_plugin_has_subscription_block":false,"_hostinger_reach_plugin_is_elementor":false,"_links":{"self":[{"href":"https:\/\/accessormix.com\/it\/wp-json\/wp\/v2\/pages\/22344","targetHints":{"allow":["GET"]}}],"collection":[{"href":"https:\/\/accessormix.com\/it\/wp-json\/wp\/v2\/pages"}],"about":[{"href":"https:\/\/accessormix.com\/it\/wp-json\/wp\/v2\/types\/page"}],"author":[{"embeddable":true,"href":"https:\/\/accessormix.com\/it\/wp-json\/wp\/v2\/users\/1"}],"replies":[{"embeddable":true,"href":"https:\/\/accessormix.com\/it\/wp-json\/wp\/v2\/comments?post=22344"}],"version-history":[{"count":0,"href":"https:\/\/accessormix.com\/it\/wp-json\/wp\/v2\/pages\/22344\/revisions"}],"wp:attachment":[{"href":"https:\/\/accessormix.com\/it\/wp-json\/wp\/v2\/media?parent=22344"}],"curies":[{"name":"wp","href":"https:\/\/api.w.org\/{rel}","templated":true}]}}