{"id":22908,"date":"2024-06-04T14:24:36","date_gmt":"2024-06-04T12:24:36","guid":{"rendered":"https:\/\/accessormix.com\/balancomix\/"},"modified":"2025-01-24T18:32:51","modified_gmt":"2025-01-24T17:32:51","slug":"balancomix","status":"publish","type":"product","link":"https:\/\/accessormix.com\/it\/balancomix\/","title":{"rendered":"Balancomix &#8211; Coperchio in silicone con scala graduata"},"content":{"rendered":"<div class=\"custom-desc prestibalance-desc\">\n<h2>Coperchio di freschezza Bimby con funzione di pesatura.<\/h2>\n<h3>Sempre fresco e ben chiuso<\/h3>\n<p>Mantieni i tuoi alimenti freschi pi\u00f9 a lungo con il coperchio in silicone elastico Balancomix, un&#8217;alternativa duratura alla pellicola trasparente.<br \/>\nAdatto ai modelli Thermomix TM6, TM5 e TM31.<\/p>\n<ul>\n<li>Freschezza prolungata<\/li>\n<li>Facilit\u00e0 d&#8217;uso<\/li>\n<li>Rispetto per l&#8217;ambiente<\/li>\n<\/ul>\n<h2>Pi\u00f9 spazio e pi\u00f9 comodit\u00e0<\/h2>\n<p>Semplifica la conservazione degli alimenti direttamente nella ciotola del frullatore senza ingombrare il frigorifero.<br \/>\nIl coperchio estensibile in silicone facilita la conservazione, preservando la freschezza e il sapore senza occupare spazio.<\/p>\n<ul>\n<li>Mantieni i tuoi alimenti freschi pi\u00f9 a lungo, preservandone il sapore delizioso.<\/li>\n<li>Semplifica la conservazione e il trasporto degli alimenti con un&#8217;installazione facile e veloce.<\/li>\n<li>Aiuta a proteggere l&#8217;ambiente sostituendo l&#8217;alluminio e le pellicole di plastica.<\/li>\n<\/ul>\n<h3>I benefici di Balancomix:<\/h3>\n<p>Alternativa sostenibile al foglio di alluminio o alla pellicola trasparente: &#8211; Di&#8217; addio agli sprechi con il nostro coperchio in silicone riutilizzabile!<br \/>\nMantiene i cibi freschi e gustosi: &#8211; Mantiene i tuoi piatti deliziosamente freschi pi\u00f9 a lungo!<br \/>\nFacile da montare: &#8211; Semplifica la vita in un solo gesto con il nostro pratico coperchio!<br \/>\nSicuro per la tua salute: &#8211; Proteggi la tua famiglia con il nostro coperchio in silicone senza BPA!<br \/>\nRispettoso dell&#8217;ambiente: &#8211; Fai la tua parte per il pianeta dicendo no alla pellicola di plastica!<\/p>\n<h2>Semplicit\u00e0 totale per un trasporto pi\u00f9 sicuro<\/h2>\n<p>Utilizzare il coperchio per trasportare o conservare gli alimenti \u00e8 un gioco da ragazzi.<br \/>\nBasta sollevare le linguette, posizionarlo e ripiegare le linguette per una protezione efficace.<\/p>\n<h2>Protezione e qualit\u00e0 a prova di bomba<\/h2>\n<p>Realizzato in silicone alimentare, il coperchio Balancomix protegge i tuoi alimenti in modo sicuro, senza BPA o sostanze nocive.<br \/>\nProteggi l&#8217;ambiente scegliendo questo coperchio riutilizzabile e lavabile in lavastoviglie.<\/p>\n<h2>Adattabilit\u00e0 e affidabilit\u00e0 per il tuo Bimby<\/h2>\n<p>Il coperchio si adatta perfettamente ai modelli Thermomix Bimby TM6, TM5 e TM31, offrendo una soluzione pratica e affidabile per conservare le tue preparazioni senza ostacoli.<br \/>\nUna volta posizionato, potrai godere di una conservazione ottimale senza compromessi.<\/p>\n<p>Se cercate altri <a href=\"https:\/\/accessormix.com\/it\/accessori-bimby\/\">accessori Bimby<\/a> da regalare o da ricevere in dono, consultate anche<span class=\"Apple-converted-space\"><a href=\"https:\/\/accessormix.com\/it\/bouchmix-tappo-per-bimby\/\"> Bouchmix<\/a>.<\/span><\/p>\n<p>&nbsp;<\/p>\n<h4 style=\"text-align: center;\"><b>Compatibile con i seguenti modelli Bimby: TM5, TM6 e TM31<\/b><\/h4>\n<p style=\"text-align: center;\">\u2705<b> Con Accessormix, GARANTITO O RIMBORSATO, avete 14 giorni di tempo per restituirlo.<\/b><\/p>\n<\/div>\n","protected":false},"excerpt":{"rendered":"<p>Mantieni i tuoi alimenti freschi con stile e praticit\u00e0 grazie al Coperchio in silicone Balancomix per la tua ciotola Bimby.<br \/>\nPu\u00f2 essere utilizzato anche come supporto per la bilancia per il tuo TM5, TM6 e TM31.<\/p>\n","protected":false},"featured_media":19557,"comment_status":"open","ping_status":"closed","template":"","meta":[],"product_brand":[],"product_cat":[242,244,243,245,246,251,252,247],"product_tag":[],"class_list":{"0":"post-22908","1":"product","2":"type-product","3":"status-publish","4":"has-post-thumbnail","6":"product_cat-accessori-bimby","7":"product_cat-accessori-bimby-friend","8":"product_cat-accessori-bimby-tm31","9":"product_cat-accessori-bimby-tm5","10":"product_cat-accessori-bimby-tm6","11":"product_cat-bimby-ogni-giorno-piu-facile","12":"product_cat-bimby-protezione-e-cura","13":"product_cat-funzioni-aggiuntive-bimby","15":"first","16":"instock","17":"shipping-taxable","18":"purchasable","19":"product-type-simple"},"_links":{"self":[{"href":"https:\/\/accessormix.com\/it\/wp-json\/wp\/v2\/product\/22908","targetHints":{"allow":["GET"]}}],"collection":[{"href":"https:\/\/accessormix.com\/it\/wp-json\/wp\/v2\/product"}],"about":[{"href":"https:\/\/accessormix.com\/it\/wp-json\/wp\/v2\/types\/product"}],"replies":[{"embeddable":true,"href":"https:\/\/accessormix.com\/it\/wp-json\/wp\/v2\/comments?post=22908"}],"version-history":[{"count":0,"href":"https:\/\/accessormix.com\/it\/wp-json\/wp\/v2\/product\/22908\/revisions"}],"wp:featuredmedia":[{"embeddable":true,"href":"https:\/\/accessormix.com\/it\/wp-json\/wp\/v2\/media\/19557"}],"wp:attachment":[{"href":"https:\/\/accessormix.com\/it\/wp-json\/wp\/v2\/media?parent=22908"}],"wp:term":[{"taxonomy":"product_brand","embeddable":true,"href":"https:\/\/accessormix.com\/it\/wp-json\/wp\/v2\/product_brand?post=22908"},{"taxonomy":"product_cat","embeddable":true,"href":"https:\/\/accessormix.com\/it\/wp-json\/wp\/v2\/product_cat?post=22908"},{"taxonomy":"product_tag","embeddable":true,"href":"https:\/\/accessormix.com\/it\/wp-json\/wp\/v2\/product_tag?post=22908"}],"curies":[{"name":"wp","href":"https:\/\/api.w.org\/{rel}","templated":true}]}}