{"id":24817,"date":"2024-06-04T15:04:17","date_gmt":"2024-06-04T13:04:17","guid":{"rendered":"https:\/\/accessormix.com\/protectmix-coperchio-protettivo-per-thermomix\/"},"modified":"2025-01-23T23:21:12","modified_gmt":"2025-01-23T22:21:12","slug":"protectmix-coperchio-protettivo-per-bimby","status":"publish","type":"product","link":"https:\/\/accessormix.com\/it\/protectmix-coperchio-protettivo-per-bimby\/","title":{"rendered":"Protectmix &#8211; Coperchio protettivo per Bimby"},"content":{"rendered":"<h2><b>Coperchio protettivo per Bimby: eleganza e resistenza<\/b><\/h2>\n<p>Scopri il nostro coperchio protettivo top di gamma, progettato appositamente per il tuo Bimby.<br \/>\nCombinando stile e funzionalit\u00e0, questo coperchio protegge il tuo elettrodomestico aggiungendo un tocco di eleganza alla tua cucina.<br \/>\nRealizzata con materiali di alta qualit\u00e0, offre una protezione ottimale contro polvere, schizzi e graffi.<\/p>\n<p>&nbsp;<\/p>\n<h3><b>La protezione definitiva per il tuo fedele compagno culinario<\/b><\/h3>\n<p>La nostra copertura si adatta perfettamente a tutti i modelli Bimby, offrendo una protezione su misura.<br \/>\nIl suo design innovativo permette di accedere facilmente alle funzioni dell&#8217;elettrodomestico e allo stesso tempo di proteggerlo efficacemente.<\/p>\n<p>Investi nella longevit\u00e0 del tuo Bimby con la nostra copertura protettiva premium.<br \/>\nElegante, resistente e pratico, diventer\u00e0 rapidamente un elemento essenziale della tua cucina.<\/p>\n<ul>\n<li>Materiale resistente e impermeabile<\/li>\n<li>Design elegante e moderno<\/li>\n<li>Compatibile con tutti i modelli Bimby<\/li>\n<li>Facile da pulire e mantenere<\/li>\n<li>Protezione da polvere e schizzi<\/li>\n<\/ul>\n<p><b>Protezione totale:<\/b> tieni il tuo Bimby al riparo da polvere, sporco e luce solare. <b>Organizzazione semplificata:<\/b> due pratiche tasche per riporre utensili e accessori, tutto a portata di mano. <b>Stile elegante:<\/b> Una copertura fatta a mano in tela cerata trasparente che mette in mostra il tuo Thermomix con stile.<\/p>\n<p>Il coperchio Protectmix combina stile e funzionalit\u00e0 per offrire una protezione ottimale al tuo Bimby e aggiungere un tocco di eleganza alla tua cucina.<br \/>\nMantiene il tuo elettrodomestico pulito e sicuro, consentendo al contempo un facile accesso ai tuoi accessori essenziali.<\/p>\n<p>&nbsp;<\/p>\n<h2><b>Lo scudo definitivo per proteggere il tuo Bimby ogni giorno<\/b><\/h2>\n<p>Proteggi il tuo Bimby con eleganza ed efficienza.<br \/>\nLa copertura trasparente in tessuto cerato di alta qualit\u00e0 garantisce una protezione totale da polvere, sporco, peli di animali domestici e molto altro.<br \/>\nLascia che il tuo robot da cucina risplenda come nuovo ogni volta che lo usi.<\/p>\n<p>&nbsp;<\/p>\n<h2><b>Praticit\u00e0 ridefinita Innovativa copertura Bimby per un utilizzo senza preoccupazioni<\/b><\/h2>\n<p>Grazie a due ingegnose tasche, questo astuccio \u00e8 ideale per riporre i tuoi accessori essenziali come spatola, chiavi del Bimby, frusta, penna e schede di cucina.<br \/>\nTutto ci\u00f2 di cui hai bisogno \u00e8 a portata di mano, rendendo ogni sessione di cottura semplice e senza problemi.<\/p>\n<h2><b> Coperchio Bimby di qualit\u00e0 ineguagliabile, top di gamma, per un&#8217;eccezionale durata.<\/b><\/h2>\n<p>Realizzato a mano con una notevole attenzione ai dettagli, questo coperchio protettivo \u00e8 caratterizzato da bordature e cuciture bianche per una finitura impeccabile.<br \/>\nIl tessuto cerato trasparente, privo di Varoma, non \u00e8 solo bello, ma anche resistente, per proteggere a lungo il tuo prezioso Bimby.<\/p>\n<p>&nbsp;<\/p>\n<h3><b> Il coperchio del Bimby \u00e8 facile da pulire, cos\u00ec la tua cucina sar\u00e0 sempre immacolata.<\/b><\/h3>\n<p>D\u00ec addio alle laboriose operazioni di pulizia.<br \/>\nBasta una semplice passata con una spugna o un lavaggio a mano per mantenere il coperchio immacolato.<br \/>\nGoditi il tuo Bimby senza preoccupazioni, sapendo che \u00e8 ben protetto e facile da mantenere.<\/p>\n<p>Con il coperchio protettivo Protectmix, dai al tuo Bimby la cura e la sicurezza che merita.<br \/>\nScegli la tranquillit\u00e0 e la praticit\u00e0 di tutti i giorni, mantenendo il tuo robot da cucina preferito come nuovo.<br \/>\nGoditi ogni utilizzo senza preoccuparti che gli elementi esterni possano danneggiarlo.<\/p>\n<p>Se cercate altri <a href=\"https:\/\/accessormix.com\/it\/accessori-bimby\/\">accessori Bimby<\/a> da regalare o da ricevere in dono, consultate anche <a href=\"https:\/\/accessormix.com\/it\/protimix-protezione-dello-schermo-per-bimby\/\">Protimix<\/a>.<\/p>\n<p>&nbsp;<\/p>\n<h4 style=\"text-align: center;\"><b>Compatibile con i seguenti modelli Bimby<\/b><b>: TM5, TM6 e TM31<\/b><\/h4>\n<p style=\"text-align: center;\">\u2705<b> Con Accessormix, GARANTITO O RIMBORSATO, hai 14 giorni per cambiare idea.<\/b><\/p>\n","protected":false},"excerpt":{"rendered":"<p>Coperchio protettivo per Bimby &#8211; Proteggi il tuo robot da cucina con stile.<\/p>\n","protected":false},"featured_media":24812,"comment_status":"open","ping_status":"closed","template":"","meta":[],"product_brand":[],"product_cat":[242,244,243,245,246,251,249,252],"product_tag":[],"class_list":{"0":"post-24817","1":"product","2":"type-product","3":"status-publish","4":"has-post-thumbnail","6":"product_cat-accessori-bimby","7":"product_cat-accessori-bimby-friend","8":"product_cat-accessori-bimby-tm31","9":"product_cat-accessori-bimby-tm5","10":"product_cat-accessori-bimby-tm6","11":"product_cat-bimby-ogni-giorno-piu-facile","12":"product_cat-bimby-pulizia","13":"product_cat-bimby-protezione-e-cura","15":"first","16":"instock","17":"shipping-taxable","18":"purchasable","19":"product-type-simple"},"_links":{"self":[{"href":"https:\/\/accessormix.com\/it\/wp-json\/wp\/v2\/product\/24817","targetHints":{"allow":["GET"]}}],"collection":[{"href":"https:\/\/accessormix.com\/it\/wp-json\/wp\/v2\/product"}],"about":[{"href":"https:\/\/accessormix.com\/it\/wp-json\/wp\/v2\/types\/product"}],"replies":[{"embeddable":true,"href":"https:\/\/accessormix.com\/it\/wp-json\/wp\/v2\/comments?post=24817"}],"version-history":[{"count":0,"href":"https:\/\/accessormix.com\/it\/wp-json\/wp\/v2\/product\/24817\/revisions"}],"wp:featuredmedia":[{"embeddable":true,"href":"https:\/\/accessormix.com\/it\/wp-json\/wp\/v2\/media\/24812"}],"wp:attachment":[{"href":"https:\/\/accessormix.com\/it\/wp-json\/wp\/v2\/media?parent=24817"}],"wp:term":[{"taxonomy":"product_brand","embeddable":true,"href":"https:\/\/accessormix.com\/it\/wp-json\/wp\/v2\/product_brand?post=24817"},{"taxonomy":"product_cat","embeddable":true,"href":"https:\/\/accessormix.com\/it\/wp-json\/wp\/v2\/product_cat?post=24817"},{"taxonomy":"product_tag","embeddable":true,"href":"https:\/\/accessormix.com\/it\/wp-json\/wp\/v2\/product_tag?post=24817"}],"curies":[{"name":"wp","href":"https:\/\/api.w.org\/{rel}","templated":true}]}}