{"id":25544,"date":"2024-06-04T14:59:16","date_gmt":"2024-06-04T12:59:16","guid":{"rendered":"https:\/\/accessormix.com\/poachimix-supporto-per-uova-per-thermomix\/"},"modified":"2025-01-23T23:21:40","modified_gmt":"2025-01-23T22:21:40","slug":"poachimix-supporto-per-uova-per-bimby","status":"publish","type":"product","link":"https:\/\/accessormix.com\/it\/poachimix-supporto-per-uova-per-bimby\/","title":{"rendered":"Poachimix &#8211; Supporto per uova per Bimby"},"content":{"rendered":"<h2>Supporto per uova per Bimby<\/h2>\n<p>Ottimizza la cottura delle tue uova con il nostro portauovo appositamente progettato per Bimby.<br \/>\nIdeale per cuocere pi\u00f9 uova contemporaneamente, garantisce una cottura uniforme e perfetta ogni volta.<\/p>\n<p>Facile da inserire e rimuovere, questo supporto \u00e8 compatibile con tutti i modelli Bimby e ti permette di preparare uova in camicia, sode o alla coque con estrema facilit\u00e0.<\/p>\n<h3>Un accessorio essenziale per cucinare bene le uova<\/h3>\n<p>Questo portauovo garantisce una cottura uniforme e comoda, preservando la consistenza e il sapore delle uova.<br \/>\n\u00c8 essenziale per ottenere risultati perfetti.<br \/>\nCuoci le uova con precisione e facilit\u00e0 grazie al nostro portauovo per Bimby.<\/p>\n<ul>\n<li>Anche la cottura per diverse uova<\/li>\n<li>Facile da inserire e rimuovere<\/li>\n<li>Compatibile con tutti i modelli Bimby<\/li>\n<li>Prepara uova in camicia, sode o alla coque<\/li>\n<li>Risultati sempre perfetti<\/li>\n<\/ul>\n<p>&nbsp;<\/p>\n<div style=\"text-align: start;\"><img decoding=\"async\" class=\"aligncenter\" src=\"https:\/\/cdn.shopify.com\/s\/files\/1\/0654\/3343\/6419\/files\/gif_1_d4ce4f65-c86e-4527-9584-498500e6c95f_480x480.gif?v=1666734948\" alt=\"\" \/><\/div>\n<div>\n<h2><\/h2>\n<h2><b>Massima stabilit\u00e0 per cuocere senza rompersi o schizzare<\/b><\/h2>\n<p>Il supporto per uova Poachimix assicura una stabilit\u00e0 ottimale alle uova, evitando che si rotolino e si rompano durante la cottura. <b>Pratico ed efficiente!<\/b><\/p>\n<p>&nbsp;<\/p>\n<p><img decoding=\"async\" style=\"display: block; margin-left: auto; margin-right: auto;\" src=\"https:\/\/cdn.shopify.com\/s\/files\/1\/0654\/3343\/6419\/files\/4_7ea1be78-ae8d-4d8a-8149-6955cc0c8174_480x480.jpg?v=1667146496\" alt=\"\" \/><\/p>\n<h3><\/h3>\n<h3><b>Compatibilit\u00e0 perfetta con tutti i modelli di Bimby per un facile inserimento<\/b><\/h3>\n<p>Appositamente progettato per i modelli Thermomix Bimby TM5, TM6 e TM31, questo portauovo si inserisce perfettamente nel cestello di cottura originale. <b>Facile da usare!<\/b><\/p>\n<p>&nbsp;<\/p>\n<p><img decoding=\"async\" class=\"aligncenter\" style=\"display: block; margin-left: auto; margin-right: auto;\" src=\"https:\/\/cdn.shopify.com\/s\/files\/1\/0654\/3343\/6419\/files\/6_480x480.jpg?v=1667146560\" alt=\"\" \/><\/p>\n<h2><\/h2>\n<h2><b>Qualit\u00e0 per una durata e una sicurezza eccezionali<\/b><\/h2>\n<p>Realizzato in plastica resistente al calore, senza BPA e lavabile in lavastoviglie, questo portauovo \u00e8 un accessorio di alta qualit\u00e0 per il tuo Bimby. <b>Design senza compromessi!<\/b><\/p>\n<p>&nbsp;<\/p>\n<p><img decoding=\"async\" style=\"display: block; margin-left: auto; margin-right: auto;\" src=\"https:\/\/cdn.shopify.com\/s\/files\/1\/0654\/3343\/6419\/files\/214_480x480.jpg?v=1698241277\" alt=\"\" \/><\/p>\n<h3><\/h3>\n<h3><b>Sicurezza e comfort per la manipolazione senza rischio di ustioni<\/b><\/h3>\n<p>Grazie a questo pratico accessorio, potrai cucinare, immergere e servire le uova senza rischiare di bruciarti le dita. <b>Cucina in sicurezza!<\/b><\/p>\n<h2><b>Adatto a tutte le uova per una versatilit\u00e0 totale in cucina<\/b><\/h2>\n<p>Il portauova Poachimix \u00e8 progettato per contenere uova di tutte le dimensioni e quindi \u00e8 ideale per preparare uova sode, alla coque o bollite. <b>Versatilit\u00e0 garantita!<\/b><\/p>\n<h3><b>Facile da usare per una cottura delle uova rapida e senza sforzo<\/b><\/h3>\n<p>Dimentica le pentole tradizionali e cuoci le uova in modo facile e veloce con questo innovativo supporto.<br \/>\nUn must per una cucina moderna e pratica. <b>Veloce ed efficiente!<\/b><\/p>\n<p>Se cercate altri <a href=\"https:\/\/accessormix.com\/it\/accessori-bimby\/\">accessori Bimby<\/a> da regalare o da ricevere in dono, consultate anche <a href=\"https:\/\/accessormix.com\/it\/pressimix-pressa-per-agrumi-per-bimby\/\">Pressimix<\/a>.<\/p>\n<p>&nbsp;<\/p>\n<h4 style=\"text-align: center;\"><b>Compatibile con i seguenti modelli Bimby<\/b><b>: TM5, TM6 e TM31<\/b><\/h4>\n<p style=\"text-align: center;\">\u2705<b> Con Accessormix, GARANTITO O RIMBORSATO, avete 14 giorni di tempo per restituirlo.<\/b><\/p>\n<\/div>\n<p>&nbsp;<\/p>\n","protected":false},"excerpt":{"rendered":"<p>Trasforma la tua esperienza di cucina con Poachimix, l&#8217;innovativo supporto per uova che ti permette di cucinare le uova alla perfezione nel tuo Bimby.<\/p>\n","protected":false},"featured_media":25525,"comment_status":"open","ping_status":"closed","template":"","meta":[],"product_brand":[],"product_cat":[242,244,243,245,246,248,251,247],"product_tag":[],"class_list":{"0":"post-25544","1":"product","2":"type-product","3":"status-publish","4":"has-post-thumbnail","6":"product_cat-accessori-bimby","7":"product_cat-accessori-bimby-friend","8":"product_cat-accessori-bimby-tm31","9":"product_cat-accessori-bimby-tm5","10":"product_cat-accessori-bimby-tm6","11":"product_cat-bimby-cottura-a-vapore","12":"product_cat-bimby-ogni-giorno-piu-facile","13":"product_cat-funzioni-aggiuntive-bimby","15":"first","16":"instock","17":"shipping-taxable","18":"purchasable","19":"product-type-simple"},"_links":{"self":[{"href":"https:\/\/accessormix.com\/it\/wp-json\/wp\/v2\/product\/25544","targetHints":{"allow":["GET"]}}],"collection":[{"href":"https:\/\/accessormix.com\/it\/wp-json\/wp\/v2\/product"}],"about":[{"href":"https:\/\/accessormix.com\/it\/wp-json\/wp\/v2\/types\/product"}],"replies":[{"embeddable":true,"href":"https:\/\/accessormix.com\/it\/wp-json\/wp\/v2\/comments?post=25544"}],"version-history":[{"count":0,"href":"https:\/\/accessormix.com\/it\/wp-json\/wp\/v2\/product\/25544\/revisions"}],"wp:featuredmedia":[{"embeddable":true,"href":"https:\/\/accessormix.com\/it\/wp-json\/wp\/v2\/media\/25525"}],"wp:attachment":[{"href":"https:\/\/accessormix.com\/it\/wp-json\/wp\/v2\/media?parent=25544"}],"wp:term":[{"taxonomy":"product_brand","embeddable":true,"href":"https:\/\/accessormix.com\/it\/wp-json\/wp\/v2\/product_brand?post=25544"},{"taxonomy":"product_cat","embeddable":true,"href":"https:\/\/accessormix.com\/it\/wp-json\/wp\/v2\/product_cat?post=25544"},{"taxonomy":"product_tag","embeddable":true,"href":"https:\/\/accessormix.com\/it\/wp-json\/wp\/v2\/product_tag?post=25544"}],"curies":[{"name":"wp","href":"https:\/\/api.w.org\/{rel}","templated":true}]}}