{"id":25601,"date":"2024-06-04T14:24:36","date_gmt":"2024-06-04T12:24:36","guid":{"rendered":"https:\/\/accessormix.com\/maximix-ingrandisci-il-tuo-thermomix-varoma\/"},"modified":"2025-01-23T23:21:41","modified_gmt":"2025-01-23T22:21:41","slug":"maximix-ingrandisci-il-tuo-bimby-varoma","status":"publish","type":"product","link":"https:\/\/accessormix.com\/it\/maximix-ingrandisci-il-tuo-bimby-varoma\/","title":{"rendered":"Maximix &#8211; Ingrandisci il tuo Bimby Varoma"},"content":{"rendered":"<h2>Ingranditore Varoma per Bimby<\/h2>\n<p>Massimizza la capacit\u00e0 di cottura del tuo Bimby con il nostro allargatore Varoma.<br \/>\nProgettato per aumentare lo spazio disponibile, ti permette di preparare pasti pi\u00f9 abbondanti per tutta la famiglia.<br \/>\nFacile da installare e da rimuovere, questo accessorio si inserisce perfettamente tra i vassoi Varoma, senza compromettere la cottura a vapore.<br \/>\nUna soluzione ideale per le grandi porzioni e le feste.<\/p>\n<h3>Essenziale per risparmiare spazio per i pasti pi\u00f9 abbondanti<\/h3>\n<p>Il nostro allargatore Varoma ottimizza il tuo Bimby, offrendo una capacit\u00e0 extra per cucinare quantit\u00e0 maggiori senza sacrificare la qualit\u00e0 della cottura.<br \/>\nCucina per tutta la famiglia con l&#8217;allargatore Varoma che raddoppia lo spazio del tuo Thermomix.<\/p>\n<ul>\n<li>Aumenta la capacit\u00e0 di cottura<\/li>\n<li>Facile e veloce da installare<\/li>\n<li>Compatibile con tutti i modelli Varoma<\/li>\n<li>Mantiene una cottura uniforme<\/li>\n<li>Ideale per grandi porzioni<\/li>\n<\/ul>\n<p>&nbsp;<\/p>\n<h2><b>Pi\u00f9 spazio per cucinare e preparare pasti completi in una sola volta<\/b><\/h2>\n<p>Sfrutta al massimo lo spazio di cottura del tuo Bimby con l&#8217;estensione Maximix Varoma.<br \/>\nGoditi lo spazio extra per cucinare pasti completi in una sola volta, ideale per le famiglie pi\u00f9 impegnate.<\/p>\n<h3><b>Posizionamento flessibile e versatile per soddisfare tutte le tue esigenze culinarie<\/b><\/h3>\n<p>Il Maximix offre un&#8217;eccezionale versatilit\u00e0 grazie alle tre diverse posizioni di posizionamento.<br \/>\nSia che tu stia cucinando grandi ingredienti interi o una variet\u00e0 di alimenti contemporaneamente, questo accessorio si adatta perfettamente alle tue esigenze culinarie.<\/p>\n<h3><b>Prepara i piatti della famiglia in una sola volta grazie al volume aumentato<\/b><\/h3>\n<p>Aumenta il volume del tuo Bimby Varoma e goditi piatti unici fino a 8 persone.<br \/>\nCon un&#8217;altezza di 6,2 cm, il Maximix ti permette di cucinare in modo generoso senza problemi di spazio.<\/p>\n<h2><b>Qualit\u00e0 tedesca per una durata eccezionale e la massima sicurezza<\/b><\/h2>\n<p>Realizzato in Germania con plastica sicura per gli alimenti, il Maximix garantisce un utilizzo sicuro e duraturo.<br \/>\nDisponibile nei colori grigio e verde, \u00e8 un accessorio di qualit\u00e0 per il tuo Bimby.<\/p>\n<h3><b>Facile da usare e da pulire per un uso quotidiano senza pensieri<\/b><\/h3>\n<p>Il Maximix Varoma Expander si integra perfettamente con i modelli Thermomix Bimby TM6, TM5 e TM31, garantendo una compatibilit\u00e0 ottimale.<br \/>\nInoltre, il suo design semplice lo rende facile da pulire dopo l&#8217;uso, per un&#8217;esperienza di cottura senza problemi.<\/p>\n<h3><b>Esplora nuove possibilit\u00e0 culinarie con un volume maggiore per pasti equilibrati<\/b><\/h3>\n<p>Offrendo pi\u00f9 spazio per una cucina sana ed efficiente, il Maximix espande i tuoi orizzonti culinari.<br \/>\nPrepara pasti abbondanti e variegati e goditi una cucina equilibrata senza limiti grazie a questo ingegnoso accessorio.<\/p>\n<p>Se cercate altri <a href=\"https:\/\/accessormix.com\/it\/accessori-bimby\/\">accessori Bimby<\/a> da regalare o da ricevere in dono, consultate anche <a href=\"https:\/\/accessormix.com\/it\/minimix-riduttore-di-ciotola-per-bimby\/\">Minimix<\/a>.<\/p>\n<p>&nbsp;<\/p>\n<h4 style=\"text-align: center;\"><b>Compatibile con i seguenti modelli Bimby<\/b><b>: TM5, TM6 e TM31<\/b><\/h4>\n<p style=\"text-align: center;\">\u2705<b> Con Accessormix, GARANTITO O RIMBORSATO, hai 14 giorni per cambiare idea.<\/b><\/p>\n","protected":false},"excerpt":{"rendered":"<p>Dai alla tua cucina una dimensione superiore con Maximix, l&#8217;accessorio che decuplica lo spazio del tuo Bimby Varoma per pasti illimitati in famiglia!<\/p>\n","protected":false},"featured_media":25572,"comment_status":"open","ping_status":"closed","template":"","meta":[],"product_brand":[],"product_cat":[242,244,243,245,246,248,251,247],"product_tag":[],"class_list":{"0":"post-25601","1":"product","2":"type-product","3":"status-publish","4":"has-post-thumbnail","6":"product_cat-accessori-bimby","7":"product_cat-accessori-bimby-friend","8":"product_cat-accessori-bimby-tm31","9":"product_cat-accessori-bimby-tm5","10":"product_cat-accessori-bimby-tm6","11":"product_cat-bimby-cottura-a-vapore","12":"product_cat-bimby-ogni-giorno-piu-facile","13":"product_cat-funzioni-aggiuntive-bimby","15":"first","16":"instock","17":"featured","18":"shipping-taxable","19":"purchasable","20":"product-type-simple"},"_links":{"self":[{"href":"https:\/\/accessormix.com\/it\/wp-json\/wp\/v2\/product\/25601","targetHints":{"allow":["GET"]}}],"collection":[{"href":"https:\/\/accessormix.com\/it\/wp-json\/wp\/v2\/product"}],"about":[{"href":"https:\/\/accessormix.com\/it\/wp-json\/wp\/v2\/types\/product"}],"replies":[{"embeddable":true,"href":"https:\/\/accessormix.com\/it\/wp-json\/wp\/v2\/comments?post=25601"}],"version-history":[{"count":0,"href":"https:\/\/accessormix.com\/it\/wp-json\/wp\/v2\/product\/25601\/revisions"}],"wp:featuredmedia":[{"embeddable":true,"href":"https:\/\/accessormix.com\/it\/wp-json\/wp\/v2\/media\/25572"}],"wp:attachment":[{"href":"https:\/\/accessormix.com\/it\/wp-json\/wp\/v2\/media?parent=25601"}],"wp:term":[{"taxonomy":"product_brand","embeddable":true,"href":"https:\/\/accessormix.com\/it\/wp-json\/wp\/v2\/product_brand?post=25601"},{"taxonomy":"product_cat","embeddable":true,"href":"https:\/\/accessormix.com\/it\/wp-json\/wp\/v2\/product_cat?post=25601"},{"taxonomy":"product_tag","embeddable":true,"href":"https:\/\/accessormix.com\/it\/wp-json\/wp\/v2\/product_tag?post=25601"}],"curies":[{"name":"wp","href":"https:\/\/api.w.org\/{rel}","templated":true}]}}